{"id":5246,"date":"2019-03-28T13:11:19","date_gmt":"2019-03-28T16:11:19","guid":{"rendered":"http:\/\/holdinginvestimentos.com\/?page_id=5246"},"modified":"2019-11-10T13:40:53","modified_gmt":"2019-11-10T15:40:53","slug":"industria-turismo","status":"publish","type":"page","link":"https:\/\/holdinginvestimentos.com\/en\/industria-turismo\/","title":{"rendered":"INDUSTRIA &#038; TURISMO"},"content":{"rendered":"<p>[vc_row][vc_column][vc_empty_space height=&#8221;40px&#8221;][vc_column_text]<\/p>\n<h2 style=\"text-align: center;\"><strong>Holding Investimentos<\/strong> tiene varios acuerdos de cooperaci\u00f3n con asociaciones de Industria, Comercio y Turismo espa\u00f1ol muy interesados en implantar-se en Brasil.<\/h2>\n<p>[\/vc_column_text][vc_empty_space height=&#8221;40px&#8221;][vc_video link=&#8221;&#8221; align=&#8221;center&#8221;][vc_column_text]<img fetchpriority=\"high\" decoding=\"async\" class=\"alignnone wp-image-5165 size-medium\" src=\"http:\/\/holdinginvestimentos.com\/wp-content\/uploads\/2019\/03\/ambiente7-300x169.jpg\" alt=\"\" width=\"300\" height=\"169\" srcset=\"https:\/\/holdinginvestimentos.com\/wp-content\/uploads\/2019\/03\/ambiente7-300x169.jpg 300w, https:\/\/holdinginvestimentos.com\/wp-content\/uploads\/2019\/03\/ambiente7-150x84.jpg 150w, https:\/\/holdinginvestimentos.com\/wp-content\/uploads\/2019\/03\/ambiente7-350x197.jpg 350w, https:\/\/holdinginvestimentos.com\/wp-content\/uploads\/2019\/03\/ambiente7.jpg 720w\" sizes=\"(max-width: 300px) 100vw, 300px\" \/><\/p>\n<p>Utilizamos la inteligencia del mercado y aconsejamos a nuestros clientes en invertir sobre las necesidades de m\u00e1s prioridad del pa\u00eds como: <b>infraestructuras<\/b><b>, <\/b><b>agronegocio, turismo y energ\u00edas renovables <\/b>(energ\u00eda solar, e\u00f3lica, hidroel\u00e9ctrica, geot\u00e9rmica, biomasa y biog\u00e1s, mareomotriz, olamotriz, biodi\u00e9sel y bioetanol).<\/p>\n<p>.[\/vc_column_text][vc_empty_space height=&#8221;80px&#8221;][\/vc_column][\/vc_row][vc_row full_width=&#8221;stretch_row&#8221; css=&#8221;.vc_custom_1552788112692{background-color: #404297 !important;}&#8221;][vc_column][vc_empty_space height=&#8221;40px&#8221;][vc_column_text]<\/p>\n<p><img decoding=\"async\" class=\"wp-image-5094 size-medium alignleft\" src=\"http:\/\/holdinginvestimentos.com\/wp-content\/uploads\/2019\/03\/Business-3-300x205.png\" alt=\"\" width=\"300\" height=\"205\" srcset=\"https:\/\/holdinginvestimentos.com\/wp-content\/uploads\/2019\/03\/Business-3-300x205.png 300w, https:\/\/holdinginvestimentos.com\/wp-content\/uploads\/2019\/03\/Business-3-150x102.png 150w, https:\/\/holdinginvestimentos.com\/wp-content\/uploads\/2019\/03\/Business-3.png 500w, https:\/\/holdinginvestimentos.com\/wp-content\/uploads\/2019\/03\/Business-3-350x239.png 350w\" sizes=\"(max-width: 300px) 100vw, 300px\" \/><\/p>\n<p><span style=\"color: #ffffff;\">Brasil posee un extraordinario potencial para el Turismo, siendo uno de los sectores que m\u00e1s crece en renta y creaci\u00f3n de empleo, moviendo directa e indirectamente a muchos sectores de la econom\u00eda.<\/span><\/p>\n<p><span style=\"color: #ffffff;\">.<\/span>[\/vc_column_text][vc_empty_space height=&#8221;40px&#8221;][vc_row_inner][vc_column_inner][vc_column_text][\/vc_column_text][\/vc_column_inner][\/vc_row_inner][vc_empty_space height=&#8221;20px&#8221;][\/vc_column][\/vc_row][vc_row full_width=&#8221;stretch_row&#8221; css=&#8221;.vc_custom_1496957782049{background-image: url(http:\/\/holdinginvestimentos.com\/investimentos-imobiliarios\/wp-content\/uploads\/2016\/03\/section_site_holding_investimentos.jpg?id=3215) !important;}&#8221;][vc_column][vc_empty_space height=&#8221;40px&#8221;][vc_row_inner][vc_column_inner][vc_column_text]<img decoding=\"async\" class=\"size-full wp-image-5091 alignright\" src=\"http:\/\/holdinginvestimentos.com\/wp-content\/uploads\/2019\/03\/images-22.jpg\" alt=\"\" width=\"266\" height=\"190\" srcset=\"https:\/\/holdinginvestimentos.com\/wp-content\/uploads\/2019\/03\/images-22.jpg 266w, https:\/\/holdinginvestimentos.com\/wp-content\/uploads\/2019\/03\/images-22-150x107.jpg 150w\" sizes=\"(max-width: 266px) 100vw, 266px\" \/><\/p>\n<p>Es importante invitar cada vez m\u00e1s a congresos y ferias internacionales para venir a Brasil, atrayendo gran cantidad de p\u00fablico, expositores y futuros negocios, como por ejemplo FITUR (Feria Internacional del Turismo), MWC (Mobile Word Congress), etc.[\/vc_column_text][\/vc_column_inner][\/vc_row_inner][vc_empty_space height=&#8221;40px&#8221;][\/vc_column][\/vc_row][vc_row full_width=&#8221;stretch_row&#8221; css=&#8221;.vc_custom_1552789282634{background-color: #fe9d0b !important;}&#8221;][vc_column][vc_empty_space height=&#8221;40px&#8221;][vc_column_text]<strong><img loading=\"lazy\" decoding=\"async\" class=\"alignnone wp-image-5089 size-medium\" src=\"http:\/\/holdinginvestimentos.com\/wp-content\/uploads\/2019\/03\/Rio-de-Janeiro-3-300x199.jpg\" alt=\"\" width=\"300\" height=\"199\" srcset=\"https:\/\/holdinginvestimentos.com\/wp-content\/uploads\/2019\/03\/Rio-de-Janeiro-3-300x199.jpg 300w, https:\/\/holdinginvestimentos.com\/wp-content\/uploads\/2019\/03\/Rio-de-Janeiro-3-768x510.jpg 768w, https:\/\/holdinginvestimentos.com\/wp-content\/uploads\/2019\/03\/Rio-de-Janeiro-3-1024x680.jpg 1024w, https:\/\/holdinginvestimentos.com\/wp-content\/uploads\/2019\/03\/Rio-de-Janeiro-3-150x100.jpg 150w, https:\/\/holdinginvestimentos.com\/wp-content\/uploads\/2019\/03\/Rio-de-Janeiro-3-350x232.jpg 350w, https:\/\/holdinginvestimentos.com\/wp-content\/uploads\/2019\/03\/Rio-de-Janeiro-3.jpg 1920w\" sizes=\"(max-width: 300px) 100vw, 300px\" \/><\/strong><\/p>\n<p><b>Nuestro ideal es ser el principal facilitador de negocios, basado en nuestros valores fundamentales de integridad y excelencia<\/b>.<\/p>\n<p>[\/vc_column_text][vc_empty_space height=&#8221;40px&#8221;][\/vc_column][\/vc_row][vc_row full_width=&#8221;stretch_row&#8221; css=&#8221;.vc_custom_1496957782049{background-image: url(http:\/\/holdinginvestimentos.com\/investimentos-imobiliarios\/wp-content\/uploads\/2016\/03\/section_site_holding_investimentos.jpg?id=3215) !important;}&#8221;][vc_column][vc_empty_space height=&#8221;40px&#8221;][vc_column_text][\/vc_column_text][vc_column_text]<\/p>\n<h3><\/h3>\n<h4><\/h4>\n<p>[\/vc_column_text][vc_empty_space height=&#8221;40px&#8221;][\/vc_column][\/vc_row][vc_row full_width=&#8221;stretch_row&#8221; content_placement=&#8221;middle&#8221; parallax=&#8221;content-moving&#8221; parallax_image=&#8221;3267&#8243; css=&#8221;.vc_custom_1497035495065{padding-top: 40px !important;}&#8221;][vc_column][vc_empty_space height=&#8221;50px&#8221;][vc_column_text]<\/p>\n<h3 style=\"font-size: 36px; text-align: center;\"><span style=\"color: #4d4d4c;\">FEED DE NOT\u00cdCIAS<\/span><\/h3>\n<p>[\/vc_column_text][vc_empty_space height=&#8221;50px&#8221;][vc_row_inner][vc_column_inner width=&#8221;1\/3&#8243;][vc_column_text]<\/p>\n<h3 style=\"font-size: 26px;\"><span style=\"color: #4d4d4c;\">NOT\u00cdCIAS DE \u00daLTIMA HORA<\/span><\/h3>\n<p>[\/vc_column_text][vc_column_text css_animation=&#8221;none&#8221;]<\/p>\n<div><iframe src=\"https:\/\/feed.mikle.com\/widget\/v2\/32173\" width=\"300\" height=\"620\"><\/iframe><\/div>\n<p>[\/vc_column_text][vc_empty_space height=&#8221;60px&#8221;][\/vc_column_inner][vc_column_inner width=&#8221;1\/3&#8243;][vc_column_text]<\/p>\n<h3 style=\"font-size: 26px;\"><span style=\"color: #4d4d4c;\">NOT\u00cdCIAS INTERNACIONAIS<\/span><\/h3>\n<p>[\/vc_column_text][vc_column_text css_animation=&#8221;bottom-to-top&#8221;]<\/p>\n<div><iframe style=\"background-color: #ffffff;\" src=\"https:\/\/feed.mikle.com\/widget\/v2\/22467\" width=\"300\" height=\"620\"><\/iframe><\/div>\n<p>[\/vc_column_text][vc_empty_space height=&#8221;60px&#8221;][\/vc_column_inner][vc_column_inner width=&#8221;1\/3&#8243;][vc_column_text]<a href=\"http:\/\/holdingsa.com\/\" target=\"_blank\" rel=\"noopener noreferrer\"><img decoding=\"async\" class=\"aligncenter size-full wp-image-3253\" src=\"http:\/\/holdinginvestimentos.com\/wp-content\/uploads\/2017\/06\/logo_holding-sports.png\" alt=\"\" width=\"250\" srcset=\"https:\/\/holdinginvestimentos.com\/wp-content\/uploads\/2017\/06\/logo_holding-sports.png 300w, https:\/\/holdinginvestimentos.com\/wp-content\/uploads\/2017\/06\/logo_holding-sports-150x118.png 150w\" sizes=\"(max-width: 300px) 100vw, 300px\" \/><\/a>[\/vc_column_text][vc_column_text css_animation=&#8221;none&#8221;]<\/p>\n<div><iframe style=\"background-color: #ffffff;\" src=\"https:\/\/feed.mikle.com\/widget\/v2\/22283\/\" width=\"300\" height=\"440\"><\/iframe><\/div>\n<p>[\/vc_column_text][vc_empty_space height=&#8221;60px&#8221;][\/vc_column_inner][\/vc_row_inner][\/vc_column][\/vc_row]<\/p>\n","protected":false},"excerpt":{"rendered":"<p>[vc_row][vc_column][vc_empty_space height=&#8221;40px&#8221;][vc_column_text] Holding Investimentos tiene varios acuerdos de cooperaci\u00f3n con asociaciones de Industria, Comercio y Turismo espa\u00f1ol muy interesados en implantar-se en Brasil. [\/vc_column_text][vc_empty_space height=&#8221;40px&#8221;][vc_video link=&#8221;&#8221; align=&#8221;center&#8221;][vc_column_text] Utilizamos la inteligencia del mercado y aconsejamos a nuestros clientes en invertir sobre las necesidades de m\u00e1s prioridad del pa\u00eds como: infraestructuras, agronegocio, turismo y energ\u00edas renovables (energ\u00eda [&hellip;]<\/p>\n","protected":false},"author":1,"featured_media":0,"parent":0,"menu_order":0,"comment_status":"closed","ping_status":"closed","template":"template\/template-homepage.php","meta":{"footnotes":""},"class_list":["post-5246","page","type-page","status-publish","hentry"],"_links":{"self":[{"href":"https:\/\/holdinginvestimentos.com\/en\/wp-json\/wp\/v2\/pages\/5246\/"}],"collection":[{"href":"https:\/\/holdinginvestimentos.com\/en\/wp-json\/wp\/v2\/pages\/"}],"about":[{"href":"https:\/\/holdinginvestimentos.com\/en\/wp-json\/wp\/v2\/types\/page\/"}],"author":[{"embeddable":true,"href":"https:\/\/holdinginvestimentos.com\/en\/wp-json\/wp\/v2\/users\/1\/"}],"replies":[{"embeddable":true,"href":"https:\/\/holdinginvestimentos.com\/en\/wp-json\/wp\/v2\/comments\/?post=5246"}],"version-history":[{"count":4,"href":"https:\/\/holdinginvestimentos.com\/en\/wp-json\/wp\/v2\/pages\/5246\/revisions\/"}],"predecessor-version":[{"id":5947,"href":"https:\/\/holdinginvestimentos.com\/en\/wp-json\/wp\/v2\/pages\/5246\/revisions\/5947\/"}],"wp:attachment":[{"href":"https:\/\/holdinginvestimentos.com\/en\/wp-json\/wp\/v2\/media\/?parent=5246"}],"curies":[{"name":"wp","href":"https:\/\/api.w.org\/{rel}","templated":true}]}}