{"id":5330,"date":"2019-04-04T21:03:55","date_gmt":"2019-04-05T00:03:55","guid":{"rendered":"http:\/\/holdinginvestimentos.com\/?page_id=5330"},"modified":"2019-11-10T13:36:25","modified_gmt":"2019-11-10T15:36:25","slug":"holding-ecology","status":"publish","type":"page","link":"https:\/\/holdinginvestimentos.com\/en\/holding-ecology\/","title":{"rendered":"HOLDING ECOLOGY"},"content":{"rendered":"<p>[vc_row][vc_column][vc_empty_space height=&#8221;80px&#8221;][vc_column_text]<\/p>\n<h1 style=\"text-align: center; font-size: 40px;\"><b>CONSULTOR\u00cdA <\/b><b>INTERNACIONAL Hispano-<\/b><b>Brasile\u00f1a<\/b><\/h1>\n<p>[\/vc_column_text][vc_empty_space height=&#8221;30px&#8221;][vc_video link=&#8221;&#8221; align=&#8221;center&#8221;][vc_column_text]El <strong>Grupo Holding S. S. Asesor\u00eda<\/strong>, es una Consultor\u00eda Internacional, siendo una marca consolidada en Brasil y Espa\u00f1a, con m\u00e1s de 33 a\u00f1os de experiencia, destinada a ayudar a las compa\u00f1\u00edas espa\u00f1olas y brasile\u00f1as que quieren expandir y establecerse en los diferentes mercados.<\/p>\n<p><strong>Holding Investimentos<\/strong> es una de las principales empresas del <strong>Grupo Holding<\/strong>, donde asesora diferentes sectores, de empresas e instituciones p\u00fablicas o privadas, especializada en <strong>implantaci\u00f3n y desarrollo de negocios<\/strong> para el mercado Hispano-Brasile\u00f1o.[\/vc_column_text][vc_single_image image=&#8221;5056&#8243; img_size=&#8221;full&#8221; alignment=&#8221;center&#8221;][vc_empty_space height=&#8221;80px&#8221;][\/vc_column][\/vc_row][vc_row full_width=&#8221;stretch_row&#8221; css=&#8221;.vc_custom_1552765300046{background-color: #404297 !important;}&#8221;][vc_column][vc_empty_space height=&#8221;1px&#8221;][vc_column_text][\/vc_column_text][vc_empty_space height=&#8221;5px&#8221;][vc_empty_space height=&#8221;50px&#8221;][vc_row_inner][vc_column_inner width=&#8221;1\/2&#8243;][vc_column_text]<\/p>\n<p style=\"text-align: left;\"><span style=\"color: #ffffff;\">Cada vez m\u00e1s las asociaciones y colectivos de empresarios nos consultan sobre Brasil, que es sin duda uno de los mercados m\u00e1s rentables y prometedores en el actual contexto econ\u00f3mico mundial.<\/span><\/p>\n<p>[\/vc_column_text][\/vc_column_inner][vc_column_inner width=&#8221;1\/2&#8243;][vc_column_text]<\/p>\n<p style=\"text-align: left;\"><span style=\"color: #ffffff;\">\u00a0De acuerdo con datos oficiales, Espa\u00f1a es uno de los mayores inversores en Brasil. Siendo el mercado m\u00e1s atractivo de Am\u00e9rica Latina, Brasil atrae a miles de empresas extranjeras que aprovechan las enormes potencialidades de desarrollo que brinda el pa\u00eds.<\/span><\/p>\n<p>[\/vc_column_text][\/vc_column_inner][\/vc_row_inner][vc_empty_space height=&#8221;40px&#8221;][vc_row_inner css=&#8221;.vc_custom_1552769724797{background-color: #404297 !important;}&#8221;][vc_column_inner width=&#8221;1\/2&#8243;][vc_column_text]<span style=\"color: #ffffff;\">Ofrecemos a todos nuestros clientes y representados un eficaz y r\u00e1pido servicio de informaci\u00f3n y asesoramiento, tenemos un conocimiento profundo in-situ del pa\u00eds y contamos con una consolidada red de especialistas en cada sector (Gubernamental, Jur\u00eddico, Fiscal, Arancelario, Laboral, etc).<\/span><\/p>\n<p><span style=\"color: #ffffff;\">Atendemos todas las particularidades de nuestros clientes, siempre basado en la profesionalidad y la mutua confianza.<\/span>[\/vc_column_text][\/vc_column_inner][vc_column_inner width=&#8221;1\/2&#8243;][vc_single_image image=&#8221;5058&#8243; img_size=&#8221;full&#8221; alignment=&#8221;center&#8221;][\/vc_column_inner][\/vc_row_inner][vc_empty_space height=&#8221;30px&#8221;][vc_column_text]<\/p>\n<h3 style=\"text-align: center; font-size: 40px;\"><span style=\"color: #fff;\">LA M\u00c1S COMPLETA INFORMACI\u00d3N EN SUS MANOS.<\/span><\/h3>\n<p>[\/vc_column_text][vc_empty_space height=&#8221;80px&#8221;][\/vc_column][\/vc_row][vc_row full_width=&#8221;stretch_row&#8221; css=&#8221;.vc_custom_1496957782049{background-image: url(http:\/\/holdinginvestimentos.com\/investimentos-imobiliarios\/wp-content\/uploads\/2016\/03\/section_site_holding_investimentos.jpg?id=3215) !important;}&#8221;][vc_column][vc_empty_space height=&#8221;80px&#8221;][vc_row_inner][vc_column_inner width=&#8221;1\/2&#8243;][vc_column_text]<img fetchpriority=\"high\" decoding=\"async\" class=\"alignnone wp-image-5060 size-medium\" src=\"http:\/\/holdinginvestimentos.com\/wp-content\/uploads\/2019\/03\/tecnologia-digital-300x220.jpg\" alt=\"\" width=\"300\" height=\"220\" srcset=\"https:\/\/holdinginvestimentos.com\/wp-content\/uploads\/2019\/03\/tecnologia-digital-300x220.jpg 300w, https:\/\/holdinginvestimentos.com\/wp-content\/uploads\/2019\/03\/tecnologia-digital-150x110.jpg 150w, https:\/\/holdinginvestimentos.com\/wp-content\/uploads\/2019\/03\/tecnologia-digital-380x280.jpg 380w, https:\/\/holdinginvestimentos.com\/wp-content\/uploads\/2019\/03\/tecnologia-digital-350x257.jpg 350w, https:\/\/holdinginvestimentos.com\/wp-content\/uploads\/2019\/03\/tecnologia-digital.jpg 700w\" sizes=\"(max-width: 300px) 100vw, 300px\" \/>[\/vc_column_text][\/vc_column_inner][vc_column_inner width=&#8221;1\/2&#8243;][vc_column_text]<\/p>\n<p>El <b>Grupo<\/b> <b>Holding<\/b> colabora y presta asesor\u00eda en la mayor\u00eda de los sectores productivos como: infraestructuras, industrias, agronegocio, construcci\u00f3n, energ\u00edas renovables, bancario, turismo, sector hospitalario, cultural y deportivo, eventos de gran afluencia de p\u00fablico, sectores del transporte y log\u00edstica, administraci\u00f3n privada y p\u00fablica, sistemas de defensa militar, etc.<\/p>\n<p><strong><br \/>\n<\/strong>Ofrecemos una experiencia global con conocimientos locales y personales. Nuestros clientes conf\u00edan en el <b>Grupo Holding <\/b>como su asesor competente, leal y confiable.[\/vc_column_text][\/vc_column_inner][\/vc_row_inner][vc_empty_space height=&#8221;50px&#8221;][\/vc_column][\/vc_row][vc_row full_width=&#8221;stretch_row&#8221; css=&#8221;.vc_custom_1552844762750{background: #dd9933 url(http:\/\/holdinginvestimentos.com\/investimentos-imobiliarios\/wp-content\/uploads\/2016\/03\/section_site_holding_investimentos.jpg?id=3215) !important;}&#8221;][vc_column css=&#8221;.vc_custom_1552844907683{background-color: #dd9933 !important;}&#8221;][vc_empty_space height=&#8221;40px&#8221;][vc_column_text]<\/p>\n<h2><b>Asesoramiento\u00a0<\/b><b>Jur\u00eddico y Financiero<\/b><\/h2>\n<p><img decoding=\"async\" class=\"size-medium wp-image-5138 alignleft\" src=\"http:\/\/holdinginvestimentos.com\/wp-content\/uploads\/2019\/03\/Justi\u00e7a-fundo-transparente-150x300.png\" alt=\"\" width=\"150\" height=\"300\" srcset=\"https:\/\/holdinginvestimentos.com\/wp-content\/uploads\/2019\/03\/Justi\u00e7a-fundo-transparente-150x300.png 150w, https:\/\/holdinginvestimentos.com\/wp-content\/uploads\/2019\/03\/Justi\u00e7a-fundo-transparente-75x150.png 75w, https:\/\/holdinginvestimentos.com\/wp-content\/uploads\/2019\/03\/Justi\u00e7a-fundo-transparente.png 325w\" sizes=\"(max-width: 150px) 100vw, 150px\" \/><\/p>\n<p>Trabajamos con los mejores y m\u00e1s renombrados juristas y economistas del mercado para defender tus intereses en todo lo necesario.<\/p>\n<p>Nuestros servicios incluyen todo tipo de asesoramiento legal y financiero vinculado a las empresas, sea cual sea el tama\u00f1o de estas, y en todos sus \u00e1mbitos de actuaci\u00f3n, desde la creaci\u00f3n de \u00e9stas o su adquisici\u00f3n, durante la vida y desarrollo as\u00ed como en los procesos de venta o extinci\u00f3n.[\/vc_column_text][\/vc_column][\/vc_row][vc_row full_width=&#8221;stretch_row&#8221; css=&#8221;.vc_custom_1552845594582{background-image: url(http:\/\/holdinginvestimentos.com\/investimentos-imobiliarios\/wp-content\/uploads\/2016\/03\/section_site_holding_investimentos.jpg?id=3215) !important;}&#8221;][vc_column css=&#8221;.vc_custom_1552845608487{background-color: #ffffff !important;}&#8221;][vc_empty_space height=&#8221;5px&#8221;][vc_column_text]<img decoding=\"async\" class=\"size-full wp-image-5141 alignright\" src=\"http:\/\/holdinginvestimentos.com\/wp-content\/uploads\/2019\/03\/Imagem1.jpg\" alt=\"\" width=\"298\" height=\"178\" srcset=\"https:\/\/holdinginvestimentos.com\/wp-content\/uploads\/2019\/03\/Imagem1.jpg 298w, https:\/\/holdinginvestimentos.com\/wp-content\/uploads\/2019\/03\/Imagem1-150x90.jpg 150w\" sizes=\"(max-width: 298px) 100vw, 298px\" \/><\/p>\n<p>Transparencia y responsabilidad: dos palabras que definen la filosof\u00eda del <b>Grupo <\/b><b>Holding<\/b>, y principalmente en las \u00e1reas de gesti\u00f3n jur\u00eddica y asesor\u00eda financiera.[\/vc_column_text][vc_empty_space height=&#8221;40px&#8221;][vc_column_text]<\/p>\n<h3><\/h3>\n<h4><\/h4>\n<p>[\/vc_column_text][vc_empty_space height=&#8221;40px&#8221;][\/vc_column][\/vc_row][vc_row full_width=&#8221;stretch_row&#8221; content_placement=&#8221;middle&#8221; parallax=&#8221;content-moving&#8221; parallax_image=&#8221;3267&#8243; css=&#8221;.vc_custom_1497035495065{padding-top: 40px !important;}&#8221;][vc_column][vc_empty_space height=&#8221;50px&#8221;][vc_column_text]<\/p>\n<h3 style=\"font-size: 36px; text-align: center;\"><span style=\"color: #4d4d4c;\">FEED DE NOT\u00cdCIAS<\/span><\/h3>\n<p>[\/vc_column_text][vc_empty_space height=&#8221;50px&#8221;][vc_row_inner][vc_column_inner width=&#8221;1\/3&#8243;][vc_column_text]<\/p>\n<h3 style=\"font-size: 26px;\"><span style=\"color: #4d4d4c;\">NOT\u00cdCIAS DE \u00daLTIMA HORA<\/span><\/h3>\n<p>[\/vc_column_text][vc_column_text css_animation=&#8221;none&#8221;]<\/p>\n<div><iframe src=\"https:\/\/feed.mikle.com\/widget\/v2\/32173\" width=\"300\" height=\"620\"><\/iframe><\/div>\n<p>[\/vc_column_text][vc_empty_space height=&#8221;60px&#8221;][\/vc_column_inner][vc_column_inner width=&#8221;1\/3&#8243;][vc_column_text]<\/p>\n<h3 style=\"font-size: 26px;\"><span style=\"color: #4d4d4c;\">NOT\u00cdCIAS INTERNACIONAIS<\/span><\/h3>\n<p>[\/vc_column_text][vc_column_text css_animation=&#8221;bottom-to-top&#8221;]<\/p>\n<div><iframe style=\"background-color: #ffffff;\" src=\"https:\/\/feed.mikle.com\/widget\/v2\/22467\" width=\"300\" height=\"620\"><\/iframe><\/div>\n<p>[\/vc_column_text][vc_empty_space height=&#8221;60px&#8221;][\/vc_column_inner][vc_column_inner width=&#8221;1\/3&#8243;][vc_column_text]<a href=\"http:\/\/holdingsa.com\/\" target=\"_blank\" rel=\"noopener noreferrer\"><img decoding=\"async\" class=\"aligncenter size-full wp-image-3253\" src=\"http:\/\/holdinginvestimentos.com\/wp-content\/uploads\/2017\/06\/logo_holding-sports.png\" alt=\"\" width=\"250\" srcset=\"https:\/\/holdinginvestimentos.com\/wp-content\/uploads\/2017\/06\/logo_holding-sports.png 300w, https:\/\/holdinginvestimentos.com\/wp-content\/uploads\/2017\/06\/logo_holding-sports-150x118.png 150w\" sizes=\"(max-width: 300px) 100vw, 300px\" \/><\/a>[\/vc_column_text][vc_column_text css_animation=&#8221;none&#8221;]<\/p>\n<div><iframe style=\"background-color: #ffffff;\" src=\"https:\/\/feed.mikle.com\/widget\/v2\/22283\/\" width=\"300\" height=\"440\"><\/iframe><\/div>\n<p>[\/vc_column_text][vc_empty_space height=&#8221;60px&#8221;][\/vc_column_inner][\/vc_row_inner][\/vc_column][\/vc_row]<\/p>\n","protected":false},"excerpt":{"rendered":"<p>[vc_row][vc_column][vc_empty_space height=&#8221;80px&#8221;][vc_column_text] CONSULTOR\u00cdA INTERNACIONAL Hispano-Brasile\u00f1a [\/vc_column_text][vc_empty_space height=&#8221;30px&#8221;][vc_video link=&#8221;&#8221; align=&#8221;center&#8221;][vc_column_text]El Grupo Holding S. S. Asesor\u00eda, es una Consultor\u00eda Internacional, siendo una marca consolidada en Brasil y Espa\u00f1a, con m\u00e1s de 33 a\u00f1os de experiencia, destinada a ayudar a las compa\u00f1\u00edas espa\u00f1olas y brasile\u00f1as que quieren expandir y establecerse en los diferentes mercados. Holding Investimentos es una [&hellip;]<\/p>\n","protected":false},"author":2,"featured_media":0,"parent":0,"menu_order":0,"comment_status":"closed","ping_status":"closed","template":"template\/template-homepage.php","meta":{"footnotes":""},"class_list":["post-5330","page","type-page","status-publish","hentry"],"_links":{"self":[{"href":"https:\/\/holdinginvestimentos.com\/en\/wp-json\/wp\/v2\/pages\/5330\/"}],"collection":[{"href":"https:\/\/holdinginvestimentos.com\/en\/wp-json\/wp\/v2\/pages\/"}],"about":[{"href":"https:\/\/holdinginvestimentos.com\/en\/wp-json\/wp\/v2\/types\/page\/"}],"author":[{"embeddable":true,"href":"https:\/\/holdinginvestimentos.com\/en\/wp-json\/wp\/v2\/users\/2\/"}],"replies":[{"embeddable":true,"href":"https:\/\/holdinginvestimentos.com\/en\/wp-json\/wp\/v2\/comments\/?post=5330"}],"version-history":[{"count":3,"href":"https:\/\/holdinginvestimentos.com\/en\/wp-json\/wp\/v2\/pages\/5330\/revisions\/"}],"predecessor-version":[{"id":5931,"href":"https:\/\/holdinginvestimentos.com\/en\/wp-json\/wp\/v2\/pages\/5330\/revisions\/5931\/"}],"wp:attachment":[{"href":"https:\/\/holdinginvestimentos.com\/en\/wp-json\/wp\/v2\/media\/?parent=5330"}],"curies":[{"name":"wp","href":"https:\/\/api.w.org\/{rel}","templated":true}]}}