{"id":7853,"date":"2020-10-25T19:22:41","date_gmt":"2020-10-25T21:22:41","guid":{"rendered":"http:\/\/holdinginvestimentos.com\/?page_id=7853"},"modified":"2020-10-26T14:49:09","modified_gmt":"2020-10-26T16:49:09","slug":"wines-en","status":"publish","type":"page","link":"https:\/\/holdinginvestimentos.com\/en\/wines-en\/","title":{"rendered":"WINES En"},"content":{"rendered":"<p>[vc_row full_width=&#8221;stretch_row&#8221; css=&#8221;.vc_custom_1602949178949{background-color: #ffffff !important;}&#8221;][vc_column width=&#8221;1\/3&#8243;][vc_column_text]<\/p>\n<p style=\"text-align: center;\"><img fetchpriority=\"high\" decoding=\"async\" class=\"aligncenter wp-image-7485\" src=\"http:\/\/holdinginvestimentos.com\/wp-content\/uploads\/2020\/10\/Holding-Gran-Selecci\u00f3n.png\" alt=\"\" width=\"420\" height=\"338\" srcset=\"https:\/\/holdinginvestimentos.com\/wp-content\/uploads\/2020\/10\/Holding-Gran-Selecci\u00f3n.png 633w, https:\/\/holdinginvestimentos.com\/wp-content\/uploads\/2020\/10\/Holding-Gran-Selecci\u00f3n-300x242.png 300w, https:\/\/holdinginvestimentos.com\/wp-content\/uploads\/2020\/10\/Holding-Gran-Selecci\u00f3n-150x121.png 150w, https:\/\/holdinginvestimentos.com\/wp-content\/uploads\/2020\/10\/Holding-Gran-Selecci\u00f3n-350x282.png 350w\" sizes=\"(max-width: 420px) 100vw, 420px\" \/><\/p>\n<p>[\/vc_column_text][\/vc_column][vc_column width=&#8221;2\/3&#8243;][vc_empty_space height=&#8221;70px&#8221;][vc_column_text]<\/p>\n<h3>Spain is a benchmark in wines, its quality and diversity have given it a great international reputation. In Spanish wineries we can find many types of wines.<\/h3>\n<h3><\/h3>\n<h3>At present in Spain more than 950,000 hectares are dedicated to the cultivation of grapes, a very meticulous work.<\/h3>\n<p>[\/vc_column_text][vc_empty_space height=&#8221;20px&#8221;][\/vc_column][\/vc_row][vc_row full_width=&#8221;stretch_row&#8221; css=&#8221;.vc_custom_1602980531792{background-image: url(http:\/\/holdinginvestimentos.com\/wp-content\/uploads\/2020\/10\/Vino-Tinto-y-Blanco.jpg?id=7668) !important;background-position: center !important;background-repeat: no-repeat !important;background-size: cover !important;}&#8221;][vc_column][vc_empty_space height=&#8221;500px&#8221;][vc_column_text][\/vc_column_text][vc_empty_space height=&#8221;100px&#8221;][\/vc_column][\/vc_row][vc_row full_width=&#8221;stretch_row&#8221; css=&#8221;.vc_custom_1602952967825{background-color: #ffffff !important;}&#8221;][vc_column][vc_empty_space height=&#8221;40px&#8221;][vc_column_text]<\/p>\n<h1 style=\"text-align: center;\"><strong>WHAT TYPES OF SPANISH WINES ARE THERE??<\/strong><\/h1>\n<p>&nbsp;<\/p>\n<p><img decoding=\"async\" class=\"alignright wp-image-7671\" src=\"http:\/\/holdinginvestimentos.com\/wp-content\/uploads\/2020\/10\/katamaniacos_vincupd-removebg-preview.png\" alt=\"\" width=\"600\" height=\"349\" srcset=\"https:\/\/holdinginvestimentos.com\/wp-content\/uploads\/2020\/10\/katamaniacos_vincupd-removebg-preview.png 655w, https:\/\/holdinginvestimentos.com\/wp-content\/uploads\/2020\/10\/katamaniacos_vincupd-removebg-preview-300x175.png 300w, https:\/\/holdinginvestimentos.com\/wp-content\/uploads\/2020\/10\/katamaniacos_vincupd-removebg-preview-150x87.png 150w, https:\/\/holdinginvestimentos.com\/wp-content\/uploads\/2020\/10\/katamaniacos_vincupd-removebg-preview-350x204.png 350w\" sizes=\"(max-width: 600px) 100vw, 600px\" \/><\/p>\n<h2>Relax, these are differentiated and classified into:<\/h2>\n<h3>&#8211; Aromatic young whites<br \/>\n&#8211; Dry whites with wood<br \/>\n&#8211; Natural dry whites<br \/>\n&#8211; Pinks<br \/>\n&#8211; Aging reds<br \/>\n&#8211; Young reds<br \/>\n&#8211; Reserve reds<br \/>\n&#8211; Grand reserve reds<br \/>\n&#8211; Red oak<\/h3>\n<p>&nbsp;<\/p>\n<p>&nbsp;<\/p>\n<h2>Specials, it is a smaller group, but among them are:<\/h2>\n<h3>&#8211; Sweets<br \/>\n&#8211; Sparkling<br \/>\n&#8211; Generous dry<br \/>\n&#8211; Others: Moscatel, Pedro Xim\u00e9nez, toasted wines, Fondill\u00f3n, Mistela\u2026<\/h3>\n<h3>A long list that brings together light and acidic, aromatic, high and low alcohol, serene, short and long maturing wines, but above all tasty and sweet wines.<\/h3>\n<h3><\/h3>\n<p>[\/vc_column_text][vc_empty_space height=&#8221;60px&#8221;][\/vc_column][\/vc_row][vc_row full_width=&#8221;stretch_row&#8221; css=&#8221;.vc_custom_1602981287431{background-image: url(http:\/\/holdinginvestimentos.com\/wp-content\/uploads\/2020\/10\/vino-generoso-portada.jpg?id=7674) !important;background-position: center !important;background-repeat: no-repeat !important;background-size: cover !important;}&#8221;][vc_column][vc_empty_space height=&#8221;500px&#8221;][vc_column_text][\/vc_column_text][vc_empty_space height=&#8221;60px&#8221;][\/vc_column][\/vc_row][vc_row full_width=&#8221;stretch_row&#8221; css=&#8221;.vc_custom_1602953702584{background-color: #120768 !important;}&#8221;][vc_column css=&#8221;.vc_custom_1602954249941{background-color: #120768 !important;}&#8221;][vc_empty_space height=&#8221;40px&#8221;][vc_column_text css=&#8221;.vc_custom_1603661048294{background-color: #120768 !important;}&#8221;]<\/p>\n<h1 style=\"text-align: center;\"><span style=\"color: #ffffff;\">APPELLATION OF ORIGIN<\/span><\/h1>\n<p>&nbsp;<\/p>\n<h3><span style=\"color: #ffffff;\">A good idea to realize how many Spanish wines there are is to look at how many appellations of origin have been granted over the years. If we start in the north we can organize them by Autonomous Communities like this:<\/span><\/h3>\n<h3><span style=\"color: #ffffff;\">&#8211; Galicia: Bierzo, Valdeorras, Monterrei, Ribiero, R\u00edas Baixas and Ribiera Sacra.<\/span><br \/>\n<span style=\"color: #ffffff;\">&#8211; Basque Country: Txakol\u00ed from Bizkaia, Txakol\u00ed from Getaria and Txakol\u00ed from \u00c1lava.<\/span><br \/>\n<span style=\"color: #ffffff;\">&#8211; Navarra: Navarra<\/span><br \/>\n<span style=\"color: #ffffff;\">&#8211; La Rioja: Qualified Rioja.<\/span><br \/>\n<span style=\"color: #ffffff;\">&#8211; Aragon: Somontano, Campo de Borja, Cari\u00f1ena, Calatayud.<\/span><br \/>\n<span style=\"color: #ffffff;\">&#8211; Catalonia: Empord\u00e0, Pla de Bages, Pened\u00e9s, Cava, Qualified Priorato, Catalunya, Montsant, Tarragona and Terra Alta.<\/span><br \/>\n<span style=\"color: #ffffff;\">&#8211; Valencian Community: Utiel &#8211; Requena, Valencia and Alicante.<\/span><br \/>\n<span style=\"color: #ffffff;\">&#8211; Balearic Islands: Binissalem &#8211; Mallorca and Pla i Llevant.<\/span><br \/>\n<span style=\"color: #ffffff;\">&#8211; Murcia: Yecla, Jumilla and Bullas.<\/span><br \/>\n<span style=\"color: #ffffff;\">&#8211; Andalusia: Montilla &#8211; Moriles, M\u00e1laga, Sierra de M\u00e1laga and Pasas de M\u00e1laga, Jerez &#8211; X\u00e9res &#8211; Sherry and Manzanilla Sanl\u00facar de Barrameda and Condado de Huelva.<\/span><br \/>\n<span style=\"color: #ffffff;\">&#8211; Extremadura: Ribera del Guadiana.<\/span><br \/>\n<span style=\"color: #ffffff;\">&#8211; Castila &#8211; La Mancha: Manchuella, Valdepe\u00f1as, La Mancha, Ribera del J\u00facar and Ucl\u00e9s.<\/span><br \/>\n<span style=\"color: #ffffff;\">&#8211; Community of Madrid: Wines of Madrid.<\/span><br \/>\n<span style=\"color: #ffffff;\">&#8211; Castilla y Le\u00f3n: Ribera del Duero, Rueda, Tierra del Vino de Zamora, Arribes, Toro, Tierra de Le\u00f3n, Cigales and Arlanza.<\/span><br \/>\n<span style=\"color: #ffffff;\">&#8211; Canary Islands: Tacoronte &#8211; Acentejo.<\/span><\/h3>\n<p>[\/vc_column_text][vc_empty_space height=&#8221;40px&#8221;][\/vc_column][\/vc_row][vc_row full_width=&#8221;stretch_row&#8221; css=&#8221;.vc_custom_1602981889194{background-image: url(http:\/\/holdinginvestimentos.com\/wp-content\/uploads\/2020\/10\/Vino-1.jpg?id=7678) !important;background-position: center !important;background-repeat: no-repeat !important;background-size: cover !important;}&#8221;][vc_column][vc_empty_space height=&#8221;500px&#8221;][vc_row_inner][vc_column_inner][vc_column_text][\/vc_column_text][\/vc_column_inner][\/vc_row_inner][vc_empty_space height=&#8221;100px&#8221;][\/vc_column][\/vc_row][vc_row full_width=&#8221;stretch_row&#8221; content_placement=&#8221;middle&#8221; parallax=&#8221;content-moving&#8221; parallax_image=&#8221;3267&#8243; css=&#8221;.vc_custom_1497035495065{padding-top: 40px !important;}&#8221;][vc_column][vc_empty_space height=&#8221;50px&#8221;][vc_column_text]<\/p>\n<h3 style=\"font-size: 36px; text-align: center;\"><span style=\"color: #4d4d4c;\">FEED DE NOT\u00cdCIAS<\/span><\/h3>\n<p>[\/vc_column_text][vc_empty_space height=&#8221;50px&#8221;][vc_row_inner][vc_column_inner width=&#8221;1\/3&#8243;][vc_column_text]<\/p>\n<h3 style=\"font-size: 26px;\"><span style=\"color: #4d4d4c;\">NOT\u00cdCIAS DE \u00daLTIMA HORA<\/span><\/h3>\n<p>[\/vc_column_text][vc_column_text css_animation=&#8221;none&#8221;]<\/p>\n<div><iframe src=\"https:\/\/feed.mikle.com\/widget\/v2\/32173\" width=\"300\" height=\"620\" data-mce-fragment=\"1\"><\/iframe><\/div>\n<p>[\/vc_column_text][vc_empty_space height=&#8221;60px&#8221;][\/vc_column_inner][vc_column_inner width=&#8221;1\/3&#8243;][vc_column_text]<\/p>\n<h3 style=\"font-size: 26px;\"><span style=\"color: #4d4d4c;\">NOT\u00cdCIAS INTERNACIONAIS<\/span><\/h3>\n<p>[\/vc_column_text][vc_column_text css_animation=&#8221;bottom-to-top&#8221;]<\/p>\n<div><iframe style=\"background-color: #ffffff;\" src=\"https:\/\/feed.mikle.com\/widget\/v2\/22467\" width=\"300\" height=\"620\" data-mce-fragment=\"1\"><\/iframe><\/div>\n<p>[\/vc_column_text][vc_empty_space height=&#8221;60px&#8221;][\/vc_column_inner][vc_column_inner width=&#8221;1\/3&#8243;][vc_column_text]<a href=\"http:\/\/holdingsa.com\/\" target=\"_blank\" rel=\"noopener noreferrer\"><img decoding=\"async\" class=\"aligncenter size-full wp-image-3253\" src=\"http:\/\/holdinginvestimentos.com\/wp-content\/uploads\/2017\/06\/logo_holding-sports.png\" alt=\"\" width=\"250\" srcset=\"https:\/\/holdinginvestimentos.com\/wp-content\/uploads\/2017\/06\/logo_holding-sports.png 300w, https:\/\/holdinginvestimentos.com\/wp-content\/uploads\/2017\/06\/logo_holding-sports-150x118.png 150w\" sizes=\"(max-width: 300px) 100vw, 300px\" \/><\/a>[\/vc_column_text][vc_column_text css_animation=&#8221;none&#8221;]<\/p>\n<div><iframe style=\"background-color: #ffffff;\" src=\"https:\/\/feed.mikle.com\/widget\/v2\/22283\/\" width=\"300\" height=\"440\" data-mce-fragment=\"1\"><\/iframe><\/div>\n<p>[\/vc_column_text][vc_empty_space height=&#8221;60px&#8221;][\/vc_column_inner][\/vc_row_inner][\/vc_column][\/vc_row]<\/p>\n","protected":false},"excerpt":{"rendered":"<p>[vc_row full_width=&#8221;stretch_row&#8221; css=&#8221;.vc_custom_1602949178949{background-color: #ffffff !important;}&#8221;][vc_column width=&#8221;1\/3&#8243;][vc_column_text] [\/vc_column_text][\/vc_column][vc_column width=&#8221;2\/3&#8243;][vc_empty_space height=&#8221;70px&#8221;][vc_column_text] Spain is a benchmark in wines, its quality and diversity have given it a great international reputation. In Spanish wineries we can find many types of wines. At present in Spain more than 950,000 hectares are dedicated to the cultivation of grapes, a very meticulous work. [&hellip;]<\/p>\n","protected":false},"author":2,"featured_media":0,"parent":0,"menu_order":0,"comment_status":"closed","ping_status":"closed","template":"template\/template-homepage.php","meta":{"footnotes":""},"class_list":["post-7853","page","type-page","status-publish","hentry"],"_links":{"self":[{"href":"https:\/\/holdinginvestimentos.com\/en\/wp-json\/wp\/v2\/pages\/7853\/"}],"collection":[{"href":"https:\/\/holdinginvestimentos.com\/en\/wp-json\/wp\/v2\/pages\/"}],"about":[{"href":"https:\/\/holdinginvestimentos.com\/en\/wp-json\/wp\/v2\/types\/page\/"}],"author":[{"embeddable":true,"href":"https:\/\/holdinginvestimentos.com\/en\/wp-json\/wp\/v2\/users\/2\/"}],"replies":[{"embeddable":true,"href":"https:\/\/holdinginvestimentos.com\/en\/wp-json\/wp\/v2\/comments\/?post=7853"}],"version-history":[{"count":8,"href":"https:\/\/holdinginvestimentos.com\/en\/wp-json\/wp\/v2\/pages\/7853\/revisions\/"}],"predecessor-version":[{"id":7883,"href":"https:\/\/holdinginvestimentos.com\/en\/wp-json\/wp\/v2\/pages\/7853\/revisions\/7883\/"}],"wp:attachment":[{"href":"https:\/\/holdinginvestimentos.com\/en\/wp-json\/wp\/v2\/media\/?parent=7853"}],"curies":[{"name":"wp","href":"https:\/\/api.w.org\/{rel}","templated":true}]}}