{"id":5052,"date":"2019-03-16T18:48:43","date_gmt":"2019-03-16T21:48:43","guid":{"rendered":"http:\/\/holdinginvestimentos.com\/?page_id=5052"},"modified":"2020-10-28T15:57:09","modified_gmt":"2020-10-28T17:57:09","slug":"inmobiliaria-y-construccion","status":"publish","type":"page","link":"https:\/\/holdinginvestimentos.com\/pt-br\/inmobiliaria-y-construccion\/","title":{"rendered":"INMOBILIARIA &#038; CONSTRUCCI\u00d3N"},"content":{"rendered":"<p>[vc_row][vc_column][vc_empty_space height=&#8221;80px&#8221;][vc_column_text]<\/p>\n<h1 style=\"text-align: center;\"><b>Holding Imobili\u00e1ria \u00e9 reconhecida internacionalmente pela sua excel\u00eancia, sendo uma empresa do Grupo Holding S. S. Assessoria<\/b>.<\/h1>\n<p>[\/vc_column_text][vc_empty_space height=&#8221;30px&#8221;][vc_video link=&#8221;&#8221; align=&#8221;center&#8221;][vc_column_text]<img fetchpriority=\"high\" decoding=\"async\" class=\"alignright wp-image-5067 size-medium\" src=\"http:\/\/holdinginvestimentos.com\/wp-content\/uploads\/2019\/03\/Casas-Lujosas-Casas-Lujosas-On-Twitter-1-300x221.jpg\" alt=\"\" width=\"300\" height=\"221\" srcset=\"https:\/\/holdinginvestimentos.com\/wp-content\/uploads\/2019\/03\/Casas-Lujosas-Casas-Lujosas-On-Twitter-1-300x221.jpg 300w, https:\/\/holdinginvestimentos.com\/wp-content\/uploads\/2019\/03\/Casas-Lujosas-Casas-Lujosas-On-Twitter-1-150x110.jpg 150w, https:\/\/holdinginvestimentos.com\/wp-content\/uploads\/2019\/03\/Casas-Lujosas-Casas-Lujosas-On-Twitter-1-380x280.jpg 380w, https:\/\/holdinginvestimentos.com\/wp-content\/uploads\/2019\/03\/Casas-Lujosas-Casas-Lujosas-On-Twitter-1-350x258.jpg 350w, https:\/\/holdinginvestimentos.com\/wp-content\/uploads\/2019\/03\/Casas-Lujosas-Casas-Lujosas-On-Twitter-1.jpg 500w\" sizes=\"(max-width: 300px) 100vw, 300px\" \/><\/p>\n<p>&nbsp;<\/p>\n<p>&nbsp;<\/p>\n<p><strong>Holding Imobili\u00e1ria<\/strong> \u00a0\u00e9 uma empresa especializada em clientes VIPS, oferecendo servi\u00e7os profissionais com qualidade 5 estrelas.<\/p>\n<p>Por sua dedica\u00e7\u00e3o exclusiva, nos tornamos a escolha n\u00famero um de atletas, jogadores de futebol, artistas, investidores, executivos, diplomatas e celebridades nacionais e internacionais, sempre proporcionando sofistica\u00e7\u00e3o, privacidade e sigilo.<\/p>\n<p>&nbsp;<\/p>\n<p>[\/vc_column_text][vc_empty_space height=&#8221;80px&#8221;][\/vc_column][\/vc_row][vc_row full_width=&#8221;stretch_row&#8221; css=&#8221;.vc_custom_1552508491174{background-color: #fe9d0b !important;}&#8221;][vc_column][vc_empty_space height=&#8221;80px&#8221;][vc_row_inner][vc_column_inner width=&#8221;1\/3&#8243;][vc_column_text]<img decoding=\"async\" class=\"wp-image-5072 size-medium aligncenter\" src=\"http:\/\/holdinginvestimentos.com\/wp-content\/uploads\/2019\/03\/Fotos-de-Casas-Modernas-27alvaro-300x187.jpg\" alt=\"\" width=\"300\" height=\"187\" srcset=\"https:\/\/holdinginvestimentos.com\/wp-content\/uploads\/2019\/03\/Fotos-de-Casas-Modernas-27alvaro-300x187.jpg 300w, https:\/\/holdinginvestimentos.com\/wp-content\/uploads\/2019\/03\/Fotos-de-Casas-Modernas-27alvaro-150x94.jpg 150w, https:\/\/holdinginvestimentos.com\/wp-content\/uploads\/2019\/03\/Fotos-de-Casas-Modernas-27alvaro-350x218.jpg 350w, https:\/\/holdinginvestimentos.com\/wp-content\/uploads\/2019\/03\/Fotos-de-Casas-Modernas-27alvaro.jpg 399w\" sizes=\"(max-width: 300px) 100vw, 300px\" \/>[\/vc_column_text][\/vc_column_inner][vc_column_inner width=&#8221;1\/3&#8243;][vc_column_text]Na <strong>Holding Imobili\u00e1ria<\/strong> \u00a0ouvimos atentamente o nosso cliente, para entender e realizar o seu desejo pelo im\u00f3vel ideal, da constru\u00e7\u00e3o mais sofisticada \u00e0s casas populares, mantendo os custos baixos e dentro do or\u00e7amento, sem abrir m\u00e3o do servi\u00e7o e da qualidade.[\/vc_column_text][\/vc_column_inner][vc_column_inner width=&#8221;1\/3&#8243;][vc_column_text]<img decoding=\"async\" class=\"aligncenter wp-image-5073\" src=\"http:\/\/holdinginvestimentos.com\/wp-content\/uploads\/2019\/03\/05-1000px-5-300x169.jpg\" alt=\"\" width=\"329\" height=\"185\" srcset=\"https:\/\/holdinginvestimentos.com\/wp-content\/uploads\/2019\/03\/05-1000px-5-300x169.jpg 300w, https:\/\/holdinginvestimentos.com\/wp-content\/uploads\/2019\/03\/05-1000px-5-768x432.jpg 768w, https:\/\/holdinginvestimentos.com\/wp-content\/uploads\/2019\/03\/05-1000px-5-150x84.jpg 150w, https:\/\/holdinginvestimentos.com\/wp-content\/uploads\/2019\/03\/05-1000px-5-350x197.jpg 350w, https:\/\/holdinginvestimentos.com\/wp-content\/uploads\/2019\/03\/05-1000px-5.jpg 1000w\" sizes=\"(max-width: 329px) 100vw, 329px\" \/>[\/vc_column_text][\/vc_column_inner][\/vc_row_inner][vc_empty_space height=&#8221;50px&#8221;][\/vc_column][\/vc_row][vc_row full_width=&#8221;stretch_row&#8221; css=&#8221;.vc_custom_1603907543028{background-image: url(http:\/\/holdinginvestimentos.com\/wp-content\/uploads\/2020\/10\/modern-villas-marbella-belair18-madrid-builders-architects_thumbnail-1920&#215;1080.jpg?id=7970) !important;background-position: center !important;background-repeat: no-repeat !important;background-size: cover !important;}&#8221;][vc_column][vc_empty_space height=&#8221;400px&#8221;][vc_row_inner][vc_column_inner][vc_column_text][\/vc_column_text][vc_column_text][\/vc_column_text][\/vc_column_inner][\/vc_row_inner][vc_empty_space height=&#8221;100px&#8221;][\/vc_column][\/vc_row][vc_row full_width=&#8221;stretch_row&#8221; content_placement=&#8221;middle&#8221; parallax=&#8221;content-moving&#8221; parallax_image=&#8221;3267&#8243; css=&#8221;.vc_custom_1497035495065{padding-top: 40px !important;}&#8221;][vc_column][vc_empty_space height=&#8221;50px&#8221;][vc_column_text]<\/p>\n<h3 style=\"font-size: 36px; text-align: center;\"><span style=\"color: #4d4d4c;\">FEED DE NOT\u00cdCIAS<\/span><\/h3>\n<p>[\/vc_column_text][vc_empty_space height=&#8221;50px&#8221;][vc_row_inner][vc_column_inner width=&#8221;1\/3&#8243;][vc_column_text]<\/p>\n<h3 style=\"font-size: 26px;\"><span style=\"color: #4d4d4c;\">NOT\u00cdCIAS DE \u00daLTIMA HORA<\/span><\/h3>\n<p>[\/vc_column_text][vc_column_text css_animation=&#8221;none&#8221;]<\/p>\n<div><iframe src=\"https:\/\/feed.mikle.com\/widget\/v2\/32173\" width=\"300\" height=\"620\"><\/iframe><\/div>\n<p>[\/vc_column_text][vc_empty_space height=&#8221;60px&#8221;][\/vc_column_inner][vc_column_inner width=&#8221;1\/3&#8243;][vc_column_text]<\/p>\n<h3 style=\"font-size: 26px;\"><span style=\"color: #4d4d4c;\">NOT\u00cdCIAS INTERNACIONAIS<\/span><\/h3>\n<p>[\/vc_column_text][vc_column_text css_animation=&#8221;bottom-to-top&#8221;]<\/p>\n<div><iframe style=\"background-color: #ffffff;\" src=\"https:\/\/feed.mikle.com\/widget\/v2\/22467\" width=\"300\" height=\"620\"><\/iframe><\/div>\n<p>[\/vc_column_text][vc_empty_space height=&#8221;60px&#8221;][\/vc_column_inner][vc_column_inner width=&#8221;1\/3&#8243;][vc_column_text]<a href=\"http:\/\/holdingsa.com\/\" target=\"_blank\" rel=\"noopener noreferrer\"><img decoding=\"async\" class=\"aligncenter size-full wp-image-3253\" src=\"http:\/\/holdinginvestimentos.com\/wp-content\/uploads\/2017\/06\/logo_holding-sports.png\" alt=\"\" width=\"250\" srcset=\"https:\/\/holdinginvestimentos.com\/wp-content\/uploads\/2017\/06\/logo_holding-sports.png 300w, https:\/\/holdinginvestimentos.com\/wp-content\/uploads\/2017\/06\/logo_holding-sports-150x118.png 150w\" sizes=\"(max-width: 300px) 100vw, 300px\" \/><\/a>[\/vc_column_text][vc_column_text css_animation=&#8221;none&#8221;]<\/p>\n<div><iframe style=\"background-color: #ffffff;\" src=\"https:\/\/feed.mikle.com\/widget\/v2\/22283\/\" width=\"300\" height=\"440\"><\/iframe><\/div>\n<p>[\/vc_column_text][vc_empty_space height=&#8221;60px&#8221;][\/vc_column_inner][\/vc_row_inner][\/vc_column][\/vc_row]<\/p>\n","protected":false},"excerpt":{"rendered":"<p>[vc_row][vc_column][vc_empty_space height=&#8221;80px&#8221;][vc_column_text] Holding Imobili\u00e1ria \u00e9 reconhecida internacionalmente pela sua excel\u00eancia, sendo uma empresa do Grupo Holding S. S. Assessoria. [\/vc_column_text][vc_empty_space height=&#8221;30px&#8221;][vc_video link=&#8221;&#8221; align=&#8221;center&#8221;][vc_column_text] &nbsp; &nbsp; Holding Imobili\u00e1ria \u00a0\u00e9 uma empresa especializada em clientes VIPS, oferecendo servi\u00e7os profissionais com qualidade 5 estrelas. Por sua dedica\u00e7\u00e3o exclusiva, nos tornamos a escolha n\u00famero um de atletas, jogadores de [&hellip;]<\/p>\n","protected":false},"author":1,"featured_media":0,"parent":0,"menu_order":0,"comment_status":"closed","ping_status":"closed","template":"template\/template-homepage.php","meta":{"footnotes":""},"class_list":["post-5052","page","type-page","status-publish","hentry"],"_links":{"self":[{"href":"https:\/\/holdinginvestimentos.com\/pt-br\/wp-json\/wp\/v2\/pages\/5052\/"}],"collection":[{"href":"https:\/\/holdinginvestimentos.com\/pt-br\/wp-json\/wp\/v2\/pages\/"}],"about":[{"href":"https:\/\/holdinginvestimentos.com\/pt-br\/wp-json\/wp\/v2\/types\/page\/"}],"author":[{"embeddable":true,"href":"https:\/\/holdinginvestimentos.com\/pt-br\/wp-json\/wp\/v2\/users\/1\/"}],"replies":[{"embeddable":true,"href":"https:\/\/holdinginvestimentos.com\/pt-br\/wp-json\/wp\/v2\/comments\/?post=5052"}],"version-history":[{"count":10,"href":"https:\/\/holdinginvestimentos.com\/pt-br\/wp-json\/wp\/v2\/pages\/5052\/revisions\/"}],"predecessor-version":[{"id":7974,"href":"https:\/\/holdinginvestimentos.com\/pt-br\/wp-json\/wp\/v2\/pages\/5052\/revisions\/7974\/"}],"wp:attachment":[{"href":"https:\/\/holdinginvestimentos.com\/pt-br\/wp-json\/wp\/v2\/media\/?parent=5052"}],"curies":[{"name":"wp","href":"https:\/\/api.w.org\/{rel}","templated":true}]}}