{"id":5100,"date":"2019-03-17T12:56:14","date_gmt":"2019-03-17T15:56:14","guid":{"rendered":"http:\/\/holdinginvestimentos.com\/?page_id=5100"},"modified":"2020-10-30T15:38:25","modified_gmt":"2020-10-30T17:38:25","slug":"trade","status":"publish","type":"page","link":"https:\/\/holdinginvestimentos.com\/pt-br\/trade\/","title":{"rendered":"TRADE IMPORT &#038; EXPORT Pt"},"content":{"rendered":"<p>[vc_row full_width=&#8221;stretch_row&#8221; css=&#8221;.vc_custom_1603130300897{background-color: #ffffff !important;background-position: center !important;background-repeat: no-repeat !important;background-size: cover !important;}&#8221;][vc_column width=&#8221;2\/3&#8243;][vc_empty_space height=&#8221;80px&#8221;][vc_column_text]<\/p>\n<h1 style=\"text-align: center;\">HOLDING TRADE ESPECIALISTA EM IMPORTA\u00c7\u00c3O E EXPORTA\u00c7\u00c3O DO AGRONEG\u00d3CIO, MANUFATURAS SOFISTICADAS E SERVI\u00c7OS<\/h1>\n<p>[\/vc_column_text][vc_empty_space height=&#8221;40px&#8221;][\/vc_column][vc_column width=&#8221;1\/3&#8243;][vc_column_text]<img fetchpriority=\"high\" decoding=\"async\" class=\"size-full wp-image-7437 aligncenter\" src=\"http:\/\/holdinginvestimentos.com\/wp-content\/uploads\/2020\/10\/Logo-Holding-Trade.png\" alt=\"\" width=\"325\" height=\"256\" srcset=\"https:\/\/holdinginvestimentos.com\/wp-content\/uploads\/2020\/10\/Logo-Holding-Trade.png 325w, https:\/\/holdinginvestimentos.com\/wp-content\/uploads\/2020\/10\/Logo-Holding-Trade-300x236.png 300w, https:\/\/holdinginvestimentos.com\/wp-content\/uploads\/2020\/10\/Logo-Holding-Trade-150x118.png 150w\" sizes=\"(max-width: 325px) 100vw, 325px\" \/>[\/vc_column_text][\/vc_column][\/vc_row][vc_row full_width=&#8221;stretch_row&#8221; css=&#8221;.vc_custom_1603130285774{background-color: #ffffff !important;background-position: center !important;background-repeat: no-repeat !important;background-size: cover !important;}&#8221;][vc_column][vc_empty_space height=&#8221;40px&#8221;][vc_column_text]<img decoding=\"async\" class=\"alignleft size-full wp-image-5790\" src=\"http:\/\/holdinginvestimentos.com\/wp-content\/uploads\/2019\/04\/Business-1.png\" alt=\"\" width=\"336\" height=\"240\" srcset=\"https:\/\/holdinginvestimentos.com\/wp-content\/uploads\/2019\/04\/Business-1.png 336w, https:\/\/holdinginvestimentos.com\/wp-content\/uploads\/2019\/04\/Business-1-300x214.png 300w, https:\/\/holdinginvestimentos.com\/wp-content\/uploads\/2019\/04\/Business-1-150x107.png 150w\" sizes=\"(max-width: 336px) 100vw, 336px\" \/><strong>Holding Trade<\/strong> \u00e9 uma empresa hispano-brasileira do <strong>Grupo Holding<\/strong>. Atua no setor de importa\u00e7\u00e3o, exporta\u00e7\u00e3o e representa\u00e7\u00e3o de produtos.<\/p>\n<p>Foi criada h\u00e1 mais de 25 anos com o objetivo de atender ao crescimento do agroneg\u00f3cio, mais diretamente para expandir as frutas brasileiras para o mercado mundial.<\/p>\n<p>Atualmente contamos com uma ampla carteira de clientes e diversos produtos ao redor do mundo, para atender a demanda criada ao longo dos anos em v\u00e1rios continentes.<\/p>\n<p>Est\u00e1 dirigida por profissionais com anos de vasta e exitosa experi\u00eancia na negocia\u00e7\u00e3o e implanta\u00e7\u00e3o de produtos no mercado internacional.<\/p>\n<p>Comercializamos internacionalmente os produtos das empresas com que trabalhamos, sejam grandes empresas, PMEs, microempresas ou aut\u00f4nomos, cobrindo todo o trabalho necess\u00e1rio com integridade e empenho.<\/p>\n<p>Trabalhamos sempre em conjunto com produtores de grande tradi\u00e7\u00e3o, garantimos o melhor de cada pa\u00eds com total confian\u00e7a na qualidade.<\/p>\n<p>&nbsp;<\/p>\n<p>&nbsp;<\/p>\n<p><strong>PRODUTOR:<\/strong> Quer vender seu produto?<br \/>\nTemos os melhores clientes internacionais para vender seus produtos com \u00eaxito!<\/p>\n<p>Nosso objetivo \u00e9 conectar o produtor com o comprador atacadista internacional, em diferentes pa\u00edses. Fazemos a gest\u00e3o da venda e da documenta\u00e7\u00e3o completa dos produtos, e acompanhamos a sua chegada.<\/p>\n<p><strong>COMPRADOR:<\/strong> Quer comprar produtos com a melhor qualidade e os melhores pre\u00e7os, diretamente em contato com o produtor, de forma segura?<br \/>\nTemos contato direto com agricultores e cooperativas, de produtos selecionados da melhor qualidade, ao melhor pre\u00e7o, no prazo estipulado!<\/p>\n<p>&nbsp;<\/p>\n<p><strong><img decoding=\"async\" class=\"alignright wp-image-7441 size-medium\" src=\"http:\/\/holdinginvestimentos.com\/wp-content\/uploads\/2020\/10\/8-1_1_-removebg-preview-300x225.png\" alt=\"\" width=\"300\" height=\"225\" srcset=\"https:\/\/holdinginvestimentos.com\/wp-content\/uploads\/2020\/10\/8-1_1_-removebg-preview-300x225.png 300w, https:\/\/holdinginvestimentos.com\/wp-content\/uploads\/2020\/10\/8-1_1_-removebg-preview-150x113.png 150w, https:\/\/holdinginvestimentos.com\/wp-content\/uploads\/2020\/10\/8-1_1_-removebg-preview.png 577w, https:\/\/holdinginvestimentos.com\/wp-content\/uploads\/2020\/10\/8-1_1_-removebg-preview-350x263.png 350w\" sizes=\"(max-width: 300px) 100vw, 300px\" \/>QUE FAZEMOS:<\/strong><br \/>\n&#8211; Desenvolvimento de novos produtos e mercados<br \/>\n&#8211; Controle de qualidade e chegadas<br \/>\n&#8211; Controle de documenta\u00e7\u00e3o e pagamentos<br \/>\n&#8211; Suporte log\u00edstico<br \/>\n&#8211; Gest\u00e3o de vendas e resultados<br \/>\n&#8211; Gest\u00e3o de riscos financeiros<br \/>\n&#8211; Suporte completo ao cliente, importador e exportador, em todas as etapas do processo<\/p>\n<p>&nbsp;<\/p>\n<h3 style=\"text-align: center;\">APROVEITAMOS NOSSAS CONEX\u00d5ES EM MAIS DE SETENTA E CINCO PA\u00cdSES PARA OFERECER UM SERVI\u00c7O DIN\u00c2MICO E SEGURO, SOB MEDIDA.<\/h3>\n<p>[\/vc_column_text][vc_empty_space height=&#8221;40px&#8221;][\/vc_column][\/vc_row][vc_row full_width=&#8221;stretch_row&#8221; css=&#8221;.vc_custom_1604079215622{background-color: #9cb6d3 !important;}&#8221;][vc_column][vc_empty_space height=&#8221;60px&#8221;][vc_column_text]<\/p>\n<h3 style=\"text-align: center;\"><strong>BRASIL-ESPANHA, RELA\u00c7\u00d5ES BILATERAIS NO COM\u00c9RCIO DO AGRONEG\u00d3CIO INTERNACIONAL<\/strong><\/h3>\n<h3 style=\"text-align: center;\"><strong> <img loading=\"lazy\" decoding=\"async\" class=\"size-full wp-image-7466 aligncenter\" src=\"http:\/\/holdinginvestimentos.com\/wp-content\/uploads\/2020\/10\/b3.jpg\" alt=\"\" width=\"399\" height=\"126\" srcset=\"https:\/\/holdinginvestimentos.com\/wp-content\/uploads\/2020\/10\/b3.jpg 399w, https:\/\/holdinginvestimentos.com\/wp-content\/uploads\/2020\/10\/b3-300x95.jpg 300w, https:\/\/holdinginvestimentos.com\/wp-content\/uploads\/2020\/10\/b3-150x47.jpg 150w, https:\/\/holdinginvestimentos.com\/wp-content\/uploads\/2020\/10\/b3-350x111.jpg 350w\" sizes=\"(max-width: 399px) 100vw, 399px\" \/><\/strong><\/h3>\n<p>&nbsp;<\/p>\n<p>As rela\u00e7\u00f5es bilaterais entre <strong>Brasil<\/strong> e <strong>Espanha<\/strong> sempre foram intensas, evolu\u00edram nas \u00faltimas d\u00e9cadas em dire\u00e7\u00e3o a um maior fortalecimento, principalmente no agroneg\u00f3cio.<\/p>\n<p><strong>Do Brasil para a Espanha<\/strong>, em 2019 a exporta\u00e7\u00e3o foi de US$ 4 bilh\u00f5es. Entre os principais produtos exportados, no agroneg\u00f3cio se destaca Soja, Milho, Frutas Frescas ou secas e Caf\u00e9. <strong>Da Espanha para o Brasil<\/strong>, em 2019 a exporta\u00e7\u00e3o foi de US$ 2,8 bilh\u00f5es. Destaque para as exporta\u00e7\u00f5es de m\u00e1quinas, aeronaves, diversos produtos da ind\u00fastria qu\u00edmica, vinhos, conservas e azeite.<\/p>\n<p>&nbsp;<\/p>\n<p><img loading=\"lazy\" decoding=\"async\" class=\"alignleft size-medium wp-image-7445\" src=\"http:\/\/holdinginvestimentos.com\/wp-content\/uploads\/2020\/10\/frutas_variadas_nao_engordam_01-300x200.jpg\" alt=\"\" width=\"300\" height=\"200\" srcset=\"https:\/\/holdinginvestimentos.com\/wp-content\/uploads\/2020\/10\/frutas_variadas_nao_engordam_01-300x200.jpg 300w, https:\/\/holdinginvestimentos.com\/wp-content\/uploads\/2020\/10\/frutas_variadas_nao_engordam_01-768x512.jpg 768w, https:\/\/holdinginvestimentos.com\/wp-content\/uploads\/2020\/10\/frutas_variadas_nao_engordam_01-150x100.jpg 150w, https:\/\/holdinginvestimentos.com\/wp-content\/uploads\/2020\/10\/frutas_variadas_nao_engordam_01-385x258.jpg 385w, https:\/\/holdinginvestimentos.com\/wp-content\/uploads\/2020\/10\/frutas_variadas_nao_engordam_01-350x233.jpg 350w, https:\/\/holdinginvestimentos.com\/wp-content\/uploads\/2020\/10\/frutas_variadas_nao_engordam_01.jpg 984w\" sizes=\"(max-width: 300px) 100vw, 300px\" \/> <img loading=\"lazy\" decoding=\"async\" class=\"alignright size-medium wp-image-7448\" src=\"http:\/\/holdinginvestimentos.com\/wp-content\/uploads\/2020\/10\/collage-11-300x216.jpg\" alt=\"\" width=\"300\" height=\"216\" srcset=\"https:\/\/holdinginvestimentos.com\/wp-content\/uploads\/2020\/10\/collage-11-300x216.jpg 300w, https:\/\/holdinginvestimentos.com\/wp-content\/uploads\/2020\/10\/collage-11-768x553.jpg 768w, https:\/\/holdinginvestimentos.com\/wp-content\/uploads\/2020\/10\/collage-11-1024x737.jpg 1024w, https:\/\/holdinginvestimentos.com\/wp-content\/uploads\/2020\/10\/collage-11-150x108.jpg 150w, https:\/\/holdinginvestimentos.com\/wp-content\/uploads\/2020\/10\/collage-11-350x252.jpg 350w, https:\/\/holdinginvestimentos.com\/wp-content\/uploads\/2020\/10\/collage-11.jpg 1264w\" sizes=\"(max-width: 300px) 100vw, 300px\" \/>Somos especialistas no setor do <strong>AGRONEG\u00d3CIO<\/strong>, oferecendo os melhores produtos selecionados em cada pa\u00eds, garantindo que cada cliente ter\u00e1 uma equipe adaptada \u00e0s suas necessidades, para abrir os mercados de compra e venda aos nossos clientes, ajudando-os a introduzir e representar os seus produtos.<\/p>\n<p>Conectamos os agricultores e a ind\u00fastria agroalimentar: infraestrutura, suprimentos, produ\u00e7\u00e3o prim\u00e1ria, transforma\u00e7\u00e3o e comercializa\u00e7\u00e3o.<\/p>\n<p>&nbsp;<\/p>\n<p style=\"text-align: center;\"><strong>TE AJUDAMOS A ENCONTRAR A MELHOR SOLU\u00c7\u00c3O PARA O SEU NEG\u00d3CIO<\/strong><\/p>\n<p>&nbsp;<\/p>\n<p>Atuamos como uma filial exclusiva de sua confian\u00e7a no mercado externo, administrando sempre suas necessidades, com total independ\u00eancia e liberdade de movimentos, com amplo conhecimento do setor de com\u00e9rcio exterior, em coordena\u00e7\u00e3o com todas as partes a n\u00edvel humano e inform\u00e1tico.<\/p>\n<p>&nbsp;<\/p>\n<p><strong><img loading=\"lazy\" decoding=\"async\" class=\"alignleft size-medium wp-image-7451\" src=\"http:\/\/holdinginvestimentos.com\/wp-content\/uploads\/2020\/10\/noticias_15717657541-300x226.jpg\" alt=\"\" width=\"300\" height=\"226\" srcset=\"https:\/\/holdinginvestimentos.com\/wp-content\/uploads\/2020\/10\/noticias_15717657541-300x226.jpg 300w, https:\/\/holdinginvestimentos.com\/wp-content\/uploads\/2020\/10\/noticias_15717657541-150x113.jpg 150w, https:\/\/holdinginvestimentos.com\/wp-content\/uploads\/2020\/10\/noticias_15717657541-350x263.jpg 350w, https:\/\/holdinginvestimentos.com\/wp-content\/uploads\/2020\/10\/noticias_15717657541.jpg 500w\" sizes=\"(max-width: 300px) 100vw, 300px\" \/> <img loading=\"lazy\" decoding=\"async\" class=\"alignright size-medium wp-image-7454\" src=\"http:\/\/holdinginvestimentos.com\/wp-content\/uploads\/2020\/10\/AGRONEGOCIO-NO-BRASIL1-300x222.jpg\" alt=\"\" width=\"300\" height=\"222\" srcset=\"https:\/\/holdinginvestimentos.com\/wp-content\/uploads\/2020\/10\/AGRONEGOCIO-NO-BRASIL1-300x222.jpg 300w, https:\/\/holdinginvestimentos.com\/wp-content\/uploads\/2020\/10\/AGRONEGOCIO-NO-BRASIL1-150x110.jpg 150w, https:\/\/holdinginvestimentos.com\/wp-content\/uploads\/2020\/10\/AGRONEGOCIO-NO-BRASIL1-380x280.jpg 380w, https:\/\/holdinginvestimentos.com\/wp-content\/uploads\/2020\/10\/AGRONEGOCIO-NO-BRASIL1-350x259.jpg 350w, https:\/\/holdinginvestimentos.com\/wp-content\/uploads\/2020\/10\/AGRONEGOCIO-NO-BRASIL1.jpg 640w\" sizes=\"(max-width: 300px) 100vw, 300px\" \/><\/strong><\/p>\n<p>&nbsp;<\/p>\n<p><strong>FACILITAMOS TRAZER E DIVULGAR SEUS PRODUTOS AO CONSUMIDOR, MELHORAR SUA PRESEN\u00c7A E OBTER O RECONHECIMENTO E A NOTORIEDADE PARA UMA MELHOR VENDA.<\/strong><\/p>\n<p>&nbsp;<\/p>\n<p><strong>TE AJUDAMOS ATRAV\u00c9S DE NOSSAS CONEX\u00d5ES E EXPERI\u00caNCIA A POSICIONAR SEUS PRODUTOS NOS DIFERENTES MERCADOS INTERNACIONAIS.<\/strong><\/p>\n<p>&nbsp;<\/p>\n<p>&nbsp;<\/p>\n<p style=\"text-align: center;\"><strong>SOMOS IMPORTADORES E EXPORTADORES. GERENCIAMOS DA FORMA MAIS PROFISSIONAL E SIMPLES SEMPRE O MELHOR PARA SUA EMPRESA, COM TOTAL TRANSPAR\u00caNCIA E SEGURAN\u00c7A.<\/strong><\/p>\n<p>[\/vc_column_text][vc_empty_space height=&#8221;40px&#8221;][\/vc_column][\/vc_row][vc_row full_width=&#8221;stretch_row&#8221; css=&#8221;.vc_custom_1603141462521{background-image: url(http:\/\/holdinginvestimentos.com\/investimentos-imobiliarios\/wp-content\/uploads\/2016\/03\/section_site_holding_investimentos.jpg?id=3215) !important;background-position: center !important;background-repeat: no-repeat !important;background-size: cover !important;}&#8221;][vc_column][vc_empty_space height=&#8221;60px&#8221;][vc_row_inner][vc_column_inner][vc_column_text]<img loading=\"lazy\" decoding=\"async\" class=\"alignleft wp-image-7698\" src=\"http:\/\/holdinginvestimentos.com\/wp-content\/uploads\/2020\/10\/266284-redatorentregar-ate-0201-o-que-esperar-do-mercado-de-franquias-em-2019-1280x640-300x150.jpg\" alt=\"\" width=\"400\" height=\"200\" srcset=\"https:\/\/holdinginvestimentos.com\/wp-content\/uploads\/2020\/10\/266284-redatorentregar-ate-0201-o-que-esperar-do-mercado-de-franquias-em-2019-1280x640-300x150.jpg 300w, https:\/\/holdinginvestimentos.com\/wp-content\/uploads\/2020\/10\/266284-redatorentregar-ate-0201-o-que-esperar-do-mercado-de-franquias-em-2019-1280x640-768x384.jpg 768w, https:\/\/holdinginvestimentos.com\/wp-content\/uploads\/2020\/10\/266284-redatorentregar-ate-0201-o-que-esperar-do-mercado-de-franquias-em-2019-1280x640-1024x512.jpg 1024w, https:\/\/holdinginvestimentos.com\/wp-content\/uploads\/2020\/10\/266284-redatorentregar-ate-0201-o-que-esperar-do-mercado-de-franquias-em-2019-1280x640-150x75.jpg 150w, https:\/\/holdinginvestimentos.com\/wp-content\/uploads\/2020\/10\/266284-redatorentregar-ate-0201-o-que-esperar-do-mercado-de-franquias-em-2019-1280x640-350x175.jpg 350w, https:\/\/holdinginvestimentos.com\/wp-content\/uploads\/2020\/10\/266284-redatorentregar-ate-0201-o-que-esperar-do-mercado-de-franquias-em-2019-1280x640.jpg 1280w\" sizes=\"(max-width: 400px) 100vw, 400px\" \/><\/p>\n<p><strong>Dentro da nossa empresa contamos com uma linha composta por profissionais experientes e especializados em Franchising.<\/strong><\/p>\n<p>A independ\u00eancia de crit\u00e9rios, nossa ampla experi\u00eancia em consultoria e desenvolvimento de franquias, a comercializa\u00e7\u00e3o dentro e fora de cada pa\u00eds, permitem-nos desenvolver com sucesso os projetos em que trabalhamos.<\/p>\n<p>Somos grandes o suficiente para trabalhar internacionalmente, e pequenos o suficiente para trat\u00e1-lo como um amigo.[\/vc_column_text][\/vc_column_inner][\/vc_row_inner][vc_empty_space height=&#8221;60px&#8221;][\/vc_column][\/vc_row][vc_row full_width=&#8221;stretch_row&#8221; css=&#8221;.vc_custom_1603141762000{background-image: url(http:\/\/holdinginvestimentos.com\/wp-content\/uploads\/2020\/10\/15-aperto-de-maos.jpg?id=7702) !important;background-position: center !important;background-repeat: no-repeat !important;background-size: cover !important;}&#8221;][vc_column][vc_empty_space height=&#8221;400px&#8221;][vc_column_text][\/vc_column_text][vc_column_text]<\/p>\n<h3><\/h3>\n<h4><\/h4>\n<p>[\/vc_column_text][vc_empty_space height=&#8221;100px&#8221;][\/vc_column][\/vc_row][vc_row full_width=&#8221;stretch_row&#8221; content_placement=&#8221;middle&#8221; parallax=&#8221;content-moving&#8221; parallax_image=&#8221;3267&#8243; css=&#8221;.vc_custom_1497035495065{padding-top: 40px !important;}&#8221;][vc_column][vc_empty_space height=&#8221;50px&#8221;][vc_column_text]<\/p>\n<h3 style=\"font-size: 36px; text-align: center;\"><span style=\"color: #4d4d4c;\">FEED DE NOT\u00cdCIAS<\/span><\/h3>\n<p>[\/vc_column_text][vc_empty_space height=&#8221;50px&#8221;][vc_row_inner][vc_column_inner width=&#8221;1\/3&#8243;][vc_column_text]<\/p>\n<h3 style=\"font-size: 26px;\"><span style=\"color: #4d4d4c;\">NOT\u00cdCIAS DE \u00daLTIMA HORA<\/span><\/h3>\n<p>[\/vc_column_text][vc_column_text css_animation=&#8221;none&#8221;]<\/p>\n<div><iframe src=\"https:\/\/feed.mikle.com\/widget\/v2\/32173\" width=\"300\" height=\"620\"><\/iframe><\/div>\n<p>[\/vc_column_text][vc_empty_space height=&#8221;60px&#8221;][\/vc_column_inner][vc_column_inner width=&#8221;1\/3&#8243;][vc_column_text]<\/p>\n<h3 style=\"font-size: 26px;\"><span style=\"color: #4d4d4c;\">NOT\u00cdCIAS INTERNACIONAIS<\/span><\/h3>\n<p>[\/vc_column_text][vc_column_text css_animation=&#8221;bottom-to-top&#8221;]<\/p>\n<div><iframe style=\"background-color: #ffffff;\" src=\"https:\/\/feed.mikle.com\/widget\/v2\/22467\" width=\"300\" height=\"620\"><\/iframe><\/div>\n<p>[\/vc_column_text][vc_empty_space height=&#8221;60px&#8221;][\/vc_column_inner][vc_column_inner width=&#8221;1\/3&#8243;][vc_column_text]<a href=\"http:\/\/holdingsa.com\/\" target=\"_blank\" rel=\"noopener noreferrer\"><img decoding=\"async\" class=\"aligncenter size-full wp-image-3253\" src=\"http:\/\/holdinginvestimentos.com\/wp-content\/uploads\/2017\/06\/logo_holding-sports.png\" alt=\"\" width=\"250\" srcset=\"https:\/\/holdinginvestimentos.com\/wp-content\/uploads\/2017\/06\/logo_holding-sports.png 300w, https:\/\/holdinginvestimentos.com\/wp-content\/uploads\/2017\/06\/logo_holding-sports-150x118.png 150w\" sizes=\"(max-width: 300px) 100vw, 300px\" \/><\/a>[\/vc_column_text][vc_column_text css_animation=&#8221;none&#8221;]<\/p>\n<div><iframe style=\"background-color: #ffffff;\" src=\"https:\/\/feed.mikle.com\/widget\/v2\/22283\/\" width=\"300\" height=\"440\"><\/iframe><\/div>\n<p>[\/vc_column_text][vc_empty_space height=&#8221;60px&#8221;][\/vc_column_inner][\/vc_row_inner][\/vc_column][\/vc_row]<\/p>\n","protected":false},"excerpt":{"rendered":"<p>[vc_row full_width=&#8221;stretch_row&#8221; css=&#8221;.vc_custom_1603130300897{background-color: #ffffff !important;background-position: center !important;background-repeat: no-repeat !important;background-size: cover !important;}&#8221;][vc_column width=&#8221;2\/3&#8243;][vc_empty_space height=&#8221;80px&#8221;][vc_column_text] HOLDING TRADE ESPECIALISTA EM IMPORTA\u00c7\u00c3O E EXPORTA\u00c7\u00c3O DO AGRONEG\u00d3CIO, MANUFATURAS SOFISTICADAS E SERVI\u00c7OS [\/vc_column_text][vc_empty_space height=&#8221;40px&#8221;][\/vc_column][vc_column width=&#8221;1\/3&#8243;][vc_column_text][\/vc_column_text][\/vc_column][\/vc_row][vc_row full_width=&#8221;stretch_row&#8221; css=&#8221;.vc_custom_1603130285774{background-color: #ffffff !important;background-position: center !important;background-repeat: no-repeat !important;background-size: cover !important;}&#8221;][vc_column][vc_empty_space height=&#8221;40px&#8221;][vc_column_text]Holding Trade \u00e9 uma empresa hispano-brasileira do Grupo Holding. Atua no setor de importa\u00e7\u00e3o, exporta\u00e7\u00e3o e [&hellip;]<\/p>\n","protected":false},"author":2,"featured_media":0,"parent":0,"menu_order":0,"comment_status":"closed","ping_status":"closed","template":"template\/template-homepage.php","meta":{"footnotes":""},"class_list":["post-5100","page","type-page","status-publish","hentry"],"_links":{"self":[{"href":"https:\/\/holdinginvestimentos.com\/pt-br\/wp-json\/wp\/v2\/pages\/5100\/"}],"collection":[{"href":"https:\/\/holdinginvestimentos.com\/pt-br\/wp-json\/wp\/v2\/pages\/"}],"about":[{"href":"https:\/\/holdinginvestimentos.com\/pt-br\/wp-json\/wp\/v2\/types\/page\/"}],"author":[{"embeddable":true,"href":"https:\/\/holdinginvestimentos.com\/pt-br\/wp-json\/wp\/v2\/users\/2\/"}],"replies":[{"embeddable":true,"href":"https:\/\/holdinginvestimentos.com\/pt-br\/wp-json\/wp\/v2\/comments\/?post=5100"}],"version-history":[{"count":29,"href":"https:\/\/holdinginvestimentos.com\/pt-br\/wp-json\/wp\/v2\/pages\/5100\/revisions\/"}],"predecessor-version":[{"id":7692,"href":"https:\/\/holdinginvestimentos.com\/pt-br\/wp-json\/wp\/v2\/pages\/5100\/revisions\/7692\/"}],"wp:attachment":[{"href":"https:\/\/holdinginvestimentos.com\/pt-br\/wp-json\/wp\/v2\/media\/?parent=5100"}],"curies":[{"name":"wp","href":"https:\/\/api.w.org\/{rel}","templated":true}]}}