{"id":5121,"date":"2019-03-17T13:29:22","date_gmt":"2019-03-17T16:29:22","guid":{"rendered":"http:\/\/holdinginvestimentos.com\/?page_id=5121"},"modified":"2020-10-27T19:38:27","modified_gmt":"2020-10-27T21:38:27","slug":"holding-sports","status":"publish","type":"page","link":"https:\/\/holdinginvestimentos.com\/pt-br\/holding-sports\/","title":{"rendered":"HOLDING SPORTS"},"content":{"rendered":"<p>[vc_row][vc_column][vc_empty_space height=&#8221;60px&#8221;][vc_column_text]<\/p>\n<h2 style=\"text-align: center;\"><\/h2>\n<h2 style=\"text-align: center;\"><\/h2>\n<h2 style=\"text-align: center;\"><strong>HOLDING SPORTS SOCCER ASSESSORIA, CONSULTORIA INTERNACIONAL DE INFORMA\u00c7\u00c3O E GEST\u00c3O PARA CLUBES DE FUTEBOL EUROPEUS ESTABELECIDOS NA AM\u00c9RICA DO SUL<\/strong>.<\/h2>\n<p><img fetchpriority=\"high\" decoding=\"async\" class=\"alignright size-full wp-image-5837\" src=\"http:\/\/holdinginvestimentos.com\/wp-content\/uploads\/2019\/04\/Informes-Jugadores.png\" alt=\"\" width=\"202\" height=\"327\" srcset=\"https:\/\/holdinginvestimentos.com\/wp-content\/uploads\/2019\/04\/Informes-Jugadores.png 202w, https:\/\/holdinginvestimentos.com\/wp-content\/uploads\/2019\/04\/Informes-Jugadores-185x300.png 185w, https:\/\/holdinginvestimentos.com\/wp-content\/uploads\/2019\/04\/Informes-Jugadores-93x150.png 93w\" sizes=\"(max-width: 202px) 100vw, 202px\" \/><\/p>\n<p>&nbsp;<\/p>\n<p>&nbsp;<\/p>\n<p><img decoding=\"async\" class=\"wp-image-7931 aligncenter\" src=\"http:\/\/holdinginvestimentos.com\/wp-content\/uploads\/2020\/10\/Servicos-Sports-Pt-1024x294.png\" alt=\"\" width=\"800\" height=\"230\" srcset=\"https:\/\/holdinginvestimentos.com\/wp-content\/uploads\/2020\/10\/Servicos-Sports-Pt-1024x294.png 1024w, https:\/\/holdinginvestimentos.com\/wp-content\/uploads\/2020\/10\/Servicos-Sports-Pt-300x86.png 300w, https:\/\/holdinginvestimentos.com\/wp-content\/uploads\/2020\/10\/Servicos-Sports-Pt-768x220.png 768w, https:\/\/holdinginvestimentos.com\/wp-content\/uploads\/2020\/10\/Servicos-Sports-Pt-150x43.png 150w, https:\/\/holdinginvestimentos.com\/wp-content\/uploads\/2020\/10\/Servicos-Sports-Pt-350x100.png 350w, https:\/\/holdinginvestimentos.com\/wp-content\/uploads\/2020\/10\/Servicos-Sports-Pt.png 1084w\" sizes=\"(max-width: 800px) 100vw, 800px\" \/><\/p>\n<p>&nbsp;<\/p>\n<p>&nbsp;<\/p>\n<h2><\/h2>\n<h2 style=\"text-align: center;\">FAZEMOS RELAT\u00d3RIOS, ANALISAMOS, AVALIAMOS E FAZEMOS A GEST\u00c3O PARA CLUBES EM TEMPO REAL, SENDO UM RECURSO E INFORMA\u00c7\u00d5ES COMPLEMENTARES INDISPENS\u00c1VEIS, PARA TOMAR DECIS\u00d5ES.<\/h2>\n<p>[\/vc_column_text][vc_empty_space height=&#8221;60px&#8221;][\/vc_column][\/vc_row][vc_row full_width=&#8221;stretch_row&#8221;][vc_column][vc_empty_space height=&#8221;40px&#8221;][vc_column_text]<img decoding=\"async\" class=\"size-medium wp-image-5134 alignleft\" src=\"http:\/\/holdinginvestimentos.com\/wp-content\/uploads\/2019\/03\/Real-Madrid-Atl-Pr-e-Holding-3-300x293.jpg\" alt=\"\" width=\"300\" height=\"293\" srcset=\"https:\/\/holdinginvestimentos.com\/wp-content\/uploads\/2019\/03\/Real-Madrid-Atl-Pr-e-Holding-3-300x293.jpg 300w, https:\/\/holdinginvestimentos.com\/wp-content\/uploads\/2019\/03\/Real-Madrid-Atl-Pr-e-Holding-3-150x147.jpg 150w, https:\/\/holdinginvestimentos.com\/wp-content\/uploads\/2019\/03\/Real-Madrid-Atl-Pr-e-Holding-3.jpg 306w\" sizes=\"(max-width: 300px) 100vw, 300px\" \/><\/p>\n<h3><strong>Por que Holding SS Assessoria \u00e9 essencial para os clubes?<\/strong><\/h3>\n<p>&nbsp;<\/p>\n<p>Porque atrav\u00e9s de nosso conhecimento in situ, vivemos o dia a dia de cada jogador com as suas particularidades profissionais e pessoais, o seu ambiente real mais pr\u00f3ximo e influente, bem como o do Clube, as suas necessidades e dificuldades, vitais para a hora de negociar.<\/p>\n<p><img loading=\"lazy\" decoding=\"async\" class=\"alignright size-medium wp-image-5841\" src=\"http:\/\/holdinginvestimentos.com\/wp-content\/uploads\/2019\/04\/Slide-Jugador-In-Situ-300x227.png\" alt=\"\" width=\"300\" height=\"227\" srcset=\"https:\/\/holdinginvestimentos.com\/wp-content\/uploads\/2019\/04\/Slide-Jugador-In-Situ-300x227.png 300w, https:\/\/holdinginvestimentos.com\/wp-content\/uploads\/2019\/04\/Slide-Jugador-In-Situ-768x581.png 768w, https:\/\/holdinginvestimentos.com\/wp-content\/uploads\/2019\/04\/Slide-Jugador-In-Situ-1024x774.png 1024w, https:\/\/holdinginvestimentos.com\/wp-content\/uploads\/2019\/04\/Slide-Jugador-In-Situ-150x113.png 150w, https:\/\/holdinginvestimentos.com\/wp-content\/uploads\/2019\/04\/Slide-Jugador-In-Situ-350x265.png 350w, https:\/\/holdinginvestimentos.com\/wp-content\/uploads\/2019\/04\/Slide-Jugador-In-Situ.png 1488w\" sizes=\"(max-width: 300px) 100vw, 300px\" \/>Ao longo dos anos, constru\u00edmos uma rela\u00e7\u00e3o de confian\u00e7a constante com os presidentes ou quem decide, obtendo informa\u00e7\u00e3o em primeira m\u00e3o, para poder analisar, propor, negociar e contratar excelentes jogadores, nas melhores condi\u00e7\u00f5es.<\/p>\n<p>Tamb\u00e9m mantemos um excelente relacionamento com federa\u00e7\u00f5es, dirigentes, treinadores, t\u00e9cnicos, jogadores e intermedi\u00e1rios, colocando \u00e0 sua disposi\u00e7\u00e3o uma agenda de mais de 4.000 contatos.<\/p>\n<p><strong>Estas informa\u00e7\u00f5es s\u00e3o fundamentais e de extrema import\u00e2ncia que complementam as visitas espor\u00e1dicas de diretores desportivos e scouts, poupando-lhes tempo e dinheiro, sendo a forma mais r\u00e1pida e eficaz de tomar a sua decis\u00e3o.<\/strong><\/p>\n<p>&nbsp;<\/p>\n<h3 style=\"text-align: center;\"><strong>Porque n\u00e3o podemos errar!<\/strong><\/h3>\n<p>[\/vc_column_text][vc_empty_space height=&#8221;40px&#8221;][vc_row_inner][vc_column_inner][\/vc_column_inner][\/vc_row_inner][\/vc_column][\/vc_row][vc_row full_width=&#8221;stretch_row&#8221; css=&#8221;.vc_custom_1603831468605{background-color: #404297 !important;background-position: center !important;background-repeat: no-repeat !important;background-size: cover !important;}&#8221;][vc_column][vc_empty_space height=&#8221;50px&#8221;][vc_row_inner][vc_column_inner][vc_column_text]<img loading=\"lazy\" decoding=\"async\" class=\"alignright wp-image-5032\" src=\"http:\/\/holdinginvestimentos.com\/wp-content\/uploads\/2019\/03\/Foto-SG-600x400.jpg\" alt=\"\" width=\"450\" height=\"300\" srcset=\"https:\/\/holdinginvestimentos.com\/wp-content\/uploads\/2019\/03\/Foto-SG-600x400.jpg 600w, https:\/\/holdinginvestimentos.com\/wp-content\/uploads\/2019\/03\/Foto-SG-600x400-300x200.jpg 300w, https:\/\/holdinginvestimentos.com\/wp-content\/uploads\/2019\/03\/Foto-SG-600x400-150x100.jpg 150w, https:\/\/holdinginvestimentos.com\/wp-content\/uploads\/2019\/03\/Foto-SG-600x400-385x258.jpg 385w, https:\/\/holdinginvestimentos.com\/wp-content\/uploads\/2019\/03\/Foto-SG-600x400-350x233.jpg 350w\" sizes=\"(max-width: 450px) 100vw, 450px\" \/><\/p>\n<p>&nbsp;<\/p>\n<p><span style=\"color: #ffffff;\"><strong>Holding S. S. Assessoria <\/strong>atrav\u00e9s de seu CEO<strong> Santiago Gerardo, <\/strong>Espanhol de dupla nacionalidade (Brasileiro) e grande experi\u00eancia no futebol internacional. Come\u00e7ou como jogador profissional no Atl\u00e9tico de Madrid, Betis, Getafe, Rayo Vallecano e mais tarde foi presidente de clubes. Possui os t\u00edtulos de T\u00e9cnico Espanhol e Gest\u00e3o Desportiva Internacional. \u00c9 graduado em Marketing e Administra\u00e7\u00e3o de Empresas.<\/span><\/p>\n<p>&nbsp;<\/p>\n<p><span style=\"color: #ffffff;\">Revisa e gerencia pessoalmente todas as opera\u00e7\u00f5es, obtendo um longo hist\u00f3rico de negocia\u00e7\u00f5es bem-sucedidas, sendo a pessoa de confian\u00e7a dos presidentes, atuando sempre com profissionalismo, grande transpar\u00eancia e sigilo.<\/span>[\/vc_column_text][\/vc_column_inner][\/vc_row_inner][vc_empty_space height=&#8221;50px&#8221;][\/vc_column][\/vc_row][vc_row full_width=&#8221;stretch_row&#8221;][vc_column][vc_empty_space height=&#8221;40px&#8221;][vc_video link=&#8221;https:\/\/www.youtube.com\/watch?v=G11pPg55Cdk&#8221; align=&#8221;center&#8221;][vc_empty_space height=&#8221;40px&#8221;][\/vc_column][\/vc_row][vc_row full_width=&#8221;stretch_row&#8221; css=&#8221;.vc_custom_1603834671666{background-color: #dd8d16 !important;background-position: center !important;background-repeat: no-repeat !important;background-size: cover !important;}&#8221;][vc_column][vc_empty_space height=&#8221;40px&#8221;][vc_column_text]<\/p>\n<p style=\"text-align: center;\"><span style=\"color: #000000;\"><strong><a style=\"color: #000000;\" href=\"http:\/\/www.holdingsa.com\">Clique aqui para visitar nosso site Holding Sports:<\/a> <a style=\"color: #000000;\" href=\"http:\/\/www.holdingsa.com\">www.holdingsa.com<\/a><\/strong><\/span><\/p>\n<p>[\/vc_column_text][vc_column_text]<\/p>\n<h3><\/h3>\n<h4><img loading=\"lazy\" decoding=\"async\" class=\" wp-image-5848 aligncenter\" src=\"http:\/\/holdinginvestimentos.com\/wp-content\/uploads\/2019\/04\/Dedo-indicador-150x150.png\" alt=\"\" width=\"100\" height=\"100\" srcset=\"https:\/\/holdinginvestimentos.com\/wp-content\/uploads\/2019\/04\/Dedo-indicador-150x150.png 150w, https:\/\/holdinginvestimentos.com\/wp-content\/uploads\/2019\/04\/Dedo-indicador-300x300.png 300w, https:\/\/holdinginvestimentos.com\/wp-content\/uploads\/2019\/04\/Dedo-indicador-768x768.png 768w, https:\/\/holdinginvestimentos.com\/wp-content\/uploads\/2019\/04\/Dedo-indicador-350x350.png 350w, https:\/\/holdinginvestimentos.com\/wp-content\/uploads\/2019\/04\/Dedo-indicador.png 1000w\" sizes=\"(max-width: 100px) 100vw, 100px\" \/><\/h4>\n<p>[\/vc_column_text][vc_empty_space height=&#8221;40px&#8221;][\/vc_column][\/vc_row][vc_row full_width=&#8221;stretch_row&#8221; content_placement=&#8221;middle&#8221; parallax=&#8221;content-moving&#8221; parallax_image=&#8221;3267&#8243; css=&#8221;.vc_custom_1497035495065{padding-top: 40px !important;}&#8221;][vc_column][vc_empty_space height=&#8221;50px&#8221;][vc_column_text]<\/p>\n<h3 style=\"font-size: 36px; text-align: center;\"><span style=\"color: #4d4d4c;\">FEED DE NOT\u00cdCIAS<\/span><\/h3>\n<p>[\/vc_column_text][vc_empty_space height=&#8221;50px&#8221;][vc_row_inner][vc_column_inner width=&#8221;1\/3&#8243;][vc_column_text]<\/p>\n<h3 style=\"font-size: 26px;\"><span style=\"color: #4d4d4c;\">NOT\u00cdCIAS DE \u00daLTIMA HORA<\/span><\/h3>\n<p>[\/vc_column_text][vc_column_text css_animation=&#8221;none&#8221;]<\/p>\n<div><iframe src=\"https:\/\/feed.mikle.com\/widget\/v2\/32173\" width=\"300\" height=\"620\"><\/iframe><\/div>\n<p>[\/vc_column_text][vc_empty_space height=&#8221;60px&#8221;][\/vc_column_inner][vc_column_inner width=&#8221;1\/3&#8243;][vc_column_text]<\/p>\n<h3 style=\"font-size: 26px;\"><span style=\"color: #4d4d4c;\">NOT\u00cdCIAS INTERNACIONAIS<\/span><\/h3>\n<p>[\/vc_column_text][vc_column_text css_animation=&#8221;bottom-to-top&#8221;]<\/p>\n<div><iframe style=\"background-color: #ffffff;\" src=\"https:\/\/feed.mikle.com\/widget\/v2\/22467\" width=\"300\" height=\"620\"><\/iframe><\/div>\n<p>[\/vc_column_text][vc_empty_space height=&#8221;60px&#8221;][\/vc_column_inner][vc_column_inner width=&#8221;1\/3&#8243;][vc_column_text]<a href=\"http:\/\/holdingsa.com\/\" target=\"_blank\" rel=\"noopener noreferrer\"><img decoding=\"async\" class=\"aligncenter size-full wp-image-3253\" src=\"http:\/\/holdinginvestimentos.com\/wp-content\/uploads\/2017\/06\/logo_holding-sports.png\" alt=\"\" width=\"250\" srcset=\"https:\/\/holdinginvestimentos.com\/wp-content\/uploads\/2017\/06\/logo_holding-sports.png 300w, https:\/\/holdinginvestimentos.com\/wp-content\/uploads\/2017\/06\/logo_holding-sports-150x118.png 150w\" sizes=\"(max-width: 300px) 100vw, 300px\" \/><\/a>[\/vc_column_text][vc_column_text css_animation=&#8221;none&#8221;]<\/p>\n<div><iframe style=\"background-color: #ffffff;\" src=\"https:\/\/feed.mikle.com\/widget\/v2\/22283\/\" width=\"300\" height=\"440\"><\/iframe><\/div>\n<p>[\/vc_column_text][vc_empty_space height=&#8221;60px&#8221;][\/vc_column_inner][\/vc_row_inner][\/vc_column][\/vc_row]<\/p>\n","protected":false},"excerpt":{"rendered":"<p>[vc_row][vc_column][vc_empty_space height=&#8221;60px&#8221;][vc_column_text] HOLDING SPORTS SOCCER ASSESSORIA, CONSULTORIA INTERNACIONAL DE INFORMA\u00c7\u00c3O E GEST\u00c3O PARA CLUBES DE FUTEBOL EUROPEUS ESTABELECIDOS NA AM\u00c9RICA DO SUL. &nbsp; &nbsp; &nbsp; &nbsp; FAZEMOS RELAT\u00d3RIOS, ANALISAMOS, AVALIAMOS E FAZEMOS A GEST\u00c3O PARA CLUBES EM TEMPO REAL, SENDO UM RECURSO E INFORMA\u00c7\u00d5ES COMPLEMENTARES INDISPENS\u00c1VEIS, PARA TOMAR DECIS\u00d5ES. [\/vc_column_text][vc_empty_space height=&#8221;60px&#8221;][\/vc_column][\/vc_row][vc_row full_width=&#8221;stretch_row&#8221;][vc_column][vc_empty_space height=&#8221;40px&#8221;][vc_column_text] Por que [&hellip;]<\/p>\n","protected":false},"author":2,"featured_media":0,"parent":0,"menu_order":0,"comment_status":"closed","ping_status":"closed","template":"template\/template-homepage.php","meta":{"footnotes":""},"class_list":["post-5121","page","type-page","status-publish","hentry"],"_links":{"self":[{"href":"https:\/\/holdinginvestimentos.com\/pt-br\/wp-json\/wp\/v2\/pages\/5121\/"}],"collection":[{"href":"https:\/\/holdinginvestimentos.com\/pt-br\/wp-json\/wp\/v2\/pages\/"}],"about":[{"href":"https:\/\/holdinginvestimentos.com\/pt-br\/wp-json\/wp\/v2\/types\/page\/"}],"author":[{"embeddable":true,"href":"https:\/\/holdinginvestimentos.com\/pt-br\/wp-json\/wp\/v2\/users\/2\/"}],"replies":[{"embeddable":true,"href":"https:\/\/holdinginvestimentos.com\/pt-br\/wp-json\/wp\/v2\/comments\/?post=5121"}],"version-history":[{"count":21,"href":"https:\/\/holdinginvestimentos.com\/pt-br\/wp-json\/wp\/v2\/pages\/5121\/revisions\/"}],"predecessor-version":[{"id":7946,"href":"https:\/\/holdinginvestimentos.com\/pt-br\/wp-json\/wp\/v2\/pages\/5121\/revisions\/7946\/"}],"wp:attachment":[{"href":"https:\/\/holdinginvestimentos.com\/pt-br\/wp-json\/wp\/v2\/media\/?parent=5121"}],"curies":[{"name":"wp","href":"https:\/\/api.w.org\/{rel}","templated":true}]}}