{"id":692,"date":"2016-03-10T14:36:36","date_gmt":"2016-03-10T14:36:36","guid":{"rendered":"http:\/\/wordpress-13359-29135-128930.cloudwaysapps.com\/?page_id=692"},"modified":"2018-03-13T18:33:47","modified_gmt":"2018-03-13T21:33:47","slug":"quem-somos","status":"publish","type":"page","link":"https:\/\/holdinginvestimentos.com\/pt-br\/quem-somos\/","title":{"rendered":"QUEM SOMOS"},"content":{"rendered":"<p>[vc_row][vc_column][vc_column_text]<\/p>\n<h1 style=\"text-align: center;\"><span style=\"color: #4d4d4d;\">HOLDING INVESTIMENTOS<\/span><\/h1>\n<p>[\/vc_column_text][vc_column_text]<\/p>\n<p style=\"text-align: center; font-size: 20px;\"><strong>HOLDING INVESTIMENTOS<\/strong>\u00a0\u00e9 reconhecida internacionalmente pela sua excel\u00eancia de servi\u00e7os.<\/p>\n<p>[\/vc_column_text][\/vc_column][\/vc_row][vc_row][vc_column][vc_separator][\/vc_column][\/vc_row][vc_row][vc_column][vc_column_text]<\/p>\n<h3><\/h3>\n<p style=\"text-align: left; font-size: 20px;\">Nos orgulhamos de ter propriedades \u00fanicas, luxuosas, para clientes exclusivos. Nossa extensa rede de conex\u00f5es e as rela\u00e7\u00f5es pessoais que constru\u00edmos com nossos parceiros, clientes e amigos ao longo dos anos, nos deu acesso a propriedades restritas e excepcionais de alto requinte, que por quest\u00f5es de \u00e9tica, status e sigilo n\u00e3o disponibilizamos de maneira p\u00fablica em nosso site. Nosso portf\u00f3lio exclusivo, de classe e de requinte, nos torna capazes de fornecer a qualidade dos mais exigentes.<\/p>\n<p>[\/vc_column_text][vc_column_text]<\/p>\n<h3><\/h3>\n<p style=\"text-align: left; font-size: 20px;\">Somos uma empresa de im\u00f3veis VIP para clientes de elite, que oferece servi\u00e7os profissionais e personalizados, com a qualidade\u00a0 5 estrelas. Nos tornamos a escolha n\u00famero um de esportistas, jogadores, artistas, investidores, executivos, diplomatas e celebridades nacionais e internacionais, e sempre aportando sofistica\u00e7\u00e3o, privacidade e confidencialidade.<\/p>\n<p>[\/vc_column_text][vc_column_text]<\/p>\n<p style=\"text-align: left; font-size: 20px;\">Nos reunimos e ouvimos atenciosamente nosso cliente, para compreender e realizar o seu desejo. O importante \u00e9 saber o que ele quer, onde ele quer, como ele quer. Nosso \u00eaxito est\u00e1 em ir al\u00e9m do que ele necessita. \u00c9 surpreender suas expectativas de maneira sublime.<\/p>\n<p>[\/vc_column_text][vc_column_text]<\/p>\n<p style=\"text-align: left; font-size: 20px;\"><strong>Este \u00e9 o nosso diferencial, entender suas necessidades e fazer o imposs\u00edvel para transformar seu sonho em realidade!<\/strong><\/p>\n<p>[\/vc_column_text][\/vc_column][\/vc_row][vc_row][vc_column][vc_column_text]<\/p>\n<p style=\"text-align: left; font-size: 20px;\">Outros servi\u00e7os est\u00e3o \u00e0 sua disposi\u00e7\u00e3o:<br \/>\n&#8211; Recep\u00e7\u00e3o em aeroportos<br \/>\n&#8211; Reservas de hot\u00e9is e restaurantes<br \/>\n&#8211; Transporte particular de jet, helic\u00f3ptero ou iate<br \/>\n&#8211; Servi\u00e7os de motorista bil\u00edngue privado<br \/>\n&#8211; Assessoria jur\u00eddica e Servi\u00e7os de Cart\u00f3rio para aquisi\u00e7\u00e3o de im\u00f3veis, para nossos clientes nacionais e estrangeiros<br \/>\n&#8211; Tradutores e Despachantes para solucionar qualquer necessidade espec\u00edfica, documental ou burocr\u00e1tico.[\/vc_column_text][\/vc_column][\/vc_row]<\/p>\n","protected":false},"excerpt":{"rendered":"<p>[vc_row][vc_column][vc_column_text] HOLDING INVESTIMENTOS [\/vc_column_text][vc_column_text] HOLDING INVESTIMENTOS\u00a0\u00e9 reconhecida internacionalmente pela sua excel\u00eancia de servi\u00e7os. [\/vc_column_text][\/vc_column][\/vc_row][vc_row][vc_column][vc_separator][\/vc_column][\/vc_row][vc_row][vc_column][vc_column_text] Nos orgulhamos de ter propriedades \u00fanicas, luxuosas, para clientes exclusivos. Nossa extensa rede de conex\u00f5es e as rela\u00e7\u00f5es pessoais que constru\u00edmos com nossos parceiros, clientes e amigos ao longo dos anos, nos deu acesso a propriedades restritas e excepcionais de alto [&hellip;]<\/p>\n","protected":false},"author":1,"featured_media":0,"parent":0,"menu_order":0,"comment_status":"closed","ping_status":"closed","template":"template\/template-page.php","meta":{"footnotes":""},"class_list":["post-692","page","type-page","status-publish","hentry"],"_links":{"self":[{"href":"https:\/\/holdinginvestimentos.com\/pt-br\/wp-json\/wp\/v2\/pages\/692\/"}],"collection":[{"href":"https:\/\/holdinginvestimentos.com\/pt-br\/wp-json\/wp\/v2\/pages\/"}],"about":[{"href":"https:\/\/holdinginvestimentos.com\/pt-br\/wp-json\/wp\/v2\/types\/page\/"}],"author":[{"embeddable":true,"href":"https:\/\/holdinginvestimentos.com\/pt-br\/wp-json\/wp\/v2\/users\/1\/"}],"replies":[{"embeddable":true,"href":"https:\/\/holdinginvestimentos.com\/pt-br\/wp-json\/wp\/v2\/comments\/?post=692"}],"version-history":[{"count":10,"href":"https:\/\/holdinginvestimentos.com\/pt-br\/wp-json\/wp\/v2\/pages\/692\/revisions\/"}],"predecessor-version":[{"id":4656,"href":"https:\/\/holdinginvestimentos.com\/pt-br\/wp-json\/wp\/v2\/pages\/692\/revisions\/4656\/"}],"wp:attachment":[{"href":"https:\/\/holdinginvestimentos.com\/pt-br\/wp-json\/wp\/v2\/media\/?parent=692"}],"curies":[{"name":"wp","href":"https:\/\/api.w.org\/{rel}","templated":true}]}}