{"id":7762,"date":"2020-10-17T19:53:29","date_gmt":"2020-10-17T22:53:29","guid":{"rendered":"http:\/\/holdinginvestimentos.com\/frutos-secos-es\/"},"modified":"2020-10-21T20:06:11","modified_gmt":"2020-10-21T22:06:11","slug":"frutos-secos","status":"publish","type":"page","link":"https:\/\/holdinginvestimentos.com\/pt-br\/frutos-secos\/","title":{"rendered":"FRUTOS SECOS PT"},"content":{"rendered":"<p>[vc_row full_width=&#8221;stretch_row&#8221; css=&#8221;.vc_custom_1602949178949{background-color: #ffffff !important;}&#8221;][vc_column width=&#8221;2\/3&#8243;][vc_empty_space height=&#8221;50px&#8221;][vc_column_text]<\/p>\n<h1 style=\"text-align: center;\">Do Brasil aos nossos petiscos!<\/h1>\n<h1 style=\"text-align: center;\">Frutas desidratadas e castanhas s\u00e3o excelentes op\u00e7\u00f5es de lanches, pois esses alimentos trazem in\u00fameros benef\u00edcios \u00e0 sa\u00fade por suas propriedades nutricionais.<\/h1>\n<p>[\/vc_column_text][vc_empty_space height=&#8221;30px&#8221;][\/vc_column][vc_column width=&#8221;1\/3&#8243;][vc_column_text]<\/p>\n<p style=\"text-align: center;\"><img fetchpriority=\"high\" decoding=\"async\" class=\"aligncenter wp-image-7485\" src=\"http:\/\/holdinginvestimentos.com\/wp-content\/uploads\/2020\/10\/Holding-Gran-Selecci\u00f3n.png\" alt=\"\" width=\"450\" height=\"363\" srcset=\"https:\/\/holdinginvestimentos.com\/wp-content\/uploads\/2020\/10\/Holding-Gran-Selecci\u00f3n.png 633w, https:\/\/holdinginvestimentos.com\/wp-content\/uploads\/2020\/10\/Holding-Gran-Selecci\u00f3n-300x242.png 300w, https:\/\/holdinginvestimentos.com\/wp-content\/uploads\/2020\/10\/Holding-Gran-Selecci\u00f3n-150x121.png 150w, https:\/\/holdinginvestimentos.com\/wp-content\/uploads\/2020\/10\/Holding-Gran-Selecci\u00f3n-350x282.png 350w\" sizes=\"(max-width: 450px) 100vw, 450px\" \/><\/p>\n<p>[\/vc_column_text][\/vc_column][\/vc_row][vc_row full_width=&#8221;stretch_row&#8221; css=&#8221;.vc_custom_1602952967825{background-color: #ffffff !important;}&#8221;][vc_column][vc_empty_space height=&#8221;40px&#8221;][vc_column_text]<\/p>\n<h1 style=\"text-align: center;\">CASTANHA DE CAJU<\/h1>\n<p>&nbsp;<\/p>\n<p>&nbsp;<\/p>\n<p><img decoding=\"async\" class=\"alignleft wp-image-7584\" src=\"http:\/\/holdinginvestimentos.com\/wp-content\/uploads\/2020\/10\/Caju-1.png\" alt=\"\" width=\"523\" height=\"314\" srcset=\"https:\/\/holdinginvestimentos.com\/wp-content\/uploads\/2020\/10\/Caju-1.png 645w, https:\/\/holdinginvestimentos.com\/wp-content\/uploads\/2020\/10\/Caju-1-300x180.png 300w, https:\/\/holdinginvestimentos.com\/wp-content\/uploads\/2020\/10\/Caju-1-150x90.png 150w, https:\/\/holdinginvestimentos.com\/wp-content\/uploads\/2020\/10\/Caju-1-350x210.png 350w\" sizes=\"(max-width: 523px) 100vw, 523px\" \/>Al\u00e9m de ser uma fruta deliciosa que acompanha muitas receitas, a castanha de caju traz benef\u00edcios interessantes para a sa\u00fade. Eles se destacam por seu conte\u00fado de gordura saud\u00e1vel.<\/p>\n<p>\u00c9 a semente de uma \u00e1rvore nativa do Brasil. A moda desta semente est\u00e1 mais do que fundamentada, pois apresenta in\u00fameras raz\u00f5es nutricionais, como o cobre e o magn\u00e9sio, que encontramos em abund\u00e2ncia na castanha de caju. Deve ser lembrado que o cobre \u00e9 essencial para a nossa sa\u00fade, pois \u00e9 essencial para o \u00f3timo estado dos ossos, cabelos ou pele. Tamb\u00e9m para o bom funcionamento do sistema imunol\u00f3gico. <img decoding=\"async\" class=\"alignright wp-image-7587\" src=\"http:\/\/holdinginvestimentos.com\/wp-content\/uploads\/2020\/10\/Caju-2.png\" alt=\"\" width=\"350\" height=\"466\" srcset=\"https:\/\/holdinginvestimentos.com\/wp-content\/uploads\/2020\/10\/Caju-2.png 433w, https:\/\/holdinginvestimentos.com\/wp-content\/uploads\/2020\/10\/Caju-2-225x300.png 225w, https:\/\/holdinginvestimentos.com\/wp-content\/uploads\/2020\/10\/Caju-2-113x150.png 113w, https:\/\/holdinginvestimentos.com\/wp-content\/uploads\/2020\/10\/Caju-2-350x466.png 350w\" sizes=\"(max-width: 350px) 100vw, 350px\" \/><\/p>\n<p>&nbsp;<\/p>\n<p>&nbsp;<\/p>\n<p>&nbsp;<\/p>\n<p>&nbsp;<\/p>\n<p>&nbsp;<\/p>\n<p>A castanha de caju \u00e9 o alimento perfeito para mulheres gr\u00e1vidas, pois fornece ferro e \u00e1cido f\u00f3lico.<\/p>\n<p>Arma definitiva contra o colesterol. Um punhado por dia \u00e9 suficiente, pois reduzem os n\u00edveis elevados de colesterol e aumentam os bons. Tudo isso gra\u00e7as ao seu conte\u00fado em \u00e1cidos graxos insaturados, entre os quais se destacam o linol\u00e9ico e o ol\u00e9ico.<\/p>\n<p>Os fitoester\u00f3is da castanha de caju melhoram os sintomas da menopausa, tornando-a no lanche ideal para enfrentar os altos e baixos desta \u00e9poca da vida da mulher.[\/vc_column_text][vc_empty_space height=&#8221;60px&#8221;][\/vc_column][\/vc_row][vc_row full_width=&#8221;stretch_row&#8221; css=&#8221;.vc_custom_1602953702584{background-color: #120768 !important;}&#8221;][vc_column css=&#8221;.vc_custom_1602954249941{background-color: #120768 !important;}&#8221;][vc_empty_space height=&#8221;40px&#8221;][vc_column_text css=&#8221;.vc_custom_1603302179174{background-color: #120768 !important;}&#8221;]<\/p>\n<h1 style=\"text-align: center;\"><span style=\"color: #ffffff;\">CASTANHA DO PAR\u00c1<\/span><\/h1>\n<p>&nbsp;<\/p>\n<p><span style=\"color: #ffffff;\"><img loading=\"lazy\" decoding=\"async\" class=\"alignleft size-full wp-image-7592\" src=\"http:\/\/holdinginvestimentos.com\/wp-content\/uploads\/2020\/10\/foto-sol-de-pando-casta\u00f1a-removebg-preview.png\" alt=\"\" width=\"629\" height=\"396\" srcset=\"https:\/\/holdinginvestimentos.com\/wp-content\/uploads\/2020\/10\/foto-sol-de-pando-casta\u00f1a-removebg-preview.png 629w, https:\/\/holdinginvestimentos.com\/wp-content\/uploads\/2020\/10\/foto-sol-de-pando-casta\u00f1a-removebg-preview-300x189.png 300w, https:\/\/holdinginvestimentos.com\/wp-content\/uploads\/2020\/10\/foto-sol-de-pando-casta\u00f1a-removebg-preview-150x94.png 150w, https:\/\/holdinginvestimentos.com\/wp-content\/uploads\/2020\/10\/foto-sol-de-pando-casta\u00f1a-removebg-preview-350x220.png 350w\" sizes=\"(max-width: 629px) 100vw, 629px\" \/>Tamb\u00e9m conhecida como <strong>Castanha do Brasil<\/strong>, \u00e9 um dos produtos mais conhecidos e consumidos no mundo. \u00c9 rico em sel\u00eanio, ou seja, a ingest\u00e3o de duas nozes por dia \u00e9 capaz de atingir a recomenda\u00e7\u00e3o di\u00e1ria de sel\u00eanio, nutriente com alto poder antioxidante.<\/span><\/p>\n<p><span style=\"color: #ffffff;\">Ricas em nutrientes de todos os tipos, essas frutas de Natal s\u00e3o cada vez mais populares entre aqueles que optam por uma alimenta\u00e7\u00e3o saud\u00e1vel.<\/span><\/p>\n<p><span style=\"color: #ffffff;\"><strong>Rica em vitamina E e \u00f3tima para a pele<\/strong> &#8211; a castanha-do-par\u00e1 tem um teor enorme de vitamina E, que est\u00e1 associada \u00e0 juventude. Por isso, seu consumo \u00e9 \u00f3timo para a pele, combate as rugas e outras. \u00c9 muito normal que seja normalmente inclu\u00eddo em alguns tratamentos est\u00e9ticos de beleza devido a estas qualidades.<\/span><\/p>\n<p><span style=\"color: #ffffff;\"><strong>Bom para o colesterol<\/strong> &#8211; Por ser uma fonte de \u00e1cidos graxos naturais (cerca de 60% de seu conte\u00fado pertence aos lip\u00eddios), eles s\u00e3o bons para reduzir o colesterol ruim e aumentar os n\u00edveis do bom. As castanhas do Par\u00e1 s\u00e3o especialmente ricas em \u00f4mega 6.<\/span>[\/vc_column_text][vc_empty_space height=&#8221;40px&#8221;][\/vc_column][\/vc_row][vc_row full_width=&#8221;stretch_row&#8221; css=&#8221;.vc_custom_1602974840504{background-image: url(http:\/\/holdinginvestimentos.com\/wp-content\/uploads\/2020\/10\/FrutosSecos1.jpg?id=7596) !important;background-position: center !important;background-repeat: no-repeat !important;background-size: cover !important;}&#8221;][vc_column][vc_empty_space height=&#8221;500px&#8221;][vc_row_inner][vc_column_inner][vc_column_text][\/vc_column_text][\/vc_column_inner][\/vc_row_inner][vc_empty_space height=&#8221;100px&#8221;][\/vc_column][\/vc_row][vc_row full_width=&#8221;stretch_row&#8221; content_placement=&#8221;middle&#8221; parallax=&#8221;content-moving&#8221; parallax_image=&#8221;3267&#8243; css=&#8221;.vc_custom_1497035495065{padding-top: 40px !important;}&#8221;][vc_column][vc_empty_space height=&#8221;50px&#8221;][vc_column_text]<\/p>\n<h3 style=\"font-size: 36px; text-align: center;\"><span style=\"color: #4d4d4c;\">FEED DE NOT\u00cdCIAS<\/span><\/h3>\n<p>[\/vc_column_text][vc_empty_space height=&#8221;50px&#8221;][vc_row_inner][vc_column_inner width=&#8221;1\/3&#8243;][vc_column_text]<\/p>\n<h3 style=\"font-size: 26px;\"><span style=\"color: #4d4d4c;\">NOT\u00cdCIAS DE \u00daLTIMA HORA<\/span><\/h3>\n<p>[\/vc_column_text][vc_column_text css_animation=&#8221;none&#8221;]<\/p>\n<div><iframe src=\"https:\/\/feed.mikle.com\/widget\/v2\/32173\" width=\"300\" height=\"620\"><\/iframe><\/div>\n<p>[\/vc_column_text][vc_empty_space height=&#8221;60px&#8221;][\/vc_column_inner][vc_column_inner width=&#8221;1\/3&#8243;][vc_column_text]<\/p>\n<h3 style=\"font-size: 26px;\"><span style=\"color: #4d4d4c;\">NOT\u00cdCIAS INTERNACIONAIS<\/span><\/h3>\n<p>[\/vc_column_text][vc_column_text css_animation=&#8221;bottom-to-top&#8221;]<\/p>\n<div><iframe style=\"background-color: #ffffff;\" src=\"https:\/\/feed.mikle.com\/widget\/v2\/22467\" width=\"300\" height=\"620\"><\/iframe><\/div>\n<p>[\/vc_column_text][vc_empty_space height=&#8221;60px&#8221;][\/vc_column_inner][vc_column_inner width=&#8221;1\/3&#8243;][vc_column_text]<a href=\"http:\/\/holdingsa.com\/\" target=\"_blank\" rel=\"noopener noreferrer\"><img decoding=\"async\" class=\"aligncenter size-full wp-image-3253\" src=\"http:\/\/holdinginvestimentos.com\/wp-content\/uploads\/2017\/06\/logo_holding-sports.png\" alt=\"\" width=\"250\" srcset=\"https:\/\/holdinginvestimentos.com\/wp-content\/uploads\/2017\/06\/logo_holding-sports.png 300w, https:\/\/holdinginvestimentos.com\/wp-content\/uploads\/2017\/06\/logo_holding-sports-150x118.png 150w\" sizes=\"(max-width: 300px) 100vw, 300px\" \/><\/a>[\/vc_column_text][vc_column_text css_animation=&#8221;none&#8221;]<\/p>\n<div><iframe style=\"background-color: #ffffff;\" src=\"https:\/\/feed.mikle.com\/widget\/v2\/22283\/\" width=\"300\" height=\"440\"><\/iframe><\/div>\n<p>[\/vc_column_text][vc_empty_space height=&#8221;60px&#8221;][\/vc_column_inner][\/vc_row_inner][\/vc_column][\/vc_row]<\/p>\n","protected":false},"excerpt":{"rendered":"<p>[vc_row full_width=&#8221;stretch_row&#8221; css=&#8221;.vc_custom_1602949178949{background-color: #ffffff !important;}&#8221;][vc_column width=&#8221;2\/3&#8243;][vc_empty_space height=&#8221;50px&#8221;][vc_column_text] Do Brasil aos nossos petiscos! Frutas desidratadas e castanhas s\u00e3o excelentes op\u00e7\u00f5es de lanches, pois esses alimentos trazem in\u00fameros benef\u00edcios \u00e0 sa\u00fade por suas propriedades nutricionais. [\/vc_column_text][vc_empty_space height=&#8221;30px&#8221;][\/vc_column][vc_column width=&#8221;1\/3&#8243;][vc_column_text] [\/vc_column_text][\/vc_column][\/vc_row][vc_row full_width=&#8221;stretch_row&#8221; css=&#8221;.vc_custom_1602952967825{background-color: #ffffff !important;}&#8221;][vc_column][vc_empty_space height=&#8221;40px&#8221;][vc_column_text] CASTANHA DE CAJU &nbsp; &nbsp; Al\u00e9m de ser uma fruta deliciosa que acompanha [&hellip;]<\/p>\n","protected":false},"author":2,"featured_media":0,"parent":0,"menu_order":0,"comment_status":"closed","ping_status":"closed","template":"template\/template-homepage.php","meta":{"footnotes":""},"class_list":["post-7762","page","type-page","status-publish","hentry"],"_links":{"self":[{"href":"https:\/\/holdinginvestimentos.com\/pt-br\/wp-json\/wp\/v2\/pages\/7762\/"}],"collection":[{"href":"https:\/\/holdinginvestimentos.com\/pt-br\/wp-json\/wp\/v2\/pages\/"}],"about":[{"href":"https:\/\/holdinginvestimentos.com\/pt-br\/wp-json\/wp\/v2\/types\/page\/"}],"author":[{"embeddable":true,"href":"https:\/\/holdinginvestimentos.com\/pt-br\/wp-json\/wp\/v2\/users\/2\/"}],"replies":[{"embeddable":true,"href":"https:\/\/holdinginvestimentos.com\/pt-br\/wp-json\/wp\/v2\/comments\/?post=7762"}],"version-history":[{"count":6,"href":"https:\/\/holdinginvestimentos.com\/pt-br\/wp-json\/wp\/v2\/pages\/7762\/revisions\/"}],"predecessor-version":[{"id":7769,"href":"https:\/\/holdinginvestimentos.com\/pt-br\/wp-json\/wp\/v2\/pages\/7762\/revisions\/7769\/"}],"wp:attachment":[{"href":"https:\/\/holdinginvestimentos.com\/pt-br\/wp-json\/wp\/v2\/media\/?parent=7762"}],"curies":[{"name":"wp","href":"https:\/\/api.w.org\/{rel}","templated":true}]}}