{"id":7772,"date":"2020-10-17T20:27:18","date_gmt":"2020-10-17T23:27:18","guid":{"rendered":"http:\/\/holdinginvestimentos.com\/zumos-y-pulpas-es\/"},"modified":"2020-10-21T20:08:16","modified_gmt":"2020-10-21T22:08:16","slug":"sucos-e-polpas","status":"publish","type":"page","link":"https:\/\/holdinginvestimentos.com\/pt-br\/sucos-e-polpas\/","title":{"rendered":"SUCOS E POLPAS"},"content":{"rendered":"<p>[vc_row full_width=&#8221;stretch_row&#8221; css=&#8221;.vc_custom_1602949178949{background-color: #ffffff !important;}&#8221;][vc_column width=&#8221;1\/3&#8243;][vc_column_text]<\/p>\n<p style=\"text-align: center;\"><img fetchpriority=\"high\" decoding=\"async\" class=\"aligncenter wp-image-7485\" src=\"http:\/\/holdinginvestimentos.com\/wp-content\/uploads\/2020\/10\/Holding-Gran-Selecci\u00f3n.png\" alt=\"\" width=\"450\" height=\"363\" srcset=\"https:\/\/holdinginvestimentos.com\/wp-content\/uploads\/2020\/10\/Holding-Gran-Selecci\u00f3n.png 633w, https:\/\/holdinginvestimentos.com\/wp-content\/uploads\/2020\/10\/Holding-Gran-Selecci\u00f3n-300x242.png 300w, https:\/\/holdinginvestimentos.com\/wp-content\/uploads\/2020\/10\/Holding-Gran-Selecci\u00f3n-150x121.png 150w, https:\/\/holdinginvestimentos.com\/wp-content\/uploads\/2020\/10\/Holding-Gran-Selecci\u00f3n-350x282.png 350w\" sizes=\"(max-width: 450px) 100vw, 450px\" \/><\/p>\n<p>[\/vc_column_text][\/vc_column][vc_column width=&#8221;2\/3&#8243;][vc_empty_space height=&#8221;20px&#8221;][vc_column_text]<\/p>\n<h1 style=\"text-align: center;\">Frutas tropicais 100% selecionadas!<\/h1>\n<h1 style=\"text-align: center;\">Colhidas no momento ideal de matura\u00e7\u00e3o, elaborada, congelada e realizada segundo um rigoroso processo de produ\u00e7\u00e3o. N\u00e3o cont\u00e9m a\u00e7\u00facar, conservantes ou corantes.<\/h1>\n<h1 style=\"text-align: center;\">100% natural e deliciosa!<\/h1>\n<p>[\/vc_column_text][vc_empty_space height=&#8221;20px&#8221;][\/vc_column][\/vc_row][vc_row full_width=&#8221;stretch_row&#8221; css=&#8221;.vc_custom_1602952967825{background-color: #ffffff !important;}&#8221;][vc_column][vc_empty_space height=&#8221;40px&#8221;][vc_column_text]<\/p>\n<h3>Certamente em mais de uma ocasi\u00e3o voc\u00ea acordou querendo um suco de frutas, mas ou voc\u00ea n\u00e3o os tinha em casa ou n\u00e3o era mais a esta\u00e7\u00e3o e, por um motivo ou outro, voc\u00ea n\u00e3o poderia se dar ao luxo! A melhor solu\u00e7\u00e3o para que n\u00e3o volte a acontecer com voc\u00ea? Polpas de frutas congeladas!<\/h3>\n<p>&nbsp;<\/p>\n<p><img decoding=\"async\" class=\"aligncenter size-full wp-image-7607\" src=\"http:\/\/holdinginvestimentos.com\/wp-content\/uploads\/2020\/10\/sucos-removebg-preview-1.png\" alt=\"\" width=\"666\" height=\"374\" srcset=\"https:\/\/holdinginvestimentos.com\/wp-content\/uploads\/2020\/10\/sucos-removebg-preview-1.png 666w, https:\/\/holdinginvestimentos.com\/wp-content\/uploads\/2020\/10\/sucos-removebg-preview-1-300x168.png 300w, https:\/\/holdinginvestimentos.com\/wp-content\/uploads\/2020\/10\/sucos-removebg-preview-1-150x84.png 150w, https:\/\/holdinginvestimentos.com\/wp-content\/uploads\/2020\/10\/sucos-removebg-preview-1-350x197.png 350w\" sizes=\"(max-width: 666px) 100vw, 666px\" \/><\/p>\n<p>&nbsp;<\/p>\n<h3>Al\u00e9m de deliciosas e preservando todas as suas propriedades, elas duram meses no freezer e voc\u00ea n\u00e3o ter\u00e1 que se preocupar com as frutas da \u00e9poca, ter\u00e1 todas ao seu alcance!<\/h3>\n<p>[\/vc_column_text][vc_empty_space height=&#8221;60px&#8221;][\/vc_column][\/vc_row][vc_row full_width=&#8221;stretch_row&#8221; css=&#8221;.vc_custom_1602953702584{background-color: #120768 !important;}&#8221;][vc_column css=&#8221;.vc_custom_1602954249941{background-color: #120768 !important;}&#8221;][vc_empty_space height=&#8221;30px&#8221;][vc_column_text css=&#8221;.vc_custom_1603308620183{background-color: #120768 !important;}&#8221;]<\/p>\n<h3><span style=\"color: #ffffff;\"><img decoding=\"async\" class=\"alignleft wp-image-7611 size-full\" src=\"http:\/\/holdinginvestimentos.com\/wp-content\/uploads\/2020\/10\/sucos__1_-removebg-preview.png\" alt=\"\" width=\"602\" height=\"414\" srcset=\"https:\/\/holdinginvestimentos.com\/wp-content\/uploads\/2020\/10\/sucos__1_-removebg-preview.png 602w, https:\/\/holdinginvestimentos.com\/wp-content\/uploads\/2020\/10\/sucos__1_-removebg-preview-300x206.png 300w, https:\/\/holdinginvestimentos.com\/wp-content\/uploads\/2020\/10\/sucos__1_-removebg-preview-150x103.png 150w, https:\/\/holdinginvestimentos.com\/wp-content\/uploads\/2020\/10\/sucos__1_-removebg-preview-350x241.png 350w\" sizes=\"(max-width: 602px) 100vw, 602px\" \/><\/span><\/h3>\n<p>&nbsp;<\/p>\n<p>&nbsp;<\/p>\n<p>&nbsp;<\/p>\n<p>&nbsp;<\/p>\n<h3><\/h3>\n<h3><\/h3>\n<h3><span style=\"color: #000000;\"><span style=\"color: #ffffff;\">Nossas polpas s\u00e3o 100% naturais e muito f\u00e1ceis de usar, s\u00e3o pobres em gordura, ricas em vitaminas e s\u00e3o deliciosas.<\/span><\/span><\/h3>\n<h3><span style=\"color: #ffffff;\">Os sabores s\u00e3o muito variados, por isso escolha os seus preferidos e combine-os a seu gosto: sucos, vitaminas, smoothies, compotas, com saladas, etc.<\/span><\/h3>\n<p>&nbsp;<\/p>\n<p>&nbsp;<\/p>\n<p>&nbsp;<\/p>\n<p>&nbsp;<\/p>\n<h2><span style=\"color: #ffffff;\">Benef\u00edcios de usar polpa de fruta:<\/span><\/h2>\n<h3><span style=\"color: #ffffff;\"><img loading=\"lazy\" decoding=\"async\" class=\"alignright size-full wp-image-7614\" src=\"http:\/\/holdinginvestimentos.com\/wp-content\/uploads\/2020\/10\/suco-de-frutas-520x400.jpg\" alt=\"\" width=\"520\" height=\"400\" srcset=\"https:\/\/holdinginvestimentos.com\/wp-content\/uploads\/2020\/10\/suco-de-frutas-520x400.jpg 520w, https:\/\/holdinginvestimentos.com\/wp-content\/uploads\/2020\/10\/suco-de-frutas-520x400-300x231.jpg 300w, https:\/\/holdinginvestimentos.com\/wp-content\/uploads\/2020\/10\/suco-de-frutas-520x400-150x115.jpg 150w, https:\/\/holdinginvestimentos.com\/wp-content\/uploads\/2020\/10\/suco-de-frutas-520x400-350x269.jpg 350w\" sizes=\"(max-width: 520px) 100vw, 520px\" \/><br \/>\n<\/span><\/h3>\n<h3><span style=\"color: #ffffff;\">Economia de tempo! N\u00e3o precisa ser descascado ou filtrado para preparar um suco, smoothie ou suco 100% natural.<\/span><\/h3>\n<h3><span style=\"color: #ffffff;\">Se compra toda a parte comest\u00edvel da fruta, sem casca e sem sementes, reduzindo o volume de res\u00edduos.<\/span><\/h3>\n<h3><span style=\"color: #ffffff;\">Disponibilidade permanente de polpa de fruta em seu freezer ao longo do ano.<\/span><\/h3>\n<h3><span style=\"color: #ffffff;\">Alto valor nutricional. S\u00e3o uma fonte essencial de fibras para o bom funcionamento do sistema digestivo, possuem importantes n\u00edveis de vitaminas A, E e C, prote\u00ednas, a\u00e7\u00facar natural e \u00e1gua.<\/span><\/h3>\n<p>&nbsp;<\/p>\n<p>&nbsp;<\/p>\n<p>&nbsp;<\/p>\n<p>&nbsp;<\/p>\n<h3><\/h3>\n<p>[\/vc_column_text][vc_empty_space height=&#8221;40px&#8221;][\/vc_column][\/vc_row][vc_row full_width=&#8221;stretch_row&#8221; css=&#8221;.vc_custom_1602976905522{background-image: url(http:\/\/holdinginvestimentos.com\/wp-content\/uploads\/2020\/10\/Frutas-13.jpg?id=7622) !important;background-position: center !important;background-repeat: no-repeat !important;background-size: cover !important;}&#8221;][vc_column][vc_empty_space height=&#8221;500px&#8221;][vc_row_inner][vc_column_inner][vc_column_text][\/vc_column_text][\/vc_column_inner][\/vc_row_inner][vc_empty_space height=&#8221;100px&#8221;][\/vc_column][\/vc_row][vc_row full_width=&#8221;stretch_row&#8221; content_placement=&#8221;middle&#8221; parallax=&#8221;content-moving&#8221; parallax_image=&#8221;3267&#8243; css=&#8221;.vc_custom_1497035495065{padding-top: 40px !important;}&#8221;][vc_column][vc_empty_space height=&#8221;50px&#8221;][vc_column_text]<\/p>\n<h3 style=\"font-size: 36px; text-align: center;\"><span style=\"color: #4d4d4c;\">FEED DE NOT\u00cdCIAS<\/span><\/h3>\n<p>[\/vc_column_text][vc_empty_space height=&#8221;50px&#8221;][vc_row_inner][vc_column_inner width=&#8221;1\/3&#8243;][vc_column_text]<\/p>\n<h3 style=\"font-size: 26px;\"><span style=\"color: #4d4d4c;\">NOT\u00cdCIAS DE \u00daLTIMA HORA<\/span><\/h3>\n<p>[\/vc_column_text][vc_column_text css_animation=&#8221;none&#8221;]<\/p>\n<div><iframe src=\"https:\/\/feed.mikle.com\/widget\/v2\/32173\" width=\"300\" height=\"620\"><\/iframe><\/div>\n<p>[\/vc_column_text][vc_empty_space height=&#8221;60px&#8221;][\/vc_column_inner][vc_column_inner width=&#8221;1\/3&#8243;][vc_column_text]<\/p>\n<h3 style=\"font-size: 26px;\"><span style=\"color: #4d4d4c;\">NOT\u00cdCIAS INTERNACIONAIS<\/span><\/h3>\n<p>[\/vc_column_text][vc_column_text css_animation=&#8221;bottom-to-top&#8221;]<\/p>\n<div><iframe style=\"background-color: #ffffff;\" src=\"https:\/\/feed.mikle.com\/widget\/v2\/22467\" width=\"300\" height=\"620\"><\/iframe><\/div>\n<p>[\/vc_column_text][vc_empty_space height=&#8221;60px&#8221;][\/vc_column_inner][vc_column_inner width=&#8221;1\/3&#8243;][vc_column_text]<a href=\"http:\/\/holdingsa.com\/\" target=\"_blank\" rel=\"noopener noreferrer\"><img decoding=\"async\" class=\"aligncenter size-full wp-image-3253\" src=\"http:\/\/holdinginvestimentos.com\/wp-content\/uploads\/2017\/06\/logo_holding-sports.png\" alt=\"\" width=\"250\" srcset=\"https:\/\/holdinginvestimentos.com\/wp-content\/uploads\/2017\/06\/logo_holding-sports.png 300w, https:\/\/holdinginvestimentos.com\/wp-content\/uploads\/2017\/06\/logo_holding-sports-150x118.png 150w\" sizes=\"(max-width: 300px) 100vw, 300px\" \/><\/a>[\/vc_column_text][vc_column_text css_animation=&#8221;none&#8221;]<\/p>\n<div><iframe style=\"background-color: #ffffff;\" src=\"https:\/\/feed.mikle.com\/widget\/v2\/22283\/\" width=\"300\" height=\"440\"><\/iframe><\/div>\n<p>[\/vc_column_text][vc_empty_space height=&#8221;60px&#8221;][\/vc_column_inner][\/vc_row_inner][\/vc_column][\/vc_row]<\/p>\n","protected":false},"excerpt":{"rendered":"<p>[vc_row full_width=&#8221;stretch_row&#8221; css=&#8221;.vc_custom_1602949178949{background-color: #ffffff !important;}&#8221;][vc_column width=&#8221;1\/3&#8243;][vc_column_text] [\/vc_column_text][\/vc_column][vc_column width=&#8221;2\/3&#8243;][vc_empty_space height=&#8221;20px&#8221;][vc_column_text] Frutas tropicais 100% selecionadas! Colhidas no momento ideal de matura\u00e7\u00e3o, elaborada, congelada e realizada segundo um rigoroso processo de produ\u00e7\u00e3o. N\u00e3o cont\u00e9m a\u00e7\u00facar, conservantes ou corantes. 100% natural e deliciosa! [\/vc_column_text][vc_empty_space height=&#8221;20px&#8221;][\/vc_column][\/vc_row][vc_row full_width=&#8221;stretch_row&#8221; css=&#8221;.vc_custom_1602952967825{background-color: #ffffff !important;}&#8221;][vc_column][vc_empty_space height=&#8221;40px&#8221;][vc_column_text] Certamente em mais de uma ocasi\u00e3o voc\u00ea acordou querendo [&hellip;]<\/p>\n","protected":false},"author":2,"featured_media":0,"parent":0,"menu_order":0,"comment_status":"closed","ping_status":"closed","template":"template\/template-homepage.php","meta":{"footnotes":""},"class_list":["post-7772","page","type-page","status-publish","hentry"],"_links":{"self":[{"href":"https:\/\/holdinginvestimentos.com\/pt-br\/wp-json\/wp\/v2\/pages\/7772\/"}],"collection":[{"href":"https:\/\/holdinginvestimentos.com\/pt-br\/wp-json\/wp\/v2\/pages\/"}],"about":[{"href":"https:\/\/holdinginvestimentos.com\/pt-br\/wp-json\/wp\/v2\/types\/page\/"}],"author":[{"embeddable":true,"href":"https:\/\/holdinginvestimentos.com\/pt-br\/wp-json\/wp\/v2\/users\/2\/"}],"replies":[{"embeddable":true,"href":"https:\/\/holdinginvestimentos.com\/pt-br\/wp-json\/wp\/v2\/comments\/?post=7772"}],"version-history":[{"count":6,"href":"https:\/\/holdinginvestimentos.com\/pt-br\/wp-json\/wp\/v2\/pages\/7772\/revisions\/"}],"predecessor-version":[{"id":7778,"href":"https:\/\/holdinginvestimentos.com\/pt-br\/wp-json\/wp\/v2\/pages\/7772\/revisions\/7778\/"}],"wp:attachment":[{"href":"https:\/\/holdinginvestimentos.com\/pt-br\/wp-json\/wp\/v2\/media\/?parent=7772"}],"curies":[{"name":"wp","href":"https:\/\/api.w.org\/{rel}","templated":true}]}}