{"id":7780,"date":"2020-10-17T21:10:09","date_gmt":"2020-10-18T00:10:09","guid":{"rendered":"http:\/\/holdinginvestimentos.com\/dulces-es\/"},"modified":"2020-10-21T20:10:12","modified_gmt":"2020-10-21T22:10:12","slug":"doces","status":"publish","type":"page","link":"https:\/\/holdinginvestimentos.com\/pt-br\/doces\/","title":{"rendered":"DOCES"},"content":{"rendered":"<p>[vc_row full_width=&#8221;stretch_row&#8221; css=&#8221;.vc_custom_1602949178949{background-color: #ffffff !important;}&#8221;][vc_column width=&#8221;2\/3&#8243;][vc_empty_space height=&#8221;80px&#8221;][vc_column_text]<\/p>\n<h1 style=\"text-align: center;\"><\/h1>\n<h1 style=\"text-align: center;\">DOCES BRASILEIROS<\/h1>\n<p>[\/vc_column_text][vc_empty_space height=&#8221;10px&#8221;][\/vc_column][vc_column width=&#8221;1\/3&#8243;][vc_column_text]<\/p>\n<p style=\"text-align: center;\"><img fetchpriority=\"high\" decoding=\"async\" class=\"aligncenter wp-image-7485\" src=\"http:\/\/holdinginvestimentos.com\/wp-content\/uploads\/2020\/10\/Holding-Gran-Selecci\u00f3n.png\" alt=\"\" width=\"450\" height=\"363\" srcset=\"https:\/\/holdinginvestimentos.com\/wp-content\/uploads\/2020\/10\/Holding-Gran-Selecci\u00f3n.png 633w, https:\/\/holdinginvestimentos.com\/wp-content\/uploads\/2020\/10\/Holding-Gran-Selecci\u00f3n-300x242.png 300w, https:\/\/holdinginvestimentos.com\/wp-content\/uploads\/2020\/10\/Holding-Gran-Selecci\u00f3n-150x121.png 150w, https:\/\/holdinginvestimentos.com\/wp-content\/uploads\/2020\/10\/Holding-Gran-Selecci\u00f3n-350x282.png 350w\" sizes=\"(max-width: 450px) 100vw, 450px\" \/><\/p>\n<p>[\/vc_column_text][\/vc_column][\/vc_row][vc_row full_width=&#8221;stretch_row&#8221; css=&#8221;.vc_custom_1602952967825{background-color: #ffffff !important;}&#8221;][vc_column][vc_empty_space height=&#8221;20px&#8221;][vc_column_text]<\/p>\n<h1 style=\"text-align: center;\">DOCE DE LEITE<\/h1>\n<p>&nbsp;<\/p>\n<p><img decoding=\"async\" class=\"aligncenter size-full wp-image-7631\" src=\"http:\/\/holdinginvestimentos.com\/wp-content\/uploads\/2020\/10\/COLHERES-removebg-preview.png\" alt=\"\" width=\"844\" height=\"296\" srcset=\"https:\/\/holdinginvestimentos.com\/wp-content\/uploads\/2020\/10\/COLHERES-removebg-preview.png 844w, https:\/\/holdinginvestimentos.com\/wp-content\/uploads\/2020\/10\/COLHERES-removebg-preview-300x105.png 300w, https:\/\/holdinginvestimentos.com\/wp-content\/uploads\/2020\/10\/COLHERES-removebg-preview-768x269.png 768w, https:\/\/holdinginvestimentos.com\/wp-content\/uploads\/2020\/10\/COLHERES-removebg-preview-150x53.png 150w, https:\/\/holdinginvestimentos.com\/wp-content\/uploads\/2020\/10\/COLHERES-removebg-preview-350x123.png 350w\" sizes=\"(max-width: 844px) 100vw, 844px\" \/><\/p>\n<p>&nbsp;<\/p>\n<h3>Para quem n\u00e3o conhece, doce de leite \u00e9 para alguns uma sobremesa e para outros uma esp\u00e9cie de marmelada com cor de caramelo, feita de a\u00e7\u00facar e leite.<\/h3>\n<h3>Ao que parece, este doce t\u00e3o popular \u00e9 mais antigo do que pensamos. No Brasil, h\u00e1 um relato escrito sobre a produ\u00e7\u00e3o de doce de leite, datado no estado brasileiro de Minas Gerais em 1773.<\/h3>\n<p>&nbsp;<\/p>\n<h3><img decoding=\"async\" class=\"aligncenter size-full wp-image-7634\" src=\"http:\/\/holdinginvestimentos.com\/wp-content\/uploads\/2020\/10\/dulce-de-leche-repostero-removebg-preview.png\" alt=\"\" width=\"645\" height=\"387\" srcset=\"https:\/\/holdinginvestimentos.com\/wp-content\/uploads\/2020\/10\/dulce-de-leche-repostero-removebg-preview.png 645w, https:\/\/holdinginvestimentos.com\/wp-content\/uploads\/2020\/10\/dulce-de-leche-repostero-removebg-preview-300x180.png 300w, https:\/\/holdinginvestimentos.com\/wp-content\/uploads\/2020\/10\/dulce-de-leche-repostero-removebg-preview-150x90.png 150w, https:\/\/holdinginvestimentos.com\/wp-content\/uploads\/2020\/10\/dulce-de-leche-repostero-removebg-preview-350x210.png 350w\" sizes=\"(max-width: 645px) 100vw, 645px\" \/><\/h3>\n<p>&nbsp;<\/p>\n<h3><\/h3>\n<h3>Seu consumo se estende a todos os pa\u00edses da Am\u00e9rica Latina. Este produto recebe denomina\u00e7\u00f5es diferentes dependendo do pa\u00eds em que \u00e9 consumido e tamb\u00e9m apresenta algumas variedades regionais. \u00c9 amplamente utilizado em sobremesas como alfajores, cuchufl\u00edes, wafers, panquecas, panquecas, waffles, sorvetes, bolos ou bolos.<\/h3>\n<p>[\/vc_column_text][vc_empty_space height=&#8221;40px&#8221;][\/vc_column][\/vc_row][vc_row full_width=&#8221;stretch_row&#8221; css=&#8221;.vc_custom_1602978270571{background-image: url(http:\/\/holdinginvestimentos.com\/wp-content\/uploads\/2020\/10\/membrillo-scaled.jpg?id=7639) !important;background-position: center !important;background-repeat: no-repeat !important;background-size: cover !important;}&#8221;][vc_column][vc_empty_space height=&#8221;100px&#8221;][vc_column_text css=&#8221;.vc_custom_1603309721469{background-color: rgba(255,255,255,0.45) !important;*background-color: rgb(255,255,255) !important;}&#8221;]<\/p>\n<h1><\/h1>\n<h1 style=\"text-align: center;\">Da mesma forma que na Espanha temos o Doce de Marmelo, no Brasil temos a GOIABADA e a BANANADA.<\/h1>\n<h1><\/h1>\n<h1><\/h1>\n<p>[\/vc_column_text][vc_empty_space height=&#8221;200px&#8221;][\/vc_column][\/vc_row][vc_row full_width=&#8221;stretch_row&#8221; css=&#8221;.vc_custom_1602953702584{background-color: #120768 !important;}&#8221;][vc_column css=&#8221;.vc_custom_1602954249941{background-color: #120768 !important;}&#8221;][vc_empty_space height=&#8221;40px&#8221;][vc_column_text css=&#8221;.vc_custom_1603310430782{background-color: #120768 !important;}&#8221;]<\/p>\n<h1 style=\"text-align: center;\"><span style=\"color: #ffffff;\">DOCE DE GOIABA (GOIABADA)<\/span><\/h1>\n<p>&nbsp;<\/p>\n<h3><span style=\"color: #ffffff;\">Uma das sobremesas brasileiras mais f\u00e1ceis de preparar, a goiabada s\u00f3 precisa de goiaba, a\u00e7\u00facar e um pouco de \u00e1gua.<\/span><\/h3>\n<h3><span style=\"color: #ffffff;\">\u00c9 um doce tradicional da culin\u00e1ria brasileira de forte consist\u00eancia.<\/span><\/h3>\n<p>&nbsp;<\/p>\n<h3><span style=\"color: #ffffff;\"><img loading=\"lazy\" decoding=\"async\" class=\"aligncenter size-large wp-image-7644\" src=\"http:\/\/holdinginvestimentos.com\/wp-content\/uploads\/2020\/10\/Goiabada-2-1024x328.png\" alt=\"\" width=\"1024\" height=\"328\" srcset=\"https:\/\/holdinginvestimentos.com\/wp-content\/uploads\/2020\/10\/Goiabada-2-1024x328.png 1024w, https:\/\/holdinginvestimentos.com\/wp-content\/uploads\/2020\/10\/Goiabada-2-300x96.png 300w, https:\/\/holdinginvestimentos.com\/wp-content\/uploads\/2020\/10\/Goiabada-2-768x246.png 768w, https:\/\/holdinginvestimentos.com\/wp-content\/uploads\/2020\/10\/Goiabada-2-150x48.png 150w, https:\/\/holdinginvestimentos.com\/wp-content\/uploads\/2020\/10\/Goiabada-2-350x112.png 350w, https:\/\/holdinginvestimentos.com\/wp-content\/uploads\/2020\/10\/Goiabada-2.png 1045w\" sizes=\"(max-width: 1024px) 100vw, 1024px\" \/><\/span><\/h3>\n<p>&nbsp;<\/p>\n<h3><\/h3>\n<h3><\/h3>\n<h3><span style=\"color: #ffffff;\">Costuma ser apresentado ao consumidor com um aspecto artesanal em caixas de madeira, ao contr\u00e1rio, a forma industrializada que costuma ser vendida em caixas redondas.<\/span><\/h3>\n<h3><span style=\"color: #ffffff;\">\u00a0 <img loading=\"lazy\" decoding=\"async\" class=\"alignright wp-image-7647\" src=\"http:\/\/holdinginvestimentos.com\/wp-content\/uploads\/2020\/10\/Romeu-e-Julieta.jpg\" alt=\"\" width=\"400\" height=\"265\" srcset=\"https:\/\/holdinginvestimentos.com\/wp-content\/uploads\/2020\/10\/Romeu-e-Julieta.jpg 480w, https:\/\/holdinginvestimentos.com\/wp-content\/uploads\/2020\/10\/Romeu-e-Julieta-300x199.jpg 300w, https:\/\/holdinginvestimentos.com\/wp-content\/uploads\/2020\/10\/Romeu-e-Julieta-150x99.jpg 150w, https:\/\/holdinginvestimentos.com\/wp-content\/uploads\/2020\/10\/Romeu-e-Julieta-350x232.jpg 350w\" sizes=\"(max-width: 400px) 100vw, 400px\" \/><\/span><\/h3>\n<h3><\/h3>\n<h3><\/h3>\n<h3><\/h3>\n<h3><\/h3>\n<h3><span style=\"color: #ffffff;\">Costuma-se comer com Queijo Fresco, numa combina\u00e7\u00e3o tradicional brasileira conhecida como &#8220;Romeu e Julieta&#8221;.<\/span><\/h3>\n<h3><\/h3>\n<p>&nbsp;<\/p>\n<h3><span style=\"color: #ffffff;\">Como na hist\u00f3ria de amor, eles s\u00e3o totalmente diferentes, mas perfeitos quando est\u00e3o juntos.<\/span><\/h3>\n<p>[\/vc_column_text][vc_empty_space height=&#8221;40px&#8221;][\/vc_column][\/vc_row][vc_row full_width=&#8221;stretch_row&#8221; css=&#8221;.vc_custom_1602979334416{background-color: #ffffff !important;background-position: center !important;background-repeat: no-repeat !important;background-size: cover !important;}&#8221;][vc_column][vc_empty_space height=&#8221;60px&#8221;][vc_row_inner][vc_column_inner][vc_column_text]<\/p>\n<h1 style=\"text-align: center;\">DOCE DE BANANA (BANANADA)<\/h1>\n<p>&nbsp;<\/p>\n<h3><img loading=\"lazy\" decoding=\"async\" class=\"alignleft size-full wp-image-7655\" src=\"http:\/\/holdinginvestimentos.com\/wp-content\/uploads\/2020\/10\/Bananada-removebg-preview.png\" alt=\"\" width=\"590\" height=\"423\" srcset=\"https:\/\/holdinginvestimentos.com\/wp-content\/uploads\/2020\/10\/Bananada-removebg-preview.png 590w, https:\/\/holdinginvestimentos.com\/wp-content\/uploads\/2020\/10\/Bananada-removebg-preview-300x215.png 300w, https:\/\/holdinginvestimentos.com\/wp-content\/uploads\/2020\/10\/Bananada-removebg-preview-150x108.png 150w, https:\/\/holdinginvestimentos.com\/wp-content\/uploads\/2020\/10\/Bananada-removebg-preview-350x251.png 350w\" sizes=\"(max-width: 590px) 100vw, 590px\" \/><\/h3>\n<p>&nbsp;<\/p>\n<p>&nbsp;<\/p>\n<h3>A banana \u00e9 um doce feito basicamente com polpa de banana e a\u00e7\u00facar, com ou sem \u00e1gua, pectina e um ajustador de pH concentrado, para que o ponto de corte seja atingido. O tipo de banana mais adequado para sua produ\u00e7\u00e3o \u00e9 a Prata.<\/h3>\n<p>&nbsp;<\/p>\n<h3>A determina\u00e7\u00e3o de sua origem \u00e9 extremamente complexa, por\u00e9m, a prov\u00e1vel origem do doce foi durante o Brasil colonial, em que as bananas j\u00e1 maduras eram descartadas e entregues aos escravos, que utilizavam e produziam doces.<\/h3>\n<p>[\/vc_column_text][\/vc_column_inner][\/vc_row_inner][vc_empty_space height=&#8221;60px&#8221;][\/vc_column][\/vc_row][vc_row full_width=&#8221;stretch_row&#8221; css=&#8221;.vc_custom_1602979750441{background-image: url(http:\/\/holdinginvestimentos.com\/wp-content\/uploads\/2020\/10\/1583567369.jpg?id=7535) !important;background-position: center !important;background-repeat: no-repeat !important;background-size: cover !important;}&#8221;][vc_column][vc_empty_space height=&#8221;500px&#8221;][vc_row_inner][vc_column_inner][vc_column_text][\/vc_column_text][\/vc_column_inner][\/vc_row_inner][vc_empty_space height=&#8221;100px&#8221;][\/vc_column][\/vc_row][vc_row full_width=&#8221;stretch_row&#8221; content_placement=&#8221;middle&#8221; parallax=&#8221;content-moving&#8221; parallax_image=&#8221;3267&#8243; css=&#8221;.vc_custom_1497035495065{padding-top: 40px !important;}&#8221;][vc_column][vc_empty_space height=&#8221;50px&#8221;][vc_column_text]<\/p>\n<h3 style=\"font-size: 36px; text-align: center;\"><span style=\"color: #4d4d4c;\">FEED DE NOT\u00cdCIAS<\/span><\/h3>\n<p>[\/vc_column_text][vc_empty_space height=&#8221;50px&#8221;][vc_row_inner][vc_column_inner width=&#8221;1\/3&#8243;][vc_column_text]<\/p>\n<h3 style=\"font-size: 26px;\"><span style=\"color: #4d4d4c;\">NOT\u00cdCIAS DE \u00daLTIMA HORA<\/span><\/h3>\n<p>[\/vc_column_text][vc_column_text css_animation=&#8221;none&#8221;]<\/p>\n<div><iframe src=\"https:\/\/feed.mikle.com\/widget\/v2\/32173\" width=\"300\" height=\"620\"><\/iframe><\/div>\n<p>[\/vc_column_text][vc_empty_space height=&#8221;60px&#8221;][\/vc_column_inner][vc_column_inner width=&#8221;1\/3&#8243;][vc_column_text]<\/p>\n<h3 style=\"font-size: 26px;\"><span style=\"color: #4d4d4c;\">NOT\u00cdCIAS INTERNACIONAIS<\/span><\/h3>\n<p>[\/vc_column_text][vc_column_text css_animation=&#8221;bottom-to-top&#8221;]<\/p>\n<div><iframe style=\"background-color: #ffffff;\" src=\"https:\/\/feed.mikle.com\/widget\/v2\/22467\" width=\"300\" height=\"620\"><\/iframe><\/div>\n<p>[\/vc_column_text][vc_empty_space height=&#8221;60px&#8221;][\/vc_column_inner][vc_column_inner width=&#8221;1\/3&#8243;][vc_column_text]<a href=\"http:\/\/holdingsa.com\/\" target=\"_blank\" rel=\"noopener noreferrer\"><img decoding=\"async\" class=\"aligncenter size-full wp-image-3253\" src=\"http:\/\/holdinginvestimentos.com\/wp-content\/uploads\/2017\/06\/logo_holding-sports.png\" alt=\"\" width=\"250\" srcset=\"https:\/\/holdinginvestimentos.com\/wp-content\/uploads\/2017\/06\/logo_holding-sports.png 300w, https:\/\/holdinginvestimentos.com\/wp-content\/uploads\/2017\/06\/logo_holding-sports-150x118.png 150w\" sizes=\"(max-width: 300px) 100vw, 300px\" \/><\/a>[\/vc_column_text][vc_column_text css_animation=&#8221;none&#8221;]<\/p>\n<div><iframe style=\"background-color: #ffffff;\" src=\"https:\/\/feed.mikle.com\/widget\/v2\/22283\/\" width=\"300\" height=\"440\"><\/iframe><\/div>\n<p>[\/vc_column_text][vc_empty_space height=&#8221;60px&#8221;][\/vc_column_inner][\/vc_row_inner][\/vc_column][\/vc_row]<\/p>\n","protected":false},"excerpt":{"rendered":"<p>[vc_row full_width=&#8221;stretch_row&#8221; css=&#8221;.vc_custom_1602949178949{background-color: #ffffff !important;}&#8221;][vc_column width=&#8221;2\/3&#8243;][vc_empty_space height=&#8221;80px&#8221;][vc_column_text] DOCES BRASILEIROS [\/vc_column_text][vc_empty_space height=&#8221;10px&#8221;][\/vc_column][vc_column width=&#8221;1\/3&#8243;][vc_column_text] [\/vc_column_text][\/vc_column][\/vc_row][vc_row full_width=&#8221;stretch_row&#8221; css=&#8221;.vc_custom_1602952967825{background-color: #ffffff !important;}&#8221;][vc_column][vc_empty_space height=&#8221;20px&#8221;][vc_column_text] DOCE DE LEITE &nbsp; &nbsp; Para quem n\u00e3o conhece, doce de leite \u00e9 para alguns uma sobremesa e para outros uma esp\u00e9cie de marmelada com cor de caramelo, feita de a\u00e7\u00facar e leite. Ao que parece, este [&hellip;]<\/p>\n","protected":false},"author":2,"featured_media":0,"parent":0,"menu_order":0,"comment_status":"closed","ping_status":"closed","template":"template\/template-homepage.php","meta":{"footnotes":""},"class_list":["post-7780","page","type-page","status-publish","hentry"],"_links":{"self":[{"href":"https:\/\/holdinginvestimentos.com\/pt-br\/wp-json\/wp\/v2\/pages\/7780\/"}],"collection":[{"href":"https:\/\/holdinginvestimentos.com\/pt-br\/wp-json\/wp\/v2\/pages\/"}],"about":[{"href":"https:\/\/holdinginvestimentos.com\/pt-br\/wp-json\/wp\/v2\/types\/page\/"}],"author":[{"embeddable":true,"href":"https:\/\/holdinginvestimentos.com\/pt-br\/wp-json\/wp\/v2\/users\/2\/"}],"replies":[{"embeddable":true,"href":"https:\/\/holdinginvestimentos.com\/pt-br\/wp-json\/wp\/v2\/comments\/?post=7780"}],"version-history":[{"count":6,"href":"https:\/\/holdinginvestimentos.com\/pt-br\/wp-json\/wp\/v2\/pages\/7780\/revisions\/"}],"predecessor-version":[{"id":7781,"href":"https:\/\/holdinginvestimentos.com\/pt-br\/wp-json\/wp\/v2\/pages\/7780\/revisions\/7781\/"}],"wp:attachment":[{"href":"https:\/\/holdinginvestimentos.com\/pt-br\/wp-json\/wp\/v2\/media\/?parent=7780"}],"curies":[{"name":"wp","href":"https:\/\/api.w.org\/{rel}","templated":true}]}}