{"id":7787,"date":"2020-10-17T21:46:39","date_gmt":"2020-10-18T00:46:39","guid":{"rendered":"http:\/\/holdinginvestimentos.com\/vinos-es\/"},"modified":"2020-10-21T20:11:48","modified_gmt":"2020-10-21T22:11:48","slug":"vinhos","status":"publish","type":"page","link":"https:\/\/holdinginvestimentos.com\/pt-br\/vinhos\/","title":{"rendered":"VINHOS"},"content":{"rendered":"<p>[vc_row full_width=&#8221;stretch_row&#8221; css=&#8221;.vc_custom_1602949178949{background-color: #ffffff !important;}&#8221;][vc_column width=&#8221;1\/3&#8243;][vc_column_text]<\/p>\n<p style=\"text-align: center;\"><img fetchpriority=\"high\" decoding=\"async\" class=\"aligncenter wp-image-7485\" src=\"http:\/\/holdinginvestimentos.com\/wp-content\/uploads\/2020\/10\/Holding-Gran-Selecci\u00f3n.png\" alt=\"\" width=\"420\" height=\"338\" srcset=\"https:\/\/holdinginvestimentos.com\/wp-content\/uploads\/2020\/10\/Holding-Gran-Selecci\u00f3n.png 633w, https:\/\/holdinginvestimentos.com\/wp-content\/uploads\/2020\/10\/Holding-Gran-Selecci\u00f3n-300x242.png 300w, https:\/\/holdinginvestimentos.com\/wp-content\/uploads\/2020\/10\/Holding-Gran-Selecci\u00f3n-150x121.png 150w, https:\/\/holdinginvestimentos.com\/wp-content\/uploads\/2020\/10\/Holding-Gran-Selecci\u00f3n-350x282.png 350w\" sizes=\"(max-width: 420px) 100vw, 420px\" \/><\/p>\n<p>[\/vc_column_text][\/vc_column][vc_column width=&#8221;2\/3&#8243;][vc_empty_space height=&#8221;50px&#8221;][vc_column_text]<\/p>\n<h3>Espanha \u00e9 uma refer\u00eancia em vinhos, a sua qualidade e diversidade conferem-lhe uma grande reputa\u00e7\u00e3o internacional. Nas vin\u00edcolas espanholas podemos encontrar muitos tipos de vinhos.<\/h3>\n<h3>Atualmente na Espanha mais de 950.000 hectares s\u00e3o dedicados ao cultivo de uvas. Um trabalho altamente meticuloso!<\/h3>\n<p>[\/vc_column_text][vc_empty_space height=&#8221;20px&#8221;][\/vc_column][\/vc_row][vc_row full_width=&#8221;stretch_row&#8221; css=&#8221;.vc_custom_1602980531792{background-image: url(http:\/\/holdinginvestimentos.com\/wp-content\/uploads\/2020\/10\/Vino-Tinto-y-Blanco.jpg?id=7668) !important;background-position: center !important;background-repeat: no-repeat !important;background-size: cover !important;}&#8221;][vc_column][vc_empty_space height=&#8221;500px&#8221;][vc_column_text][\/vc_column_text][vc_empty_space height=&#8221;100px&#8221;][\/vc_column][\/vc_row][vc_row full_width=&#8221;stretch_row&#8221; css=&#8221;.vc_custom_1602952967825{background-color: #ffffff !important;}&#8221;][vc_column][vc_empty_space height=&#8221;40px&#8221;][vc_column_text]<\/p>\n<h1 style=\"text-align: center;\"><strong>QUE TIPOS DE VINHOS ESPANH\u00d3IS EXISTEM?<\/strong><\/h1>\n<p>&nbsp;<\/p>\n<p><img decoding=\"async\" class=\"alignright wp-image-7671\" src=\"http:\/\/holdinginvestimentos.com\/wp-content\/uploads\/2020\/10\/katamaniacos_vincupd-removebg-preview.png\" alt=\"\" width=\"600\" height=\"349\" srcset=\"https:\/\/holdinginvestimentos.com\/wp-content\/uploads\/2020\/10\/katamaniacos_vincupd-removebg-preview.png 655w, https:\/\/holdinginvestimentos.com\/wp-content\/uploads\/2020\/10\/katamaniacos_vincupd-removebg-preview-300x175.png 300w, https:\/\/holdinginvestimentos.com\/wp-content\/uploads\/2020\/10\/katamaniacos_vincupd-removebg-preview-150x87.png 150w, https:\/\/holdinginvestimentos.com\/wp-content\/uploads\/2020\/10\/katamaniacos_vincupd-removebg-preview-350x204.png 350w\" sizes=\"(max-width: 600px) 100vw, 600px\" \/><\/p>\n<h2>Tranquilos, eles s\u00e3o diferenciados e classificados em:<\/h2>\n<h3>&#8211; Brancos Jovens Arom\u00e1ticos<br \/>\n&#8211; Brancos Secos Amadeirados<br \/>\n&#8211; Brancos Secos Naturais<br \/>\n&#8211; Rosados<br \/>\n&#8211; Tintos Envelhecidos<br \/>\n&#8211; Tintos Jovens<br \/>\n&#8211; Tintos Reserva<br \/>\n&#8211; Tintos Gran Reserva<br \/>\n&#8211; Tintos Amadeirados<\/h3>\n<p>&nbsp;<\/p>\n<p>&nbsp;<\/p>\n<h2>Especiais, \u00e9 um grupo menor, mas entre eles est\u00e3o:<\/h2>\n<h3>&#8211; Doces<br \/>\n&#8211; Espumante<br \/>\n&#8211; Generoso Seco<br \/>\n&#8211; Vermut<br \/>\n&#8211; Outros: Moscatel, Pedro Xim\u00e9nez, vinhos tostados, Fondill\u00f3n, Mistela\u2026<\/h3>\n<h3>Uma longa lista que re\u00fane vinhos leves e \u00e1cidos, arom\u00e1ticos, de alto e baixo teor alco\u00f3lico, serenos, de curta e longa matura\u00e7\u00e3o, mas sobretudo vinhos saborosos e doces.<\/h3>\n<h3><\/h3>\n<p>[\/vc_column_text][vc_empty_space height=&#8221;60px&#8221;][\/vc_column][\/vc_row][vc_row full_width=&#8221;stretch_row&#8221; css=&#8221;.vc_custom_1602981287431{background-image: url(http:\/\/holdinginvestimentos.com\/wp-content\/uploads\/2020\/10\/vino-generoso-portada.jpg?id=7674) !important;background-position: center !important;background-repeat: no-repeat !important;background-size: cover !important;}&#8221;][vc_column][vc_empty_space height=&#8221;500px&#8221;][vc_column_text][\/vc_column_text][vc_empty_space height=&#8221;60px&#8221;][\/vc_column][\/vc_row][vc_row full_width=&#8221;stretch_row&#8221; css=&#8221;.vc_custom_1602953702584{background-color: #120768 !important;}&#8221;][vc_column css=&#8221;.vc_custom_1602954249941{background-color: #120768 !important;}&#8221;][vc_empty_space height=&#8221;40px&#8221;][vc_column_text css=&#8221;.vc_custom_1603315794349{background-color: #120768 !important;}&#8221;]<\/p>\n<h1 style=\"text-align: center;\"><span style=\"color: #ffffff;\">DENOMINA\u00c7\u00c3O DE ORIGEM<\/span><\/h1>\n<p>&nbsp;<\/p>\n<h3><span style=\"color: #ffffff;\">Uma boa ideia para saber quantos vinhos espanh\u00f3is existem \u00e9 olhar quantas denomina\u00e7\u00f5es de origem foram concedidas ao longo dos anos. Se come\u00e7armos pelo Norte, podemos organiz\u00e1-los por Comunidades Aut\u00f4nomas assim:<\/span><\/h3>\n<p>&nbsp;<\/p>\n<h3><span style=\"color: #ffffff;\">\u2013 Galicia: Bierzo, Valdeorras, Monterrei, Ribiero, R\u00edas Baixas e Ribiera Sacra.<\/span><br \/>\n<span style=\"color: #ffffff;\">\u2013 Pa\u00eds Vasco: Txakol\u00ed de Bizkaia, Txakol\u00ed de Getaria e Txakol\u00ed de \u00c1lava.<\/span><br \/>\n<span style=\"color: #ffffff;\">\u2013 Navarra: Navarra<\/span><br \/>\n<span style=\"color: #ffffff;\">\u2013 La Rioja: Calificada Rioja.<\/span><br \/>\n<span style=\"color: #ffffff;\">\u2013 Arag\u00f3n: Somontano, Campo de Borja, Cari\u00f1ena, Calatayud.<\/span><br \/>\n<span style=\"color: #ffffff;\">\u2013 Catalu\u00f1a: Empord\u00e0, Pla de Bages, Pened\u00e9s, Cava, Calificada Priorato, Catalunya, Montsant, Tarragona e Terra Alta.<\/span><br \/>\n<span style=\"color: #ffffff;\">\u2013 Comunidad Valenciana: Utiel \u2013 Requena, Valencia e Alicante.<\/span><br \/>\n<span style=\"color: #ffffff;\">\u2013 Islas Baleares: Binissalem \u2013 Mallorca e Pla i Llevant.<\/span><br \/>\n<span style=\"color: #ffffff;\">\u2013 Murcia: Yecla, Jumilla e Bullas.<\/span><br \/>\n<span style=\"color: #ffffff;\">\u2013 Andaluc\u00eda: Montilla \u2013 Moriles, M\u00e1laga, Sierra de M\u00e1laga y Pasas de M\u00e1laga, Jerez \u2013 X\u00e9res \u2013 Sherry y Manzanilla Sanl\u00facar de Barrameda e Condado de Huelva.<\/span><br \/>\n<span style=\"color: #ffffff;\">\u2013 Extremadura: Ribera del Guadiana.<\/span><br \/>\n<span style=\"color: #ffffff;\">\u2013 Castila \u2013 La Mancha: Manchuella, Valdepe\u00f1as, La Mancha, Ribera del J\u00facar e Ucl\u00e9s.<\/span><br \/>\n<span style=\"color: #ffffff;\">\u2013 Comunidad de Madrid: Vinos de Madrid.<\/span><br \/>\n<span style=\"color: #ffffff;\">\u2013 Castilla y Le\u00f3n: Ribera del Duero, Rueda, Tierra del Vino de Zamora, Arribes, Toro, Tierra de Le\u00f3n, Cigales e Arlanza.<\/span><br \/>\n<span style=\"color: #ffffff;\">\u2013 Islas Canarias: Tacoronte \u2013 Acentejo.<\/span><\/h3>\n<p>[\/vc_column_text][vc_empty_space height=&#8221;40px&#8221;][\/vc_column][\/vc_row][vc_row full_width=&#8221;stretch_row&#8221; css=&#8221;.vc_custom_1602981889194{background-image: url(http:\/\/holdinginvestimentos.com\/wp-content\/uploads\/2020\/10\/Vino-1.jpg?id=7678) !important;background-position: center !important;background-repeat: no-repeat !important;background-size: cover !important;}&#8221;][vc_column][vc_empty_space height=&#8221;500px&#8221;][vc_row_inner][vc_column_inner][vc_column_text][\/vc_column_text][\/vc_column_inner][\/vc_row_inner][vc_empty_space height=&#8221;100px&#8221;][\/vc_column][\/vc_row][vc_row full_width=&#8221;stretch_row&#8221; content_placement=&#8221;middle&#8221; parallax=&#8221;content-moving&#8221; parallax_image=&#8221;3267&#8243; css=&#8221;.vc_custom_1497035495065{padding-top: 40px !important;}&#8221;][vc_column][vc_empty_space height=&#8221;50px&#8221;][vc_column_text]<\/p>\n<h3 style=\"font-size: 36px; text-align: center;\"><span style=\"color: #4d4d4c;\">FEED DE NOT\u00cdCIAS<\/span><\/h3>\n<p>[\/vc_column_text][vc_empty_space height=&#8221;50px&#8221;][vc_row_inner][vc_column_inner width=&#8221;1\/3&#8243;][vc_column_text]<\/p>\n<h3 style=\"font-size: 26px;\"><span style=\"color: #4d4d4c;\">NOT\u00cdCIAS DE \u00daLTIMA HORA<\/span><\/h3>\n<p>[\/vc_column_text][vc_column_text css_animation=&#8221;none&#8221;]<\/p>\n<div><iframe src=\"https:\/\/feed.mikle.com\/widget\/v2\/32173\" width=\"300\" height=\"620\"><\/iframe><\/div>\n<p>[\/vc_column_text][vc_empty_space height=&#8221;60px&#8221;][\/vc_column_inner][vc_column_inner width=&#8221;1\/3&#8243;][vc_column_text]<\/p>\n<h3 style=\"font-size: 26px;\"><span style=\"color: #4d4d4c;\">NOT\u00cdCIAS INTERNACIONAIS<\/span><\/h3>\n<p>[\/vc_column_text][vc_column_text css_animation=&#8221;bottom-to-top&#8221;]<\/p>\n<div><iframe style=\"background-color: #ffffff;\" src=\"https:\/\/feed.mikle.com\/widget\/v2\/22467\" width=\"300\" height=\"620\"><\/iframe><\/div>\n<p>[\/vc_column_text][vc_empty_space height=&#8221;60px&#8221;][\/vc_column_inner][vc_column_inner width=&#8221;1\/3&#8243;][vc_column_text]<a href=\"http:\/\/holdingsa.com\/\" target=\"_blank\" rel=\"noopener noreferrer\"><img decoding=\"async\" class=\"aligncenter size-full wp-image-3253\" src=\"http:\/\/holdinginvestimentos.com\/wp-content\/uploads\/2017\/06\/logo_holding-sports.png\" alt=\"\" width=\"250\" srcset=\"https:\/\/holdinginvestimentos.com\/wp-content\/uploads\/2017\/06\/logo_holding-sports.png 300w, https:\/\/holdinginvestimentos.com\/wp-content\/uploads\/2017\/06\/logo_holding-sports-150x118.png 150w\" sizes=\"(max-width: 300px) 100vw, 300px\" \/><\/a>[\/vc_column_text][vc_column_text css_animation=&#8221;none&#8221;]<\/p>\n<div><iframe style=\"background-color: #ffffff;\" src=\"https:\/\/feed.mikle.com\/widget\/v2\/22283\/\" width=\"300\" height=\"440\"><\/iframe><\/div>\n<p>[\/vc_column_text][vc_empty_space height=&#8221;60px&#8221;][\/vc_column_inner][\/vc_row_inner][\/vc_column][\/vc_row]<\/p>\n","protected":false},"excerpt":{"rendered":"<p>[vc_row full_width=&#8221;stretch_row&#8221; css=&#8221;.vc_custom_1602949178949{background-color: #ffffff !important;}&#8221;][vc_column width=&#8221;1\/3&#8243;][vc_column_text] [\/vc_column_text][\/vc_column][vc_column width=&#8221;2\/3&#8243;][vc_empty_space height=&#8221;50px&#8221;][vc_column_text] Espanha \u00e9 uma refer\u00eancia em vinhos, a sua qualidade e diversidade conferem-lhe uma grande reputa\u00e7\u00e3o internacional. Nas vin\u00edcolas espanholas podemos encontrar muitos tipos de vinhos. Atualmente na Espanha mais de 950.000 hectares s\u00e3o dedicados ao cultivo de uvas. Um trabalho altamente meticuloso! [\/vc_column_text][vc_empty_space height=&#8221;20px&#8221;][\/vc_column][\/vc_row][vc_row full_width=&#8221;stretch_row&#8221; css=&#8221;.vc_custom_1602980531792{background-image: [&hellip;]<\/p>\n","protected":false},"author":2,"featured_media":0,"parent":0,"menu_order":0,"comment_status":"closed","ping_status":"closed","template":"template\/template-homepage.php","meta":{"footnotes":""},"class_list":["post-7787","page","type-page","status-publish","hentry"],"_links":{"self":[{"href":"https:\/\/holdinginvestimentos.com\/pt-br\/wp-json\/wp\/v2\/pages\/7787\/"}],"collection":[{"href":"https:\/\/holdinginvestimentos.com\/pt-br\/wp-json\/wp\/v2\/pages\/"}],"about":[{"href":"https:\/\/holdinginvestimentos.com\/pt-br\/wp-json\/wp\/v2\/types\/page\/"}],"author":[{"embeddable":true,"href":"https:\/\/holdinginvestimentos.com\/pt-br\/wp-json\/wp\/v2\/users\/2\/"}],"replies":[{"embeddable":true,"href":"https:\/\/holdinginvestimentos.com\/pt-br\/wp-json\/wp\/v2\/comments\/?post=7787"}],"version-history":[{"count":4,"href":"https:\/\/holdinginvestimentos.com\/pt-br\/wp-json\/wp\/v2\/pages\/7787\/revisions\/"}],"predecessor-version":[{"id":7789,"href":"https:\/\/holdinginvestimentos.com\/pt-br\/wp-json\/wp\/v2\/pages\/7787\/revisions\/7789\/"}],"wp:attachment":[{"href":"https:\/\/holdinginvestimentos.com\/pt-br\/wp-json\/wp\/v2\/media\/?parent=7787"}],"curies":[{"name":"wp","href":"https:\/\/api.w.org\/{rel}","templated":true}]}}