{"id":7900,"date":"2020-10-26T19:26:34","date_gmt":"2020-10-26T21:26:34","guid":{"rendered":"http:\/\/holdinginvestimentos.com\/?page_id=7900"},"modified":"2020-10-27T15:26:00","modified_gmt":"2020-10-27T17:26:00","slug":"holding-grupo","status":"publish","type":"page","link":"https:\/\/holdinginvestimentos.com\/pt-br\/holding-grupo\/","title":{"rendered":"HOLDING GRUPO"},"content":{"rendered":"<p>[vc_row][vc_column][vc_empty_space height=&#8221;80px&#8221;][vc_column_text]<\/p>\n<h1 style=\"text-align: center; font-size: 40px;\"><b>CONSULTORIA <\/b><b>INTERNACIONAL Hispano-<\/b><b>Brasileira<\/b><\/h1>\n<p>[\/vc_column_text][vc_empty_space height=&#8221;30px&#8221;][vc_video link=&#8221;&#8221; align=&#8221;center&#8221;][vc_column_text]<strong>Grupo Holding S. S. Assessoria<\/strong>, \u00e9 uma Consultoria Internacional, sendo uma marca consolidada no <strong>Brasil<\/strong> e na <strong>Espanha<\/strong>, com mais de 33 anos de experi\u00eancia, destinada a ajudar empresas espanholas e brasileiras que queiram se expandir e se estabelecer nos diferentes mercados.<\/p>\n<p>A <strong>Holding Investimentos<\/strong> \u00e9 uma das principais empresas do <strong>Grupo Holding,<\/strong> onde assessora diversos setores, empresas e institui\u00e7\u00f5es p\u00fablicas ou privadas, especializada na <strong>implanta\u00e7\u00e3o e desenvolvimento <\/strong>de neg\u00f3cios para o mercado hispano-brasileiro.[\/vc_column_text][vc_single_image image=&#8221;7908&#8243; img_size=&#8221;full&#8221; alignment=&#8221;center&#8221;][vc_empty_space height=&#8221;30px&#8221;][\/vc_column][\/vc_row][vc_row full_width=&#8221;stretch_row&#8221;][vc_column][vc_row_inner][vc_column_inner][vc_column_text]<img fetchpriority=\"high\" decoding=\"async\" class=\"alignleft size-medium wp-image-5216\" src=\"https:\/\/holdinginvestimentos.com\/wp-content\/uploads\/2019\/03\/tecnologia-digital-300x220.jpg\" alt=\"\" width=\"300\" height=\"220\" srcset=\"https:\/\/holdinginvestimentos.com\/wp-content\/uploads\/2019\/03\/tecnologia-digital-300x220.jpg 300w, https:\/\/holdinginvestimentos.com\/wp-content\/uploads\/2019\/03\/tecnologia-digital-150x110.jpg 150w, https:\/\/holdinginvestimentos.com\/wp-content\/uploads\/2019\/03\/tecnologia-digital-380x280.jpg 380w, https:\/\/holdinginvestimentos.com\/wp-content\/uploads\/2019\/03\/tecnologia-digital-350x257.jpg 350w, https:\/\/holdinginvestimentos.com\/wp-content\/uploads\/2019\/03\/tecnologia-digital.jpg 700w\" sizes=\"(max-width: 300px) 100vw, 300px\" \/><\/p>\n<p>&nbsp;<\/p>\n<p>O <strong>Grupo Holding<\/strong> colabora e presta assessoria na maioria dos setores produtivos tais como: infraestruturas, ind\u00fastrias, agroneg\u00f3cios, constru\u00e7\u00e3o, energias renov\u00e1veis, turismo, hospitalar, cultural e desportivo, eventos com grande aflu\u00eancia de p\u00fablico, transporte e log\u00edstica, administra\u00e7\u00e3o p\u00fablica e privada, sistemas de defesa militar, etc.<\/p>\n<p>Oferecemos uma experi\u00eancia global com conhecimento local e pessoal. Nossos clientes confiam no <strong>Grupo Holding<\/strong> como seu consultor competente, leal e confi\u00e1vel.[\/vc_column_text][\/vc_column_inner][\/vc_row_inner][vc_empty_space height=&#8221;70px&#8221;][\/vc_column][\/vc_row][vc_row full_width=&#8221;stretch_row&#8221; css=&#8221;.vc_custom_1555448086481{background-color: #404297 !important;}&#8221;][vc_column][vc_empty_space height=&#8221;60px&#8221;][vc_row_inner][vc_column_inner][vc_column_text]<\/p>\n<p style=\"text-align: left;\"><span style=\"color: #ffffff;\"><img decoding=\"async\" class=\"alignleft wp-image-5878 size-medium\" src=\"https:\/\/holdinginvestimentos.com\/wp-content\/uploads\/2019\/05\/comercio-en-forex-300x169.jpg\" alt=\"\" width=\"300\" height=\"169\" srcset=\"https:\/\/holdinginvestimentos.com\/wp-content\/uploads\/2019\/05\/comercio-en-forex-300x169.jpg 300w, https:\/\/holdinginvestimentos.com\/wp-content\/uploads\/2019\/05\/comercio-en-forex-768x432.jpg 768w, https:\/\/holdinginvestimentos.com\/wp-content\/uploads\/2019\/05\/comercio-en-forex-1024x576.jpg 1024w, https:\/\/holdinginvestimentos.com\/wp-content\/uploads\/2019\/05\/comercio-en-forex-150x84.jpg 150w, https:\/\/holdinginvestimentos.com\/wp-content\/uploads\/2019\/05\/comercio-en-forex-350x197.jpg 350w, https:\/\/holdinginvestimentos.com\/wp-content\/uploads\/2019\/05\/comercio-en-forex.jpg 1280w\" sizes=\"(max-width: 300px) 100vw, 300px\" \/><\/span><\/p>\n<p style=\"text-align: left;\"><span style=\"color: #ffffff;\">Cada vez mais associa\u00e7\u00f5es e grupos empresariais nos consultam sobre o Brasil, que \u00e9, sem d\u00favida, um dos mercados mais lucrativos e promissores no atual contexto econ\u00f4mico global.<\/span><\/p>\n<p>&nbsp;<\/p>\n<p style=\"text-align: left;\"><span style=\"color: #ffffff;\">Segundo dados oficiais, a Espanha \u00e9 um dos maiores investidores do Brasil. Por ser o mercado mais atraente da Am\u00e9rica Latina, o Brasil atrai milhares de empresas estrangeiras que aproveitam o enorme potencial de desenvolvimento que o pa\u00eds oferece.<\/span><\/p>\n<p>&nbsp;<\/p>\n<p><span style=\"color: #ffffff;\"><img decoding=\"async\" class=\"alignright size-medium wp-image-5875\" src=\"https:\/\/holdinginvestimentos.com\/wp-content\/uploads\/2019\/05\/shaking-hands-3096229_640-1-300x163.jpg\" alt=\"\" width=\"300\" height=\"163\" srcset=\"https:\/\/holdinginvestimentos.com\/wp-content\/uploads\/2019\/05\/shaking-hands-3096229_640-1-300x163.jpg 300w, https:\/\/holdinginvestimentos.com\/wp-content\/uploads\/2019\/05\/shaking-hands-3096229_640-1-150x82.jpg 150w, https:\/\/holdinginvestimentos.com\/wp-content\/uploads\/2019\/05\/shaking-hands-3096229_640-1-350x190.jpg 350w, https:\/\/holdinginvestimentos.com\/wp-content\/uploads\/2019\/05\/shaking-hands-3096229_640-1.jpg 640w\" sizes=\"(max-width: 300px) 100vw, 300px\" \/>Oferecemos a todos os nossos clientes e representados um servi\u00e7o eficiente e r\u00e1pido de informa\u00e7\u00e3o e assessoramento, possu\u00edmos um profundo conhecimento in loco do pa\u00eds e possu\u00edmos uma rede consolidada de especialistas em cada sector (Governo, Jur\u00eddico, Fiscal, Tribut\u00e1rio, Laboral, etc.).<\/span><\/p>\n<p>&nbsp;<\/p>\n<p><span style=\"color: #ffffff;\">Atendemos todas as particularidades dos nossos clientes, sempre com base no profissionalismo e na confian\u00e7a m\u00fatua.<\/span>[\/vc_column_text][\/vc_column_inner][\/vc_row_inner][vc_row_inner css=&#8221;.vc_custom_1603204099299{background-color: #404297 !important;background-position: center !important;background-repeat: no-repeat !important;background-size: cover !important;}&#8221;][vc_column_inner][\/vc_column_inner][\/vc_row_inner][vc_empty_space height=&#8221;30px&#8221;][vc_column_text]<\/p>\n<h3 style=\"text-align: center; font-size: 40px;\"><span style=\"color: #ffffff;\">A MAIS COMPLETA INFORMA\u00c7\u00c3O EM SUAS M\u00c3OS!<\/span><\/h3>\n<p>[\/vc_column_text][vc_empty_space height=&#8221;40px&#8221;][\/vc_column][\/vc_row][vc_row full_width=&#8221;stretch_row&#8221;][vc_column][vc_empty_space height=&#8221;60px&#8221;][vc_column_text]<\/p>\n<h2 style=\"text-align: center;\"><span style=\"color: #000000;\"><b>Assessoramento Jur\u00eddico e Financeiro<\/b><\/span><\/h2>\n<p>[\/vc_column_text][vc_column_text]<img loading=\"lazy\" decoding=\"async\" class=\"size-medium wp-image-5138 alignleft\" src=\"http:\/\/holdinginvestimentos.com\/wp-content\/uploads\/2019\/03\/Justi\u00e7a-fundo-transparente-150x300.png\" alt=\"\" width=\"150\" height=\"300\" srcset=\"https:\/\/holdinginvestimentos.com\/wp-content\/uploads\/2019\/03\/Justi\u00e7a-fundo-transparente-150x300.png 150w, https:\/\/holdinginvestimentos.com\/wp-content\/uploads\/2019\/03\/Justi\u00e7a-fundo-transparente-75x150.png 75w, https:\/\/holdinginvestimentos.com\/wp-content\/uploads\/2019\/03\/Justi\u00e7a-fundo-transparente.png 325w\" sizes=\"(max-width: 150px) 100vw, 150px\" \/><\/p>\n<p>&nbsp;<\/p>\n<p>&nbsp;<\/p>\n<p><span style=\"color: #000000;\">Trabalhamos com os melhores e mais renomados advogados e economistas do mercado para defender seus interesses em tudo que for necess\u00e1rio.<\/span><\/p>\n<p><img loading=\"lazy\" decoding=\"async\" class=\"alignright size-medium wp-image-5881\" style=\"color: #000000;\" src=\"https:\/\/holdinginvestimentos.com\/wp-content\/uploads\/2019\/05\/banco-2018-300x169.jpg\" alt=\"\" width=\"300\" height=\"169\" srcset=\"https:\/\/holdinginvestimentos.com\/wp-content\/uploads\/2019\/05\/banco-2018-300x169.jpg 300w, https:\/\/holdinginvestimentos.com\/wp-content\/uploads\/2019\/05\/banco-2018-768x433.jpg 768w, https:\/\/holdinginvestimentos.com\/wp-content\/uploads\/2019\/05\/banco-2018-150x85.jpg 150w, https:\/\/holdinginvestimentos.com\/wp-content\/uploads\/2019\/05\/banco-2018-350x197.jpg 350w, https:\/\/holdinginvestimentos.com\/wp-content\/uploads\/2019\/05\/banco-2018.jpg 923w\" sizes=\"(max-width: 300px) 100vw, 300px\" \/><\/p>\n<p>&nbsp;<\/p>\n<p><span style=\"color: #000000;\">Noss<\/span><span style=\"color: #000000;\">os servi\u00e7os incluem todo tipo de assessoria jur\u00eddica e financeira vinculada a empresas, de qualquer porte e em todos os seus campos de atua\u00e7\u00e3o, desde sua cria\u00e7\u00e3o ou aquisi\u00e7\u00e3o, durante sua vida e desenvolvimento, bem como nos processos venda ou rescis\u00e3o<\/span><span style=\"color: #000000;\">.<\/span><\/p>\n<p>&nbsp;<\/p>\n<p><span style=\"color: #000000;\">Transpar\u00eancia e responsabilidade: duas palavras que definem a filosofia do <strong>Grupo Holding<\/strong>, principalmente nas \u00e1reas de gest\u00e3o jur\u00eddica e assessoria financeira.<\/span><\/p>\n<p>&nbsp;<\/p>\n<p>&nbsp;<\/p>\n<p>[\/vc_column_text][vc_empty_space height=&#8221;30px&#8221;][\/vc_column][\/vc_row][vc_row full_width=&#8221;stretch_row&#8221; css=&#8221;.vc_custom_1603819391387{background-image: url(http:\/\/holdinginvestimentos.com\/wp-content\/uploads\/2020\/10\/1081657285.jpg?id=7925) !important;background-position: center !important;background-repeat: no-repeat !important;background-size: cover !important;}&#8221;][vc_column][vc_empty_space height=&#8221;500px&#8221;][vc_column_text]<\/p>\n<p>&nbsp;<\/p>\n<p>&nbsp;<\/p>\n<p>[\/vc_column_text][vc_empty_space height=&#8221;100px&#8221;][\/vc_column][\/vc_row][vc_row full_width=&#8221;stretch_row&#8221; content_placement=&#8221;middle&#8221; parallax=&#8221;content-moving&#8221; parallax_image=&#8221;3267&#8243; css=&#8221;.vc_custom_1497035495065{padding-top: 40px !important;}&#8221;][vc_column][vc_empty_space height=&#8221;50px&#8221;][vc_column_text]<\/p>\n<h3 style=\"font-size: 36px; text-align: center;\"><span style=\"color: #4d4d4c;\">FEED DE NOT\u00cdCIAS<\/span><\/h3>\n<p>[\/vc_column_text][vc_empty_space height=&#8221;50px&#8221;][vc_row_inner][vc_column_inner width=&#8221;1\/3&#8243;][vc_column_text]<\/p>\n<h3 style=\"font-size: 26px;\"><span style=\"color: #4d4d4c;\">NOT\u00cdCIAS DE \u00daLTIMA HORA<\/span><\/h3>\n<p>[\/vc_column_text][vc_column_text css_animation=&#8221;none&#8221;]<\/p>\n<div><iframe src=\"https:\/\/feed.mikle.com\/widget\/v2\/32173\" width=\"300\" height=\"620\" data-mce-fragment=\"1\"><\/iframe><\/div>\n<p>[\/vc_column_text][vc_empty_space height=&#8221;60px&#8221;][\/vc_column_inner][vc_column_inner width=&#8221;1\/3&#8243;][vc_column_text]<\/p>\n<h3 style=\"font-size: 26px;\"><span style=\"color: #4d4d4c;\">NOT\u00cdCIAS INTERNACIONAIS<\/span><\/h3>\n<p>[\/vc_column_text][vc_column_text css_animation=&#8221;bottom-to-top&#8221;]<\/p>\n<div><iframe style=\"background-color: #ffffff;\" src=\"https:\/\/feed.mikle.com\/widget\/v2\/22467\" width=\"300\" height=\"620\" data-mce-fragment=\"1\"><\/iframe><\/div>\n<p>[\/vc_column_text][vc_empty_space height=&#8221;60px&#8221;][\/vc_column_inner][vc_column_inner width=&#8221;1\/3&#8243;][vc_column_text]<a href=\"http:\/\/holdingsa.com\/\" target=\"_blank\" rel=\"noopener noreferrer\"><img decoding=\"async\" class=\"aligncenter size-full wp-image-3253\" src=\"http:\/\/holdinginvestimentos.com\/wp-content\/uploads\/2017\/06\/logo_holding-sports.png\" alt=\"\" width=\"250\" srcset=\"https:\/\/holdinginvestimentos.com\/wp-content\/uploads\/2017\/06\/logo_holding-sports.png 300w, https:\/\/holdinginvestimentos.com\/wp-content\/uploads\/2017\/06\/logo_holding-sports-150x118.png 150w\" sizes=\"(max-width: 300px) 100vw, 300px\" \/><\/a>[\/vc_column_text][vc_column_text css_animation=&#8221;none&#8221;]<\/p>\n<div><iframe style=\"background-color: #ffffff;\" src=\"https:\/\/feed.mikle.com\/widget\/v2\/22283\/\" width=\"300\" height=\"440\" data-mce-fragment=\"1\"><\/iframe><\/div>\n<p>[\/vc_column_text][vc_empty_space height=&#8221;60px&#8221;][\/vc_column_inner][\/vc_row_inner][\/vc_column][\/vc_row]<\/p>\n","protected":false},"excerpt":{"rendered":"<p>[vc_row][vc_column][vc_empty_space height=&#8221;80px&#8221;][vc_column_text] CONSULTORIA INTERNACIONAL Hispano-Brasileira [\/vc_column_text][vc_empty_space height=&#8221;30px&#8221;][vc_video link=&#8221;&#8221; align=&#8221;center&#8221;][vc_column_text]Grupo Holding S. S. Assessoria, \u00e9 uma Consultoria Internacional, sendo uma marca consolidada no Brasil e na Espanha, com mais de 33 anos de experi\u00eancia, destinada a ajudar empresas espanholas e brasileiras que queiram se expandir e se estabelecer nos diferentes mercados. A Holding Investimentos \u00e9 uma [&hellip;]<\/p>\n","protected":false},"author":2,"featured_media":0,"parent":0,"menu_order":0,"comment_status":"closed","ping_status":"closed","template":"template\/template-homepage.php","meta":{"footnotes":""},"class_list":["post-7900","page","type-page","status-publish","hentry"],"_links":{"self":[{"href":"https:\/\/holdinginvestimentos.com\/pt-br\/wp-json\/wp\/v2\/pages\/7900\/"}],"collection":[{"href":"https:\/\/holdinginvestimentos.com\/pt-br\/wp-json\/wp\/v2\/pages\/"}],"about":[{"href":"https:\/\/holdinginvestimentos.com\/pt-br\/wp-json\/wp\/v2\/types\/page\/"}],"author":[{"embeddable":true,"href":"https:\/\/holdinginvestimentos.com\/pt-br\/wp-json\/wp\/v2\/users\/2\/"}],"replies":[{"embeddable":true,"href":"https:\/\/holdinginvestimentos.com\/pt-br\/wp-json\/wp\/v2\/comments\/?post=7900"}],"version-history":[{"count":9,"href":"https:\/\/holdinginvestimentos.com\/pt-br\/wp-json\/wp\/v2\/pages\/7900\/revisions\/"}],"predecessor-version":[{"id":7928,"href":"https:\/\/holdinginvestimentos.com\/pt-br\/wp-json\/wp\/v2\/pages\/7900\/revisions\/7928\/"}],"wp:attachment":[{"href":"https:\/\/holdinginvestimentos.com\/pt-br\/wp-json\/wp\/v2\/media\/?parent=7900"}],"curies":[{"name":"wp","href":"https:\/\/api.w.org\/{rel}","templated":true}]}}