{"id":7951,"date":"2020-10-28T13:49:14","date_gmt":"2020-10-28T15:49:14","guid":{"rendered":"http:\/\/holdinginvestimentos.com\/?page_id=7951"},"modified":"2020-10-30T14:59:26","modified_gmt":"2020-10-30T16:59:26","slug":"stars","status":"publish","type":"page","link":"https:\/\/holdinginvestimentos.com\/pt-br\/stars\/","title":{"rendered":"STARS"},"content":{"rendered":"<p>[vc_row][vc_column][vc_empty_space height=&#8221;40px&#8221;][vc_column_text]<\/p>\n<h1 style=\"text-align: center;\"><span style=\"color: #000080;\"><b>Conte-nos seus sonhos e faremos o imposs\u00edvel para torn\u00e1-los realidade!<\/b><\/span><\/h1>\n<p>[\/vc_column_text][vc_empty_space height=&#8221;20px&#8221;][vc_video link=&#8221;&#8221; align=&#8221;center&#8221;][vc_column_text]<b><img fetchpriority=\"high\" decoding=\"async\" class=\"alignleft size-medium wp-image-5678\" src=\"https:\/\/holdinginvestimentos.com\/wp-content\/uploads\/2019\/04\/Logo-Holding-Stars-300x237.png\" alt=\"\" width=\"300\" height=\"237\" srcset=\"https:\/\/holdinginvestimentos.com\/wp-content\/uploads\/2019\/04\/Logo-Holding-Stars-300x237.png 300w, https:\/\/holdinginvestimentos.com\/wp-content\/uploads\/2019\/04\/Logo-Holding-Stars-150x118.png 150w, https:\/\/holdinginvestimentos.com\/wp-content\/uploads\/2019\/04\/Logo-Holding-Stars.png 326w\" sizes=\"(max-width: 300px) 100vw, 300px\" \/><\/b><\/p>\n<p>&nbsp;<\/p>\n<p><b>HOLDING STARS<\/b>,\u00a0 \u00e9 uma empresa do Grupo <b>Holding S. S. Assessoria<\/b>, dedicada a Exposi\u00e7\u00f5es, Congressos, Feiras, Espet\u00e1culos, Eventos e Catering. Temos mais de 33 anos de experi\u00eancia e uma ampla rede ao redor do mundo.<\/p>\n<p><img decoding=\"async\" class=\"wp-image-5149 size-medium alignright\" src=\"http:\/\/holdinginvestimentos.com\/wp-content\/uploads\/2019\/03\/Imagem2-300x126.png\" alt=\"\" width=\"300\" height=\"126\" srcset=\"https:\/\/holdinginvestimentos.com\/wp-content\/uploads\/2019\/03\/Imagem2-300x126.png 300w, https:\/\/holdinginvestimentos.com\/wp-content\/uploads\/2019\/03\/Imagem2-150x63.png 150w, https:\/\/holdinginvestimentos.com\/wp-content\/uploads\/2019\/03\/Imagem2-350x147.png 350w, https:\/\/holdinginvestimentos.com\/wp-content\/uploads\/2019\/03\/Imagem2.png 406w\" sizes=\"(max-width: 300px) 100vw, 300px\" \/><\/p>\n<p>Te assessoramos e nos envolvemos ao longo do seu evento para garantir os seus objetivos, torn\u00e1-lo rent\u00e1vel e <strong>memor\u00e1vel<\/strong>. Estudamos suas prefer\u00eancias para que sua participa\u00e7\u00e3o seja um sucesso em qualquer situa\u00e7\u00e3o, divulgando sua marca em eventos realizados nos cinco continentes.[\/vc_column_text][vc_empty_space height=&#8221;60px&#8221;][\/vc_column][\/vc_row][vc_row full_width=&#8221;stretch_row&#8221; css=&#8221;.vc_custom_1603900108593{background-color: #404297 !important;background-position: center !important;background-repeat: no-repeat !important;background-size: cover !important;}&#8221;][vc_column][vc_empty_space height=&#8221;60px&#8221;][vc_column_text]<b><img decoding=\"async\" class=\"alignright wp-image-5675 size-medium\" src=\"https:\/\/holdinginvestimentos.com\/wp-content\/uploads\/2019\/04\/concierto-navidad-2018-la-orquesta-sinfonica-mineria-300x225.jpg\" alt=\"\" width=\"300\" height=\"225\" srcset=\"https:\/\/holdinginvestimentos.com\/wp-content\/uploads\/2019\/04\/concierto-navidad-2018-la-orquesta-sinfonica-mineria-300x225.jpg 300w, https:\/\/holdinginvestimentos.com\/wp-content\/uploads\/2019\/04\/concierto-navidad-2018-la-orquesta-sinfonica-mineria-768x575.jpg 768w, https:\/\/holdinginvestimentos.com\/wp-content\/uploads\/2019\/04\/concierto-navidad-2018-la-orquesta-sinfonica-mineria-1024x767.jpg 1024w, https:\/\/holdinginvestimentos.com\/wp-content\/uploads\/2019\/04\/concierto-navidad-2018-la-orquesta-sinfonica-mineria-150x112.jpg 150w, https:\/\/holdinginvestimentos.com\/wp-content\/uploads\/2019\/04\/concierto-navidad-2018-la-orquesta-sinfonica-mineria-350x262.jpg 350w, https:\/\/holdinginvestimentos.com\/wp-content\/uploads\/2019\/04\/concierto-navidad-2018-la-orquesta-sinfonica-mineria.jpg 1140w\" sizes=\"(max-width: 300px) 100vw, 300px\" \/><\/b><\/p>\n<p>&nbsp;<\/p>\n<p><span style=\"color: #ffffff;\"><b>HOLDING STARS<\/b>, organiza a produ\u00e7\u00e3o e contrata\u00e7\u00e3o de eventos de todos os tipos e em todo o mundo, dos melhores artistas nacionais e internacionais, bem como tudo relacionado ao espet\u00e1culo e eventos corporativos, sociais, populares, religiosos, esportivos, culturais, empresariais, entre outros. Contamos com os melhores profissionais do setor de entretenimento.<\/span><\/p>\n<p>&nbsp;<\/p>\n<p><span style=\"color: #ffffff;\">Nosso objetivo \u00e9 oferecer o melhor servi\u00e7o aos nossos clientes. Para n\u00f3s, qualidade e profissionalismo \u00e9 o primeiro aspecto a ter em considera\u00e7\u00e3o na execu\u00e7\u00e3o de qualquer projeto.<\/span>[\/vc_column_text][vc_empty_space height=&#8221;60px&#8221;][\/vc_column][\/vc_row][vc_row full_width=&#8221;stretch_row&#8221; css=&#8221;.vc_custom_1604077161040{background-position: center !important;background-repeat: no-repeat !important;background-size: cover !important;}&#8221;][vc_column][vc_empty_space height=&#8221;60px&#8221;][vc_column_text css=&#8221;.vc_custom_1603899748210{background-position: center !important;background-repeat: no-repeat !important;background-size: cover !important;}&#8221;]<\/p>\n<h1><span style=\"color: #000080;\">SERVI\u00c7OS<\/span><\/h1>\n<p>[\/vc_column_text][vc_column_text]<\/p>\n<ul>\n<li><span style=\"color: #000000;\"><img loading=\"lazy\" decoding=\"async\" class=\"alignright size-thumbnail wp-image-5723\" src=\"https:\/\/holdinginvestimentos.com\/wp-content\/uploads\/2019\/04\/302811_10200133340044121_1849643388_n-150x150.jpg\" alt=\"\" width=\"150\" height=\"150\" srcset=\"https:\/\/holdinginvestimentos.com\/wp-content\/uploads\/2019\/04\/302811_10200133340044121_1849643388_n-150x150.jpg 150w, https:\/\/holdinginvestimentos.com\/wp-content\/uploads\/2019\/04\/302811_10200133340044121_1849643388_n-350x350.jpg 350w\" sizes=\"(max-width: 150px) 100vw, 150px\" \/><img loading=\"lazy\" decoding=\"async\" class=\"size-thumbnail wp-image-5711 alignright\" src=\"https:\/\/holdinginvestimentos.com\/wp-content\/uploads\/2019\/04\/Salas-Madrid-1-150x150.png\" alt=\"\" width=\"150\" height=\"150\" srcset=\"https:\/\/holdinginvestimentos.com\/wp-content\/uploads\/2019\/04\/Salas-Madrid-1-150x150.png 150w, https:\/\/holdinginvestimentos.com\/wp-content\/uploads\/2019\/04\/Salas-Madrid-1-350x350.png 350w\" sizes=\"(max-width: 150px) 100vw, 150px\" \/>Contrata\u00e7\u00e3o Art\u00edstica &#8211; Espet\u00e1culos e Performances<\/span><\/li>\n<li><span style=\"color: #000000;\">Eventos corporativos<\/span><\/li>\n<li><span style=\"color: #000000;\">Produ\u00e7\u00e3o T\u00e9cnica e Art\u00edstica de Espet\u00e1culos e Eventos Corporativos<\/span><\/li>\n<li><span style=\"color: #000000;\">Cria\u00e7\u00e3o e Produ\u00e7\u00e3o de Coletivo de Imprensa<\/span><\/li>\n<li><span style=\"color: #000000;\">Capta\u00e7\u00e3o, Marketing de Eventos e Loca\u00e7\u00e3o de Espa\u00e7os<\/span><\/li>\n<li><span style=\"color: #000000;\">Administra\u00e7\u00e3o e Opera\u00e7\u00e3o de Casas de Espet\u00e1culo<\/span><\/li>\n<li><span style=\"color: #000000;\">\u00c1reas VIPS de shows internacionais<\/span><\/li>\n<li><span style=\"color: #000000;\">Gest\u00e3o e cria\u00e7\u00e3o de conte\u00fado para eventos<\/span><\/li>\n<li><span style=\"color: #000000;\">Cria\u00e7\u00e3o e Produ\u00e7\u00e3o de Festas e Premieres<img loading=\"lazy\" decoding=\"async\" class=\"alignright size-thumbnail wp-image-5719\" src=\"http:\/\/holdinginvestimentos.com\/wp-content\/uploads\/2019\/04\/Show-Estadio-150x150.png\" alt=\"\" width=\"150\" height=\"150\" srcset=\"https:\/\/holdinginvestimentos.com\/wp-content\/uploads\/2019\/04\/Show-Estadio-150x150.png 150w, https:\/\/holdinginvestimentos.com\/wp-content\/uploads\/2019\/04\/Show-Estadio-350x350.png 350w\" sizes=\"(max-width: 150px) 100vw, 150px\" \/> <img loading=\"lazy\" decoding=\"async\" class=\"alignright size-thumbnail wp-image-5716\" src=\"http:\/\/holdinginvestimentos.com\/wp-content\/uploads\/2019\/04\/Screen-Shot-2014-08-13-at-4.05.54-150x150.png\" alt=\"\" width=\"150\" height=\"150\" \/> <\/span><\/li>\n<li><span style=\"color: #000000;\">Produ\u00e7\u00e3o de espa\u00e7os para eventos televisivos<\/span><\/li>\n<li><span style=\"color: #000000;\">Gest\u00e3o e consultoria de documenta\u00e7\u00e3o, autoriza\u00e7\u00f5es, licen\u00e7as e lan\u00e7amentos<\/span><\/li>\n<li><span style=\"color: #000000;\">Gest\u00e3o de contratos e propriedades de patroc\u00ednio<\/span><\/li>\n<li><span style=\"color: #000000;\">Controle, Administra\u00e7\u00e3o e Or\u00e7amento<\/span><\/li>\n<li><span style=\"color: #000000;\">Gest\u00e3o de carteira de clientes<\/span><\/li>\n<\/ul>\n<p>[\/vc_column_text][vc_empty_space height=&#8221;60px&#8221;][\/vc_column][\/vc_row][vc_row full_width=&#8221;stretch_row&#8221; css=&#8221;.vc_custom_1603900006977{background-image: url(http:\/\/holdinginvestimentos.com\/wp-content\/uploads\/2019\/04\/empresa.jpg?id=5688) !important;background-position: center !important;background-repeat: no-repeat !important;background-size: cover !important;}&#8221;][vc_column][vc_empty_space height=&#8221;300px&#8221;][vc_column_text][\/vc_column_text][vc_column_text][\/vc_column_text][vc_empty_space height=&#8221;100px&#8221;][\/vc_column][\/vc_row][vc_row full_width=&#8221;stretch_row&#8221; content_placement=&#8221;middle&#8221; parallax=&#8221;content-moving&#8221; parallax_image=&#8221;3267&#8243; css=&#8221;.vc_custom_1497035495065{padding-top: 40px !important;}&#8221;][vc_column][vc_empty_space height=&#8221;50px&#8221;][vc_column_text]<\/p>\n<h3 style=\"font-size: 36px; text-align: center;\"><span style=\"color: #4d4d4c;\">FEED DE NOT\u00cdCIAS<\/span><\/h3>\n<p>[\/vc_column_text][vc_empty_space height=&#8221;50px&#8221;][vc_row_inner][vc_column_inner width=&#8221;1\/3&#8243;][vc_column_text]<\/p>\n<h3 style=\"font-size: 26px;\"><span style=\"color: #4d4d4c;\">NOT\u00cdCIAS DE \u00daLTIMA HORA<\/span><\/h3>\n<p>[\/vc_column_text][vc_column_text css_animation=&#8221;none&#8221;]<\/p>\n<div><iframe src=\"https:\/\/feed.mikle.com\/widget\/v2\/32173\" width=\"300\" height=\"620\" data-mce-fragment=\"1\"><\/iframe><\/div>\n<p>[\/vc_column_text][vc_empty_space height=&#8221;60px&#8221;][\/vc_column_inner][vc_column_inner width=&#8221;1\/3&#8243;][vc_column_text]<\/p>\n<h3 style=\"font-size: 26px;\"><span style=\"color: #4d4d4c;\">NOT\u00cdCIAS INTERNACIONAIS<\/span><\/h3>\n<p>[\/vc_column_text][vc_column_text css_animation=&#8221;bottom-to-top&#8221;]<\/p>\n<div><iframe style=\"background-color: #ffffff;\" src=\"https:\/\/feed.mikle.com\/widget\/v2\/22467\" width=\"300\" height=\"620\" data-mce-fragment=\"1\"><\/iframe><\/div>\n<p>[\/vc_column_text][vc_empty_space height=&#8221;60px&#8221;][\/vc_column_inner][vc_column_inner width=&#8221;1\/3&#8243;][vc_column_text]<a href=\"http:\/\/holdingsa.com\/\" target=\"_blank\" rel=\"noopener noreferrer\"><img decoding=\"async\" class=\"aligncenter size-full wp-image-3253\" src=\"http:\/\/holdinginvestimentos.com\/wp-content\/uploads\/2017\/06\/logo_holding-sports.png\" alt=\"\" width=\"250\" srcset=\"https:\/\/holdinginvestimentos.com\/wp-content\/uploads\/2017\/06\/logo_holding-sports.png 300w, https:\/\/holdinginvestimentos.com\/wp-content\/uploads\/2017\/06\/logo_holding-sports-150x118.png 150w\" sizes=\"(max-width: 300px) 100vw, 300px\" \/><\/a>[\/vc_column_text][vc_column_text css_animation=&#8221;none&#8221;]<\/p>\n<div><iframe style=\"background-color: #ffffff;\" src=\"https:\/\/feed.mikle.com\/widget\/v2\/22283\/\" width=\"300\" height=\"440\" data-mce-fragment=\"1\"><\/iframe><\/div>\n<p>[\/vc_column_text][vc_empty_space height=&#8221;60px&#8221;][\/vc_column_inner][\/vc_row_inner][\/vc_column][\/vc_row]<\/p>\n","protected":false},"excerpt":{"rendered":"<p>[vc_row][vc_column][vc_empty_space height=&#8221;40px&#8221;][vc_column_text] Conte-nos seus sonhos e faremos o imposs\u00edvel para torn\u00e1-los realidade! [\/vc_column_text][vc_empty_space height=&#8221;20px&#8221;][vc_video link=&#8221;&#8221; align=&#8221;center&#8221;][vc_column_text] &nbsp; HOLDING STARS,\u00a0 \u00e9 uma empresa do Grupo Holding S. S. Assessoria, dedicada a Exposi\u00e7\u00f5es, Congressos, Feiras, Espet\u00e1culos, Eventos e Catering. Temos mais de 33 anos de experi\u00eancia e uma ampla rede ao redor do mundo. Te assessoramos e [&hellip;]<\/p>\n","protected":false},"author":2,"featured_media":0,"parent":0,"menu_order":0,"comment_status":"closed","ping_status":"closed","template":"template\/template-homepage.php","meta":{"footnotes":""},"class_list":["post-7951","page","type-page","status-publish","hentry"],"_links":{"self":[{"href":"https:\/\/holdinginvestimentos.com\/pt-br\/wp-json\/wp\/v2\/pages\/7951\/"}],"collection":[{"href":"https:\/\/holdinginvestimentos.com\/pt-br\/wp-json\/wp\/v2\/pages\/"}],"about":[{"href":"https:\/\/holdinginvestimentos.com\/pt-br\/wp-json\/wp\/v2\/types\/page\/"}],"author":[{"embeddable":true,"href":"https:\/\/holdinginvestimentos.com\/pt-br\/wp-json\/wp\/v2\/users\/2\/"}],"replies":[{"embeddable":true,"href":"https:\/\/holdinginvestimentos.com\/pt-br\/wp-json\/wp\/v2\/comments\/?post=7951"}],"version-history":[{"count":8,"href":"https:\/\/holdinginvestimentos.com\/pt-br\/wp-json\/wp\/v2\/pages\/7951\/revisions\/"}],"predecessor-version":[{"id":7996,"href":"https:\/\/holdinginvestimentos.com\/pt-br\/wp-json\/wp\/v2\/pages\/7951\/revisions\/7996\/"}],"wp:attachment":[{"href":"https:\/\/holdinginvestimentos.com\/pt-br\/wp-json\/wp\/v2\/media\/?parent=7951"}],"curies":[{"name":"wp","href":"https:\/\/api.w.org\/{rel}","templated":true}]}}