{"id":8010,"date":"2021-01-18T22:04:23","date_gmt":"2021-01-19T00:04:23","guid":{"rendered":"http:\/\/holdinginvestimentos.com\/?page_id=8010"},"modified":"2024-05-25T14:49:21","modified_gmt":"2024-05-25T17:49:21","slug":"holding-investimentos","status":"publish","type":"page","link":"https:\/\/holdinginvestimentos.com\/pt-br\/holding-investimentos\/","title":{"rendered":"HOLDING INVESTIMENTOS"},"content":{"rendered":"<p>[vc_row css=&#8221;.vc_custom_1716659358856{margin-top: 40px !important;}&#8221;][vc_column width=&#8221;1\/3&#8243;][\/vc_column][vc_column width=&#8221;1\/3&#8243;][vc_column_text]<div class=\"cr-exchange-rates\"><div class=\"cr-exchange-rates\"><div class=\"widget-exchange-rates-currency-table table-responsive\"><table class=\"table-border\" data-decimals=\"4\" data-decimal-point=\".\" data-thousands-sep=\",\" >\n<thead>\n<tr>\n<th scope=\"col\">Currency<\/th><th class=\"text-right\" scope=\"col\">Price<\/th><th class=\"text-right\" scope=\"col\">Changes<\/th><\/tr>\n<\/thead>\n<tbody>\n<tr>\n<th scope=\"row\"><div class=\"d-flex\"><img decoding=\"async\" loading=\"lazy\" style=\"width:16px!important;height:12px!important\" src=\"https:\/\/holdinginvestimentos.com\/wp-content\/plugins\/exchange-rates\/assets\/flags\/rectangular\/eu.svg\" alt=\"Euro\">&nbsp;<div class=\"d-flex-wrap\"><div class=\"text-element w-100\"><div class=\"text-truncate\">Euro<\/div><\/div><\/div><\/div><\/th><td title=\"+0.03&#x25;\" class=\"text-right\" data-symbol=\"\u20ac\" data-rate=\"0.16844450043921\">\u20ac0.1684<img decoding=\"async\" width=\"12\" height=\"12\" alt=\"up\" src=\"https:\/\/holdinginvestimentos.com\/wp-content\/plugins\/exchange-rates\/assets\/img\/up.png\" \/><\/td><td title=\"0.0001\" class=\"text-right table-success\">+0.03&#x25;<\/td><\/tr>\n<tr>\n<th scope=\"row\"><div class=\"d-flex\"><img decoding=\"async\" loading=\"lazy\" style=\"width:16px!important;height:12px!important\" src=\"https:\/\/holdinginvestimentos.com\/wp-content\/plugins\/exchange-rates\/assets\/flags\/rectangular\/gb.svg\" alt=\"British Pound\">&nbsp;<div class=\"d-flex-wrap\"><div class=\"text-element w-100\"><div class=\"text-truncate\">British Pound<\/div><\/div><\/div><\/div><\/th><td title=\"-0.07&#x25;\" class=\"text-right\" data-symbol=\"\u00a3\" data-rate=\"0.14687485053481\">\u00a30.1469<img decoding=\"async\" width=\"12\" height=\"12\" alt=\"down\" src=\"https:\/\/holdinginvestimentos.com\/wp-content\/plugins\/exchange-rates\/assets\/img\/down.png\" \/><\/td><td title=\"-0.0001\" class=\"text-right table-danger\">-0.07&#x25;<\/td><\/tr>\n<tr>\n<th scope=\"row\"><div class=\"d-flex\"><img decoding=\"async\" loading=\"lazy\" style=\"width:16px!important;height:12px!important\" src=\"https:\/\/holdinginvestimentos.com\/wp-content\/plugins\/exchange-rates\/assets\/flags\/rectangular\/us.svg\" alt=\"US Dollar\">&nbsp;<div class=\"d-flex-wrap\"><div class=\"text-element w-100\"><div class=\"text-truncate\">US Dollar<\/div><\/div><\/div><\/div><\/th><td title=\"+0.31&#x25;\" class=\"text-right\" data-symbol=\"$\" data-rate=\"0.19442626558861\">$0.1944<img decoding=\"async\" width=\"12\" height=\"12\" alt=\"up\" src=\"https:\/\/holdinginvestimentos.com\/wp-content\/plugins\/exchange-rates\/assets\/img\/up.png\" \/><\/td><td title=\"0.0006\" class=\"text-right table-success\">+0.31&#x25;<\/td><\/tr>\n<tr>\n<th class=\"active\" scope=\"row\"><div class=\"d-flex\"><img decoding=\"async\" loading=\"lazy\" style=\"width:16px!important;height:12px!important\" src=\"https:\/\/holdinginvestimentos.com\/wp-content\/plugins\/exchange-rates\/assets\/flags\/rectangular\/br.svg\" alt=\"Brazilian Real\">&nbsp;<div class=\"d-flex-wrap\"><div class=\"text-element w-100\"><div class=\"text-truncate\">Brazilian Real<\/div><\/div><\/div><\/div><\/th><td class=\"text-right active\"><input value=\"1\" \/><\/td><td class=\"active\" colspan=\"1\"><\/td><\/tr>\n<\/tbody>\n<\/table><\/div><\/div><div class=\"cr-exchange-rates\"><div class=\"exchange-rates d-flex exchange-rates-caption\">06 Abr&nbsp;&middot;&nbsp;<a href=\"https:\/\/currencyconvert.online\/brl\" target=\"_blank\" rel=\"noreferrer noopener\">FX Source<\/a>:&nbsp;<strong role=\"button\" title=\"Info\" data-caption-id=\"widget-exchange-rates-currency-table-info-caption1716657857\" class=\"d-flex info exchange-rates-caption-button\">CurrencyRate<\/strong>&nbsp;<\/div><div id=\"widget-exchange-rates-currency-table-info-caption1716657857\" class=\"exchange-rates-info-caption\"><div><b><a href=\"https:\/\/currencyrate.today\/\" target=\"_blank\" rel=\"noreferrer noopener nofollow\">CurrencyRate.Today<\/a><\/b><br><b>Check:<\/b> 06 Apr 2026 21:15 UTC<br><b>Latest change:<\/b> 06 Apr 2026 21:08 UTC<br><b>API<\/b>: CurrencyRate<\/div><div><small><b>Disclaimers.<\/b> This plugin or website cannot guarantee the accuracy of the exchange rates displayed. You should confirm current rates before making any transactions that could be affected by changes in the exchange rates.<\/small><\/div><div>\u26a1<small>You can install this WP plugin on your website from the WordPress official website: <a href=\"https:\/\/wordpress.org\/plugins\/exchange-rates\/\" target=\"_blank\" rel=\"noreferrer noopener nofollow\"><b>Exchange Rates<\/b><\/a><\/small>\ud83d\ude80<\/div><\/div><\/div><\/div>[\/vc_column_text][\/vc_column][vc_column width=&#8221;1\/3&#8243;][\/vc_column][\/vc_row][vc_row][vc_column][vc_empty_space height=&#8221;80px&#8221;][vc_column_text]<\/p>\n<h1 style=\"text-align: center; font-size: 40px;\"><b>CONSULTORIA <\/b><b>INTERNACIONAL DE INVESTIMENTOS<\/b><\/h1>\n<p>[\/vc_column_text][vc_empty_space height=&#8221;30px&#8221;][\/vc_column][\/vc_row][vc_row full_width=&#8221;stretch_row&#8221;][vc_column][vc_row_inner][vc_column_inner][vc_column_text]<img fetchpriority=\"high\" decoding=\"async\" class=\"alignright wp-image-5216\" src=\"https:\/\/holdinginvestimentos.com\/wp-content\/uploads\/2019\/03\/tecnologia-digital-300x220.jpg\" alt=\"\" width=\"450\" height=\"330\" srcset=\"https:\/\/holdinginvestimentos.com\/wp-content\/uploads\/2019\/03\/tecnologia-digital-300x220.jpg 300w, https:\/\/holdinginvestimentos.com\/wp-content\/uploads\/2019\/03\/tecnologia-digital-150x110.jpg 150w, https:\/\/holdinginvestimentos.com\/wp-content\/uploads\/2019\/03\/tecnologia-digital-380x280.jpg 380w, https:\/\/holdinginvestimentos.com\/wp-content\/uploads\/2019\/03\/tecnologia-digital-350x257.jpg 350w, https:\/\/holdinginvestimentos.com\/wp-content\/uploads\/2019\/03\/tecnologia-digital.jpg 700w\" sizes=\"(max-width: 450px) 100vw, 450px\" \/><\/p>\n<p><strong>Holding Investimentos<\/strong> \u00e9 uma Consultoria de Investimentos e uma das principais empresas do <strong>Grupo Holding<\/strong>. Com mais de 33 anos de experi\u00eancia, auxilia empresas que desejam se expandir e se estabelecer em diferentes mercados. Mant\u00e9m excelentes rela\u00e7\u00f5es em diversos setores governamentais ou privados, com o objetivo de captar fundos de investimento internacional para empresas e institui\u00e7\u00f5es, especializadas na implanta\u00e7\u00e3o e desenvolvimento de neg\u00f3cios.<\/p>\n<p><strong>Holding Investimentos<\/strong> presta consultoria e assessoria na maioria dos setores esportivos, culturais, eventos com grande fluxo de p\u00fablico, constru\u00e7\u00e3o e imobili\u00e1rio, agroneg\u00f3cio, energias renov\u00e1veis, infraestrutura, ind\u00fastrias, turismo, setor hospitalar, educa\u00e7\u00e3o, transporte e log\u00edstica, administra\u00e7\u00e3o privada e p\u00fablicos, institucionais com interesse social, sistemas de defesa militar, etc.<\/p>\n<p>Oferecemos uma experi\u00eancia global com conhecimento local e pessoal. <strong>Nossos clientes confiam no Grupo Holding como seu consultor competente, leal e confi\u00e1vel.<\/strong>[\/vc_column_text][\/vc_column_inner][\/vc_row_inner][vc_empty_space height=&#8221;70px&#8221;][\/vc_column][\/vc_row][vc_row full_width=&#8221;stretch_row&#8221; css=&#8221;.vc_custom_1555448086481{background-color: #404297 !important;}&#8221;][vc_column][vc_empty_space height=&#8221;60px&#8221;][vc_row_inner][vc_column_inner][vc_column_text]<\/p>\n<p style=\"text-align: left;\"><span style=\"color: #ffffff;\"><img loading=\"lazy\" decoding=\"async\" class=\"alignleft wp-image-5878\" src=\"https:\/\/holdinginvestimentos.com\/wp-content\/uploads\/2019\/05\/comercio-en-forex-300x169.jpg\" alt=\"\" width=\"450\" height=\"253\" srcset=\"https:\/\/holdinginvestimentos.com\/wp-content\/uploads\/2019\/05\/comercio-en-forex-300x169.jpg 300w, https:\/\/holdinginvestimentos.com\/wp-content\/uploads\/2019\/05\/comercio-en-forex-768x432.jpg 768w, https:\/\/holdinginvestimentos.com\/wp-content\/uploads\/2019\/05\/comercio-en-forex-1024x576.jpg 1024w, https:\/\/holdinginvestimentos.com\/wp-content\/uploads\/2019\/05\/comercio-en-forex-150x84.jpg 150w, https:\/\/holdinginvestimentos.com\/wp-content\/uploads\/2019\/05\/comercio-en-forex-350x197.jpg 350w, https:\/\/holdinginvestimentos.com\/wp-content\/uploads\/2019\/05\/comercio-en-forex.jpg 1280w\" sizes=\"(max-width: 450px) 100vw, 450px\" \/><\/span><\/p>\n<p>&nbsp;<\/p>\n<p style=\"text-align: left;\"><span style=\"color: #ffffff;\"><strong>HOLDING INVESTIMENTOS<\/strong> foi criada, em seu primeiro momento, para investir e rentabilizar o capital de nossos clientes e empresas do Grupo Holding:<\/span><\/p>\n<p><span style=\"color: #ffffff;\"><strong>HOLDING SPORTS<\/strong> &#8211; Empresa dedicada ao mundo do futebol &#8211; Clubes, jogadores, treinadores, dirigentes, agentes, \u00f3rg\u00e3os federativos, etc.<\/span><\/p>\n<p><span style=\"color: #ffffff;\"><strong>HOLDING STARS<\/strong> &#8211; Empresa dedicada ao mundo art\u00edstico, cantores e grandes produ\u00e7\u00f5es.<\/span><\/p>\n<p><span style=\"color: #ffffff;\"><strong>HOLDING IMOBILI\u00c1RIA<\/strong> &#8211; Empresa de constru\u00e7\u00e3o e investimento imobili\u00e1rio de luxo.<\/span><\/p>\n<p>&nbsp;<\/p>\n<p>&nbsp;<\/p>\n<p style=\"text-align: left;\"><span style=\"color: #ffffff;\"><strong>HOLDING INVENTIMENTOS<\/strong> \u00e9 especialista em captar e intermediar de grandes neg\u00f3cios, por meio de nossos relacionamentos e contatos em diversos setores da economia com grupos de empres\u00e1rios, associa\u00e7\u00f5es e setores governamentais que nos solicitam a capta\u00e7\u00e3o de novos &#8220;Parceiros&#8221; internacionais para investir no mercado brasileiro, que \u00e9 sem d\u00favida um dos mercados mais rent\u00e1veis e promissores no atual contexto econ\u00f4mico global, oferecendo aos investidores estrangeiros log\u00edstica e conhecimento <em>in situ<\/em> do pa\u00eds.<\/span><\/p>\n<p><span style=\"color: #ffffff;\"><img loading=\"lazy\" decoding=\"async\" class=\"alignright wp-image-5883\" src=\"http:\/\/holdinginvestimentos.com\/wp-content\/uploads\/2019\/05\/banco-2018.jpg\" alt=\"\" width=\"450\" height=\"254\" srcset=\"https:\/\/holdinginvestimentos.com\/wp-content\/uploads\/2019\/05\/banco-2018.jpg 923w, https:\/\/holdinginvestimentos.com\/wp-content\/uploads\/2019\/05\/banco-2018-300x169.jpg 300w, https:\/\/holdinginvestimentos.com\/wp-content\/uploads\/2019\/05\/banco-2018-768x433.jpg 768w, https:\/\/holdinginvestimentos.com\/wp-content\/uploads\/2019\/05\/banco-2018-150x85.jpg 150w, https:\/\/holdinginvestimentos.com\/wp-content\/uploads\/2019\/05\/banco-2018-350x197.jpg 350w\" sizes=\"(max-width: 450px) 100vw, 450px\" \/><\/span><\/p>\n<p>&nbsp;<\/p>\n<p><span style=\"color: #ffffff;\">Oferecemos a todos os nossos clientes e representados um servi\u00e7o eficaz e r\u00e1pido de informa\u00e7\u00e3o e assessoramento, possu\u00edmos um profundo conhecimento do pa\u00eds e possu\u00edmos uma rede consolidada de especialistas em cada sector (Governo, Jur\u00eddico, Fiscal, Tribut\u00e1rio, Laboral, etc.).<\/span><\/p>\n<p>&nbsp;<\/p>\n<h3><span style=\"color: #ffffff;\">Atendemos todas as particularidades dos nossos clientes, sempre com base no profissionalismo e na confian\u00e7a m\u00fatua.<\/span><\/h3>\n<p>[\/vc_column_text][\/vc_column_inner][\/vc_row_inner][vc_row_inner css=&#8221;.vc_custom_1603204099299{background-color: #404297 !important;background-position: center !important;background-repeat: no-repeat !important;background-size: cover !important;}&#8221;][vc_column_inner][\/vc_column_inner][\/vc_row_inner][vc_empty_space height=&#8221;30px&#8221;][vc_column_text]<\/p>\n<h3 style=\"text-align: center; font-size: 40px;\"><span style=\"color: #ffffff;\">A MAIS COMPLETA INFORMA\u00c7\u00c3O EM SUAS M\u00c3OS!<\/span><\/h3>\n<p>[\/vc_column_text][vc_empty_space height=&#8221;40px&#8221;][\/vc_column][\/vc_row][vc_row full_width=&#8221;stretch_row&#8221;][vc_column][vc_empty_space height=&#8221;60px&#8221;][vc_column_text]<\/p>\n<h2 style=\"text-align: center;\"><span style=\"color: #000000;\"><b>Assessoramento Jur\u00eddico e Financeiro<\/b><\/span><\/h2>\n<p>[\/vc_column_text][vc_column_text]<img loading=\"lazy\" decoding=\"async\" class=\"size-medium wp-image-5138 alignleft\" src=\"http:\/\/holdinginvestimentos.com\/wp-content\/uploads\/2019\/03\/Justi\u00e7a-fundo-transparente-150x300.png\" alt=\"\" width=\"150\" height=\"300\" srcset=\"https:\/\/holdinginvestimentos.com\/wp-content\/uploads\/2019\/03\/Justi\u00e7a-fundo-transparente-150x300.png 150w, https:\/\/holdinginvestimentos.com\/wp-content\/uploads\/2019\/03\/Justi\u00e7a-fundo-transparente-75x150.png 75w, https:\/\/holdinginvestimentos.com\/wp-content\/uploads\/2019\/03\/Justi\u00e7a-fundo-transparente.png 325w\" sizes=\"(max-width: 150px) 100vw, 150px\" \/><\/p>\n<p>&nbsp;<\/p>\n<p>&nbsp;<\/p>\n<p><img loading=\"lazy\" decoding=\"async\" class=\"alignright wp-image-5877\" style=\"color: #000000;\" src=\"http:\/\/holdinginvestimentos.com\/wp-content\/uploads\/2019\/05\/shaking-hands-3096229_640-1.jpg\" alt=\"\" width=\"450\" height=\"245\" srcset=\"https:\/\/holdinginvestimentos.com\/wp-content\/uploads\/2019\/05\/shaking-hands-3096229_640-1.jpg 640w, https:\/\/holdinginvestimentos.com\/wp-content\/uploads\/2019\/05\/shaking-hands-3096229_640-1-300x163.jpg 300w, https:\/\/holdinginvestimentos.com\/wp-content\/uploads\/2019\/05\/shaking-hands-3096229_640-1-150x82.jpg 150w, https:\/\/holdinginvestimentos.com\/wp-content\/uploads\/2019\/05\/shaking-hands-3096229_640-1-350x190.jpg 350w\" sizes=\"(max-width: 450px) 100vw, 450px\" \/><\/p>\n<p><span style=\"color: #000000;\">Trabalhamos com os melhores e mais renomados advogados e economistas do mercado para defender seus interesses em tudo que for necess\u00e1rio.<\/span><\/p>\n<p><span style=\"color: #000000;\">Noss<\/span><span style=\"color: #000000;\">os servi\u00e7os incluem todo tipo de assessoria jur\u00eddica e financeira vinculada a empresas, de qualquer porte e em todos os seus campos de atua\u00e7\u00e3o, desde sua cria\u00e7\u00e3o ou aquisi\u00e7\u00e3o, durante sua vida e desenvolvimento, bem como nos processos venda ou rescis\u00e3o<\/span><span style=\"color: #000000;\">.<\/span><\/p>\n<p><span style=\"color: #000000;\">Transpar\u00eancia e responsabilidade: duas palavras que definem a filosofia do <strong>Grupo Holding<\/strong>, principalmente nas \u00e1reas de gest\u00e3o jur\u00eddica e assessoria financeira.<\/span><\/p>\n<p>&nbsp;<\/p>\n<p>[\/vc_column_text][vc_empty_space height=&#8221;30px&#8221;][\/vc_column][\/vc_row][vc_row full_width=&#8221;stretch_row&#8221; css=&#8221;.vc_custom_1603819391387{background-image: url(http:\/\/holdinginvestimentos.com\/wp-content\/uploads\/2020\/10\/1081657285.jpg?id=7925) !important;background-position: center !important;background-repeat: no-repeat !important;background-size: cover !important;}&#8221;][vc_column][vc_empty_space height=&#8221;500px&#8221;][vc_column_text]<\/p>\n<p>&nbsp;<\/p>\n<p>&nbsp;<\/p>\n<p>[\/vc_column_text][vc_empty_space height=&#8221;100px&#8221;][\/vc_column][\/vc_row][vc_row full_width=&#8221;stretch_row&#8221; content_placement=&#8221;middle&#8221; parallax=&#8221;content-moving&#8221; parallax_image=&#8221;3267&#8243; css=&#8221;.vc_custom_1497035495065{padding-top: 40px !important;}&#8221;][vc_column][vc_empty_space height=&#8221;50px&#8221;][vc_column_text]<\/p>\n<h3 style=\"font-size: 36px; text-align: center;\"><span style=\"color: #4d4d4c;\">FEED DE NOT\u00cdCIAS<\/span><\/h3>\n<p>[\/vc_column_text][vc_empty_space height=&#8221;50px&#8221;][vc_row_inner][vc_column_inner width=&#8221;1\/3&#8243;][vc_column_text]<\/p>\n<h3 style=\"font-size: 26px;\"><span style=\"color: #4d4d4c;\">NOT\u00cdCIAS DE \u00daLTIMA HORA<\/span><\/h3>\n<p>[\/vc_column_text][vc_column_text css_animation=&#8221;none&#8221;]<\/p>\n<div><iframe src=\"https:\/\/feed.mikle.com\/widget\/v2\/32173\" width=\"300\" height=\"620\" data-mce-fragment=\"1\"><\/iframe><\/div>\n<p>[\/vc_column_text][vc_empty_space height=&#8221;60px&#8221;][\/vc_column_inner][vc_column_inner width=&#8221;1\/3&#8243;][vc_column_text]<\/p>\n<h3 style=\"font-size: 26px;\"><span style=\"color: #4d4d4c;\">NOT\u00cdCIAS INTERNACIONAIS<\/span><\/h3>\n<p>[\/vc_column_text][vc_column_text css_animation=&#8221;bottom-to-top&#8221;]<\/p>\n<div><iframe style=\"background-color: #ffffff;\" src=\"https:\/\/feed.mikle.com\/widget\/v2\/22467\" width=\"300\" height=\"620\" data-mce-fragment=\"1\"><\/iframe><\/div>\n<p>[\/vc_column_text][vc_empty_space height=&#8221;60px&#8221;][\/vc_column_inner][vc_column_inner width=&#8221;1\/3&#8243;][vc_column_text]<a href=\"http:\/\/holdingsa.com\/\" target=\"_blank\" rel=\"noopener noreferrer\"><img decoding=\"async\" class=\"aligncenter size-full wp-image-3253\" src=\"http:\/\/holdinginvestimentos.com\/wp-content\/uploads\/2017\/06\/logo_holding-sports.png\" alt=\"\" width=\"250\" srcset=\"https:\/\/holdinginvestimentos.com\/wp-content\/uploads\/2017\/06\/logo_holding-sports.png 300w, https:\/\/holdinginvestimentos.com\/wp-content\/uploads\/2017\/06\/logo_holding-sports-150x118.png 150w\" sizes=\"(max-width: 300px) 100vw, 300px\" \/><\/a>[\/vc_column_text][vc_column_text css_animation=&#8221;none&#8221;]<\/p>\n<div><iframe style=\"background-color: #ffffff;\" src=\"https:\/\/feed.mikle.com\/widget\/v2\/22283\/\" width=\"300\" height=\"440\" data-mce-fragment=\"1\"><\/iframe><\/div>\n<p>[\/vc_column_text][vc_empty_space height=&#8221;60px&#8221;][\/vc_column_inner][\/vc_row_inner][\/vc_column][\/vc_row]<\/p>\n","protected":false},"excerpt":{"rendered":"<p>[vc_row css=&#8221;.vc_custom_1716659358856{margin-top: 40px !important;}&#8221;][vc_column width=&#8221;1\/3&#8243;][\/vc_column][vc_column width=&#8221;1\/3&#8243;][vc_column_text][\/vc_column_text][\/vc_column][vc_column width=&#8221;1\/3&#8243;][\/vc_column][\/vc_row][vc_row][vc_column][vc_empty_space height=&#8221;80px&#8221;][vc_column_text] CONSULTORIA INTERNACIONAL DE INVESTIMENTOS [\/vc_column_text][vc_empty_space height=&#8221;30px&#8221;][\/vc_column][\/vc_row][vc_row full_width=&#8221;stretch_row&#8221;][vc_column][vc_row_inner][vc_column_inner][vc_column_text] Holding Investimentos \u00e9 uma Consultoria de Investimentos e uma das principais empresas do Grupo Holding. Com mais de 33 anos de experi\u00eancia, auxilia empresas que desejam se expandir e se estabelecer em diferentes mercados. Mant\u00e9m excelentes rela\u00e7\u00f5es em diversos setores [&hellip;]<\/p>\n","protected":false},"author":2,"featured_media":0,"parent":0,"menu_order":0,"comment_status":"closed","ping_status":"closed","template":"template\/template-homepage.php","meta":{"footnotes":""},"class_list":["post-8010","page","type-page","status-publish","hentry"],"_links":{"self":[{"href":"https:\/\/holdinginvestimentos.com\/pt-br\/wp-json\/wp\/v2\/pages\/8010\/"}],"collection":[{"href":"https:\/\/holdinginvestimentos.com\/pt-br\/wp-json\/wp\/v2\/pages\/"}],"about":[{"href":"https:\/\/holdinginvestimentos.com\/pt-br\/wp-json\/wp\/v2\/types\/page\/"}],"author":[{"embeddable":true,"href":"https:\/\/holdinginvestimentos.com\/pt-br\/wp-json\/wp\/v2\/users\/2\/"}],"replies":[{"embeddable":true,"href":"https:\/\/holdinginvestimentos.com\/pt-br\/wp-json\/wp\/v2\/comments\/?post=8010"}],"version-history":[{"count":8,"href":"https:\/\/holdinginvestimentos.com\/pt-br\/wp-json\/wp\/v2\/pages\/8010\/revisions\/"}],"predecessor-version":[{"id":17664,"href":"https:\/\/holdinginvestimentos.com\/pt-br\/wp-json\/wp\/v2\/pages\/8010\/revisions\/17664\/"}],"wp:attachment":[{"href":"https:\/\/holdinginvestimentos.com\/pt-br\/wp-json\/wp\/v2\/media\/?parent=8010"}],"curies":[{"name":"wp","href":"https:\/\/api.w.org\/{rel}","templated":true}]}}